{"id":230,"date":"2024-10-09T18:58:44","date_gmt":"2024-10-09T18:58:44","guid":{"rendered":"https:\/\/tiketvisa.com\/?page_id=230"},"modified":"2024-10-11T10:08:16","modified_gmt":"2024-10-11T10:08:16","slug":"terminos-y-condiciones","status":"publish","type":"page","link":"https:\/\/tiketvisa.com\/es\/terms-conditions\/","title":{"rendered":"T\u00e9rminos y condiciones"},"content":{"rendered":"<div data-elementor-type=\"wp-page\" data-elementor-id=\"230\" class=\"elementor elementor-230\" data-elementor-post-type=\"page\">\n\t\t\t\t<div class=\"elementor-element elementor-element-c3b796d e-flex e-con-boxed e-con e-parent\" data-id=\"c3b796d\" data-element_type=\"container\" data-e-type=\"container\">\n\t\t\t\t\t<div class=\"e-con-inner\">\n\t\t\t\t<div class=\"elementor-element elementor-element-c8a835c elementor-widget__width-initial elementor-widget elementor-widget-heading\" data-id=\"c8a835c\" data-element_type=\"widget\" data-e-type=\"widget\" data-widget_type=\"heading.default\">\n\t\t\t\t<div class=\"elementor-widget-container\">\n\t\t\t\t\t<h2 class=\"elementor-heading-title elementor-size-default\">T\u00e9rminos y condiciones<\/h2>\t\t\t\t<\/div>\n\t\t\t\t<\/div>\n\t\t<div class=\"elementor-element elementor-element-756636f e-con-full e-flex e-con e-child\" data-id=\"756636f\" data-element_type=\"container\" data-e-type=\"container\">\n\t\t\t\t<div class=\"elementor-element elementor-element-7af26f8 elementor-widget elementor-widget-text-editor\" data-id=\"7af26f8\" data-element_type=\"widget\" data-e-type=\"widget\" data-widget_type=\"text-editor.default\">\n\t\t\t\t<div class=\"elementor-widget-container\">\n\t\t\t\t\t\t\t\t\t<p><strong>Fecha de vigencia:<\/strong> 10.10.2024<\/p><p>Estos T\u00e9rminos y Condiciones (\u201cT\u00e9rminos\u201d) rigen el uso que usted hace del sitio web TiketVisa.com (\u201cSitio\u201d) y de los servicios que brinda TiketVisa.com (\u201cnosotros\u201d, \u201cnos\u201d o \u201cnuestro\u201d). Al acceder o utilizar nuestro Sitio, usted acepta estar sujeto a estos T\u00e9rminos. Si no acepta estos T\u00e9rminos, no utilice nuestro Sitio.<\/p><p><strong>1. Servicios ofrecidos<\/strong><\/p><p>TiketVisa.com ofrece a los usuarios la posibilidad de buscar, reservar y gestionar reservas de hotel y billetes de avi\u00f3n a precios fijos. Todas las reservas est\u00e1n sujetas a disponibilidad.<\/p><p><strong>2. Cuentas de usuario<\/strong><\/p><p>Para acceder a determinadas funciones de nuestro Sitio, es posible que se le solicite que cree una cuenta. Usted acepta proporcionar informaci\u00f3n precisa, actual y completa durante el proceso de registro y actualizar dicha informaci\u00f3n para mantenerla precisa, actual y completa. Usted es responsable de mantener la confidencialidad de la informaci\u00f3n de su cuenta y de todas las actividades que se realicen en su cuenta.<\/p><p><strong>3. Condiciones de pago<\/strong><\/p><p>Todos los pagos de reservas de hotel y billetes de avi\u00f3n deben realizarse a trav\u00e9s de nuestros m\u00e9todos de pago aceptados, incluidos Stripe, Apple Pay, Google Pay, las principales tarjetas de cr\u00e9dito, Alipay y WeChat Pay. Al proporcionar informaci\u00f3n de pago, declara que tiene el derecho legal de utilizar el m\u00e9todo de pago que designe.<\/p><p><strong>4. Confirmaci\u00f3n de la reserva<\/strong><\/p><p>Una vez que haya completado con \u00e9xito su reserva, recibir\u00e1 un correo electr\u00f3nico de confirmaci\u00f3n con los detalles de la misma. Es su responsabilidad revisar esta confirmaci\u00f3n detenidamente y comunicarse con nosotros de inmediato si encuentra alguna discrepancia.<\/p><p><strong>5. Cancelaciones y reembolsos<\/strong><\/p><p>Las pol\u00edticas de cancelaci\u00f3n var\u00edan seg\u00fan el hotel o la aerol\u00ednea. Consulta los t\u00e9rminos espec\u00edficos que se proporcionan al momento de realizar la reserva para conocer las pol\u00edticas de cancelaci\u00f3n y reembolso. Al realizar una reserva, aceptas cumplir con estas pol\u00edticas.<\/p><p><strong>6. Obligaciones del Usuario<\/strong><\/p><p>Usted acepta no:<\/p><ul class=\"marker:text-textOff list-disc pl-8\"><li>Utilizar el Sitio para cualquier prop\u00f3sito ilegal o no autorizado.<\/li><li>Interferir o interrumpir la seguridad o integridad de nuestro Sitio.<\/li><li>Intentar obtener acceso no autorizado a cualquier parte de nuestro Sitio o a cualquier otro sistema o red conectada a nuestro Sitio.<\/li><\/ul><p><strong><br \/>7. Propiedad intelectual<\/strong><\/p><p>Todo el contenido de TiketVisa.com, incluidos textos, gr\u00e1ficos, logotipos, im\u00e1genes y software, es propiedad de TiketVisa.com o sus licenciantes y est\u00e1 protegido por las leyes de propiedad intelectual y derechos de autor aplicables. No puede reproducir, distribuir, modificar ni crear trabajos derivados de ning\u00fan contenido sin nuestro permiso expreso por escrito.<\/p><p><strong>8. Limitaci\u00f3n de responsabilidad<\/strong><\/p><p>En la medida m\u00e1xima permitida por la ley, TiketVisa.com no ser\u00e1 responsable de ning\u00fan da\u00f1o indirecto, incidental, especial, consecuente o punitivo que surja de su uso de nuestro Sitio o nuestros servicios. Nuestra responsabilidad total por cualquier reclamo que surja de estos T\u00e9rminos no exceder\u00e1 el monto pagado por usted por los servicios que dieron lugar a dichos reclamos.<\/p><p><strong>9. Indemnizaci\u00f3n<\/strong><\/p><p>Usted acepta indemnizar y eximir de responsabilidad a TiketVisa.com y sus afiliados de cualquier reclamo, p\u00e9rdida, responsabilidad, da\u00f1o, costo o gasto (incluidos los honorarios razonables de abogados) que surjan de su uso de nuestro Sitio o de la violaci\u00f3n de estos T\u00e9rminos.<\/p><p><strong>10. Cambios a estos T\u00e9rminos<\/strong><\/p><p>Nos reservamos el derecho de modificar estos T\u00e9rminos en cualquier momento. Cualquier cambio entrar\u00e1 en vigor inmediatamente despu\u00e9s de su publicaci\u00f3n en esta p\u00e1gina con una fecha de entrada en vigor actualizada. Su uso continuo de nuestro Sitio despu\u00e9s de cualquier modificaci\u00f3n constituye la aceptaci\u00f3n de dichos cambios.<\/p><p><strong>11. Ley aplicable<\/strong><\/p><p>Estos T\u00e9rminos se regir\u00e1n e interpretar\u00e1n de conformidad con las leyes de Kentucky, EE. UU., sin tener en cuenta sus principios de conflicto de leyes.<\/p><p><strong>12. Cont\u00e1ctenos<\/strong><\/p><p>Si tiene alguna pregunta sobre estos T\u00e9rminos o nuestros servicios, cont\u00e1ctenos a:<\/p><p>Correo electr\u00f3nico: <a href=\"mailto:hi@tiketvisa.com\"><span style=\"color: #009fe3;\">hi@tiketvisa.com<\/span><\/a><\/p><p>Al utilizar TiketVisa.com, usted reconoce que ha le\u00eddo y comprendido estos T\u00e9rminos y acepta estar sujeto a ellos.<\/p>\t\t\t\t\t\t\t\t<\/div>\n\t\t\t\t<\/div>\n\t\t\t\t<\/div>\n\t\t\t\t\t<\/div>\n\t\t\t\t<\/div>\n\t\t\t\t<\/div>","protected":false},"excerpt":{"rendered":"<p>Terms &amp; Conditions Effective Date: 10.10.2024 These Terms and Conditions (&#8220;Terms&#8221;) govern your use of the TiketVisa.com website (&#8220;Site&#8221;) and the services provided by TiketVisa.com (&#8220;we,&#8221; &#8220;us,&#8221; or &#8220;our&#8221;). By accessing or using our Site, you agree to be bound by these Terms. If you do not agree to these Terms, please do not use [&hellip;]<\/p>\n","protected":false},"author":1,"featured_media":0,"parent":0,"menu_order":0,"comment_status":"closed","ping_status":"closed","template":"","meta":{"footnotes":""},"class_list":["post-230","page","type-page","status-publish","hentry"],"_links":{"self":[{"href":"https:\/\/tiketvisa.com\/es\/wp-json\/wp\/v2\/pages\/230","targetHints":{"allow":["GET"]}}],"collection":[{"href":"https:\/\/tiketvisa.com\/es\/wp-json\/wp\/v2\/pages"}],"about":[{"href":"https:\/\/tiketvisa.com\/es\/wp-json\/wp\/v2\/types\/page"}],"author":[{"embeddable":true,"href":"https:\/\/tiketvisa.com\/es\/wp-json\/wp\/v2\/users\/1"}],"replies":[{"embeddable":true,"href":"https:\/\/tiketvisa.com\/es\/wp-json\/wp\/v2\/comments?post=230"}],"version-history":[{"count":0,"href":"https:\/\/tiketvisa.com\/es\/wp-json\/wp\/v2\/pages\/230\/revisions"}],"wp:attachment":[{"href":"https:\/\/tiketvisa.com\/es\/wp-json\/wp\/v2\/media?parent=230"}],"curies":[{"name":"Gracias","href":"https:\/\/api.w.org\/{rel}","templated":true}]}}