{"id":232,"date":"2024-10-09T18:59:08","date_gmt":"2024-10-09T18:59:08","guid":{"rendered":"https:\/\/tiketvisa.com\/?page_id=232"},"modified":"2024-10-11T10:08:11","modified_gmt":"2024-10-11T10:08:11","slug":"politica-de-privacidad","status":"publish","type":"page","link":"https:\/\/tiketvisa.com\/es\/privacy-policy\/","title":{"rendered":"pol\u00edtica de privacidad"},"content":{"rendered":"<div data-elementor-type=\"wp-page\" data-elementor-id=\"232\" class=\"elementor elementor-232\" data-elementor-post-type=\"page\">\n\t\t\t\t<div class=\"elementor-element elementor-element-c03a8ed e-flex e-con-boxed e-con e-parent\" data-id=\"c03a8ed\" data-element_type=\"container\" data-e-type=\"container\">\n\t\t\t\t\t<div class=\"e-con-inner\">\n\t\t\t\t<div class=\"elementor-element elementor-element-f419663 elementor-widget__width-initial elementor-widget elementor-widget-heading\" data-id=\"f419663\" data-element_type=\"widget\" data-e-type=\"widget\" data-widget_type=\"heading.default\">\n\t\t\t\t<div class=\"elementor-widget-container\">\n\t\t\t\t\t<h2 class=\"elementor-heading-title elementor-size-default\">pol\u00edtica de privacidad<\/h2>\t\t\t\t<\/div>\n\t\t\t\t<\/div>\n\t\t<div class=\"elementor-element elementor-element-b19741a e-con-full e-flex e-con e-child\" data-id=\"b19741a\" data-element_type=\"container\" data-e-type=\"container\">\n\t\t\t\t<div class=\"elementor-element elementor-element-8fc6e8b elementor-widget elementor-widget-text-editor\" data-id=\"8fc6e8b\" data-element_type=\"widget\" data-e-type=\"widget\" data-widget_type=\"text-editor.default\">\n\t\t\t\t<div class=\"elementor-widget-container\">\n\t\t\t\t\t\t\t\t\t<p><strong>Fecha de vigencia: <\/strong>10.10.2024<\/p><p>TiketVisa.com (\u201cnosotros\u201d, \u201cnos\u201d o \u201cnuestro\u201d) se dedica a proteger su privacidad. Esta Pol\u00edtica de privacidad explica c\u00f3mo recopilamos, usamos, divulgamos y protegemos su informaci\u00f3n cuando visita nuestro sitio web y utiliza nuestros servicios para reservas de hoteles y billetes de avi\u00f3n.<\/p><p><strong>Informaci\u00f3n que recopilamos<\/strong><\/p><p>Podemos recopilar los siguientes tipos de informaci\u00f3n:<\/p><ul class=\"marker:text-textOff list-disc pl-8\"><li><strong>Informaci\u00f3n personal:<\/strong>\u00a0Esto incluye su nombre, direcci\u00f3n de correo electr\u00f3nico, n\u00famero de tel\u00e9fono e informaci\u00f3n de pago cuando crea una cuenta, hace una reserva o se comunica con nosotros.<\/li><li><strong>Informaci\u00f3n de reserva:<\/strong>\u00a0Detalles relacionados con sus reservas, como fechas de viaje, preferencias de hotel y solicitudes especiales.<\/li><li><strong>Informaci\u00f3n de pago:<\/strong>\u00a0Aceptamos pagos a trav\u00e9s de varios m\u00e9todos, incluidos Stripe, Apple Pay, Google Pay, las principales tarjetas de cr\u00e9dito, Alipay y WeChat Pay. Nuestros procesadores de pagos procesan la informaci\u00f3n de pago de forma segura.<\/li><li><strong>Datos de uso:<\/strong>\u00a0Informaci\u00f3n sobre c\u00f3mo utiliza nuestro sitio web, incluida la direcci\u00f3n IP, el tipo de navegador, las p\u00e1ginas visitadas y el tiempo que pasa en nuestro sitio.<\/li><\/ul><p><strong><br \/>C\u00f3mo utilizamos su informaci\u00f3n<\/strong><\/p><p>Utilizamos la informaci\u00f3n que recopilamos para diversos fines:<\/p><ul class=\"marker:text-textOff list-disc pl-8\"><li>Para procesar y confirmar sus reservas de hoteles y vuelos.<\/li><li>Para comunicarnos con usted con respecto a sus reservas y brindarle asistencia al cliente.<\/li><li>Para mejorar nuestro sitio web y nuestros servicios en funci\u00f3n de los comentarios de los usuarios y los patrones de uso.<\/li><li>Para enviarle materiales promocionales y actualizaciones sobre nuestros servicios (puede optar por no participar en cualquier momento).<\/li><\/ul><p><strong><br \/>Tecnolog\u00edas de seguimiento<\/strong><\/p><p>Utilizamos diversas tecnolog\u00edas de seguimiento para mejorar nuestros esfuerzos publicitarios:<\/p><p><strong>P\u00edxeles:<\/strong> Utilizamos p\u00edxeles de seguimiento como<\/p><ul><li>Administrador de etiquetas de Google,<\/li><li>Google Anal\u00edtico,<\/li><li>Metap\u00edxel,<\/li><li>P\u00edxel de TikTok,<\/li><li>P\u00edxel de Snapchat,<\/li><li>Etiqueta de Pinterest,<\/li><li>Claridad de Microsoft<\/li><\/ul><p>Para realizar el seguimiento de nuestros anuncios y realizar retargeting. Estas herramientas nos ayudan a analizar el comportamiento de los usuarios y a mejorar nuestras estrategias de marketing.<\/p><p><strong>Divulgaci\u00f3n de su informaci\u00f3n<\/strong><\/p><p>Podemos compartir su informaci\u00f3n en las siguientes situaciones:<\/p><ul class=\"marker:text-textOff list-disc pl-8\"><li><strong>Proveedores de servicios:<\/strong>\u00a0Empleamos empresas e individuos de terceros para facilitar nuestros servicios (por ejemplo, procesadores de pagos) que tienen acceso a su informaci\u00f3n personal \u00fanicamente para realizar tareas en nuestro nombre.<\/li><li><strong>Requisitos legales:<\/strong>\u00a0Podemos divulgar su informaci\u00f3n si lo requiere la ley o en respuesta a solicitudes v\u00e1lidas de las autoridades p\u00fablicas.<\/li><li><strong>Transferencias de Negocios:<\/strong>\u00a0En caso de una fusi\u00f3n, adquisici\u00f3n o venta de activos, sus datos personales pueden transferirse como parte de esa transacci\u00f3n.<\/li><\/ul><p><strong><br \/>Seguridad de datos<\/strong><\/p><p>Nos tomamos muy en serio la seguridad de su informaci\u00f3n personal. Implementamos medidas t\u00e9cnicas y organizativas adecuadas para proteger sus datos contra accesos no autorizados, p\u00e9rdida o uso indebido. Sin embargo, tenga en cuenta que ning\u00fan m\u00e9todo de transmisi\u00f3n a trav\u00e9s de Internet o almacenamiento electr\u00f3nico es seguro.<\/p><p><strong>Sus derechos<\/strong><\/p><p>Tienes derecho a:<\/p><ul class=\"marker:text-textOff list-disc pl-8\"><li>Acceda a la informaci\u00f3n personal que tenemos sobre usted.<\/li><li>Solicitar la correcci\u00f3n de cualquier dato inexacto.<\/li><li>Solicitar la eliminaci\u00f3n de sus datos personales bajo determinadas condiciones.<\/li><li>Retirar el consentimiento para que procesemos sus datos cuando nos basamos en el consentimiento.<\/li><\/ul><p>Para ejercer estos derechos, cont\u00e1ctenos utilizando la informaci\u00f3n de contacto que se proporciona a continuaci\u00f3n.<\/p><p><strong>Galletas<\/strong><\/p><p>Nuestro sitio web utiliza cookies para mejorar la experiencia del usuario. Las cookies son peque\u00f1os archivos que se almacenan en su dispositivo y que nos ayudan a mejorar nuestros servicios. Puede optar por aceptar o rechazar las cookies a trav\u00e9s de la configuraci\u00f3n de su navegador. Sin embargo, rechazar las cookies puede afectar la funcionalidad de nuestro sitio web.<\/p><p><strong>Pol\u00edtica de reembolso<\/strong><\/p><p>Tenga en cuenta que todas las reservas realizadas a trav\u00e9s de TiketVisa no son reembolsables. Para obtener m\u00e1s detalles, consulte nuestra <span style=\"color: #009fe3;\"><a style=\"color: #009fe3;\" href=\"https:\/\/tiketvisa.com\/es\/politica-de-reembolso\/\" data-wplink-url-error=\"true\">Pol\u00edtica de reembolso<\/a>.<\/span><\/p><p><strong>Cambios a esta Pol\u00edtica de Privacidad<\/strong><\/p><p>Es posible que actualicemos nuestra Pol\u00edtica de privacidad de vez en cuando. Cualquier cambio se publicar\u00e1 en esta p\u00e1gina con una fecha de entrada en vigor actualizada. Le recomendamos que revise esta Pol\u00edtica de privacidad peri\u00f3dicamente para conocer los cambios.<\/p><p><strong>Cont\u00e1ctenos<\/strong><\/p><p>Si tiene alguna pregunta sobre esta Pol\u00edtica de privacidad o nuestras pr\u00e1cticas con respecto a su informaci\u00f3n personal, cont\u00e1ctenos a:<\/p><p>Correo electr\u00f3nico: <span style=\"color: #009fe3;\"><a style=\"color: #009fe3;\" href=\"mailto:hi@tiketvisa.com\">hi@tiketvisa.com<\/a><\/span><\/p><p>Al utilizar TiketVisa.com, usted acepta los t\u00e9rminos descritos en este <span style=\"color: #009fe3;\"><a style=\"color: #009fe3;\" href=\"https:\/\/tiketvisa.com\/es\/politica-de-privacidad\/\" data-wplink-url-error=\"true\">pol\u00edtica de privacidad<\/a><\/span>.<\/p>\t\t\t\t\t\t\t\t<\/div>\n\t\t\t\t<\/div>\n\t\t\t\t<\/div>\n\t\t\t\t\t<\/div>\n\t\t\t\t<\/div>\n\t\t\t\t<\/div>","protected":false},"excerpt":{"rendered":"<p>Privacy Policy Effective Date: 10.10.2024 TiketVisa.com (&#8220;we,&#8221; &#8220;us,&#8221; or &#8220;our&#8221;) is dedicated to safeguarding your privacy. This Privacy Policy explains how we collect, use, disclose, and protect your information when you visit our website and utilize our services for hotel reservations and flight ticket bookings. Information We Collect We may collect the following types of [&hellip;]<\/p>\n","protected":false},"author":1,"featured_media":0,"parent":0,"menu_order":0,"comment_status":"closed","ping_status":"closed","template":"","meta":{"footnotes":""},"class_list":["post-232","page","type-page","status-publish","hentry"],"_links":{"self":[{"href":"https:\/\/tiketvisa.com\/es\/wp-json\/wp\/v2\/pages\/232","targetHints":{"allow":["GET"]}}],"collection":[{"href":"https:\/\/tiketvisa.com\/es\/wp-json\/wp\/v2\/pages"}],"about":[{"href":"https:\/\/tiketvisa.com\/es\/wp-json\/wp\/v2\/types\/page"}],"author":[{"embeddable":true,"href":"https:\/\/tiketvisa.com\/es\/wp-json\/wp\/v2\/users\/1"}],"replies":[{"embeddable":true,"href":"https:\/\/tiketvisa.com\/es\/wp-json\/wp\/v2\/comments?post=232"}],"version-history":[{"count":0,"href":"https:\/\/tiketvisa.com\/es\/wp-json\/wp\/v2\/pages\/232\/revisions"}],"wp:attachment":[{"href":"https:\/\/tiketvisa.com\/es\/wp-json\/wp\/v2\/media?parent=232"}],"curies":[{"name":"Gracias","href":"https:\/\/api.w.org\/{rel}","templated":true}]}}