{"id":238,"date":"2024-10-09T19:00:39","date_gmt":"2024-10-09T19:00:39","guid":{"rendered":"https:\/\/tiketvisa.com\/?page_id=238"},"modified":"2026-03-07T17:10:19","modified_gmt":"2026-03-07T17:10:19","slug":"preguntas-frecuentes","status":"publish","type":"page","link":"https:\/\/tiketvisa.com\/es\/faq\/","title":{"rendered":"FAQ"},"content":{"rendered":"<div data-elementor-type=\"wp-page\" data-elementor-id=\"238\" class=\"elementor elementor-238\" data-elementor-post-type=\"page\">\n\t\t\t\t<div class=\"elementor-element elementor-element-4dbe50a e-flex e-con-boxed e-con e-parent\" data-id=\"4dbe50a\" data-element_type=\"container\" data-e-type=\"container\">\n\t\t\t\t\t<div class=\"e-con-inner\">\n\t\t<div class=\"elementor-element elementor-element-df26f20 e-con-full e-flex e-con e-child\" data-id=\"df26f20\" data-element_type=\"container\" data-e-type=\"container\">\n\t\t\t\t<div class=\"elementor-element elementor-element-32ed5f5 elementor-widget elementor-widget-heading\" data-id=\"32ed5f5\" data-element_type=\"widget\" data-e-type=\"widget\" data-widget_type=\"heading.default\">\n\t\t\t\t<div class=\"elementor-widget-container\">\n\t\t\t\t\t<h2 class=\"elementor-heading-title elementor-size-default\">Preguntas Frecuentes<\/h2>\t\t\t\t<\/div>\n\t\t\t\t<\/div>\n\t\t\t\t<div class=\"elementor-element elementor-element-8cb7328 elementor-widget elementor-widget-text-editor\" data-id=\"8cb7328\" data-element_type=\"widget\" data-e-type=\"widget\" data-widget_type=\"text-editor.default\">\n\t\t\t\t<div class=\"elementor-widget-container\">\n\t\t\t\t\t\t\t\t\t<p><strong>1. \u00bfQu\u00e9 es TiketVisa?<\/strong><\/p><p>TiketVisa ofrece un servicio que permite realizar reservas de vuelos y hoteles. Todas las reservas de vuelos se realizan a trav\u00e9s de una agencia de viajes registrada y cuentan con un c\u00f3digo PNR (registro de nombre de pasajero) que se puede verificar en los sitios web de las principales aerol\u00edneas.<\/p><p><strong>2. \u00bfPor qu\u00e9 deber\u00eda utilizar TiketVisa?<\/strong><\/p><p><strong>- R\u00e1pido:<\/strong> \u00a1Reciba una reserva de vuelo v\u00e1lida y reservas de hotel seg\u00fan la compa\u00f1\u00eda a\u00e9rea en menos de 5 minutos!<\/p><p><strong>- F\u00e1cil:<\/strong> Hicimos el proceso lo m\u00e1s simple posible.<\/p><p><strong>- Real:<\/strong> Realizamos una reserva de vuelo real 100%. Puede comprobar la validez de su reserva de vuelo en los sitios web de las principales aerol\u00edneas.<\/p><p><strong>- Barato: <\/strong>Si compra billetes o reservas de hotel directamente a trav\u00e9s de terceros o de sitios web de aerol\u00edneas u hoteles, deber\u00e1 abonar el importe total por adelantado. Sin embargo, si reserva a trav\u00e9s de nosotros, podemos realizar reservas por usted a partir de tan solo $9.<\/p><p><strong>3. \u00bfQu\u00e9 recibir\u00e9?<\/strong><\/p><p>Recibir\u00e1 un documento PDF que incluye un itinerario de vuelo para la ruta seleccionada y un c\u00f3digo PNR que confirma su reserva. <em><span style=\"color: #009fe3;\"><a style=\"color: #009fe3;\" href=\"https:\/\/tiketvisa.com\/wp-content\/uploads\/2025\/09\/TiketVisa_Ticket_Template.pdf\">Ver ejemplo PDF<\/a><\/span><\/em><\/p><p><strong>4. \u00bfC\u00f3mo se ve el c\u00f3digo PNR?<\/strong><\/p><p>No existe un formato universal para los c\u00f3digos de registro de nombres de pasajeros (PNR), por lo que la cantidad de caracteres y datos puede variar seg\u00fan el sistema. Por ejemplo, un c\u00f3digo de reserva de vuelo suele estar compuesto por 6 n\u00fameros y letras (<em>162J24<\/em>) o 8 d\u00edgitos de n\u00fameros solamente, pero el formato puede variar.<\/p><p><strong>5. \u00bfCu\u00e1nto tiempo es v\u00e1lida la reserva del vuelo?<\/strong><\/p><p>It depends on the airline. Our flight reservations are usually valid for 48 hours after you receive the PDF reservation.<\/p><p><strong>6. \u00bfPueden cambiar los detalles de mi reserva de vuelo?<\/strong><\/p><p>No, nuestra web realiza la reserva al instante, por lo que despu\u00e9s de realizar el pedido no se podr\u00e1 cambiar nada. Si necesitas realizar alg\u00fan cambio, tendr\u00e1s que hacer una nueva reserva.<\/p><p><strong>7. \u00bfEs posible seleccionar el vuelo que se reservar\u00e1?<\/strong><\/p><p>No por el momento.<\/p><p><strong>8. \u00bfTengo que cancelar el vuelo?<\/strong><\/p><p>No, las reservas se cancelar\u00e1n autom\u00e1ticamente 48 horas despu\u00e9s de recibir tu boleto.<\/p><p><strong>8. \u00bfRecibo un n\u00famero de billete electr\u00f3nico?<\/strong><\/p><p>No, el n\u00famero de billete electr\u00f3nico no est\u00e1 incluido en la reserva. Si necesita un n\u00famero de billete electr\u00f3nico, deber\u00e1 comprar el billete completo.<\/p><p><strong>10. \u00bfPago el precio total del vuelo?<\/strong><\/p><p>No, se trata de una simple reserva de vuelo, por lo que no deber\u00e1 pagar el precio total del vuelo. Solo deber\u00e1 abonar la tarifa de reserva del vuelo.<\/p><p><strong>11. \u00bfPuedo utilizar mi reserva de vuelo para volar?<\/strong><\/p><p>No, esta es s\u00f3lo una reserva de vuelo.<\/p><p><strong>12. \u00bfPuedo reservar vuelos a cualquier destino del mundo a trav\u00e9s de Tiketvisa? <br \/><\/strong><\/p><p>Puede reservar vuelos a los principales aeropuertos internacionales de todo el mundo. Nos centramos en listar aeropuertos que ofrecen una amplia conectividad global, proporcionando vuelos a destinos en casi todas partes.<\/p><p><em>Tenga en cuenta que, debido a las actuales condiciones geopol\u00edticas, estamos temporalmente <strong>incapaz<\/strong> para ofrecer reservas de vuelos a los siguientes destinos:<\/em><\/p><ul><li><em>Mosc\u00fa (Rusia)<\/em><\/li><li><em>Minsk (Bielorrusia)<\/em><\/li><li><em>Pyongyang (Corea del Norte)<\/em><\/li><li><em>La Habana (Cuba)<\/em><\/li><li><em>Kiev (Ucrania)<\/em><\/li><\/ul><p><strong><br \/>13. 13. \u00bfPuedo reservar hoteles en cualquier ciudad del mundo?<br \/><\/strong><\/p><p>S\u00ed, puedes reservar hoteles a trav\u00e9s de Tiketvisa, pero nosotros nos centramos en <b>capitales y otras grandes ciudades<\/b>.<\/p><p><em>Tenga en cuenta que, debido a las actuales condiciones geopol\u00edticas, estamos temporalmente <strong>incapaz<\/strong> para facilitar reservas de hotel en las siguientes ciudades:<\/em><\/p><ul><li><em>Mosc\u00fa (Rusia)<\/em><\/li><li><em>Pyongyang (Corea del Norte)<\/em><\/li><li><em>Kabul (Afganist\u00e1n)<\/em><\/li><li><em>Juba (Sud\u00e1n del Sur)<\/em><\/li><li><em>La Habana (Cuba)<\/em><\/li><li><em>Tehran (Iran)<\/em><\/li><li><em>Asmara (Eritrea)<\/em><\/li><\/ul><p><b>14. He intentado comprobar mi PNR en el sitio web de la compa\u00f1\u00eda a\u00e9rea, pero dice que no se puede verificar. \u00bfEst\u00e1 confirmada mi reserva?<\/b><\/p><p>S\u00ed, tu reserva est\u00e1 confirmada. Este es un procedimiento normal en muchas aerol\u00edneas de bajo coste (como AirAsia, Vietjet, RyanAir, Batik Air, Malindo, Lion air, etc.). Sus sistemas en l\u00ednea no suelen coincidir con las reservas realizadas a trav\u00e9s de agencias de viajes.<\/p><p><strong><br \/>15. \u00bfQu\u00e9 puedo hacer si no he recibido mi reserva?<\/strong><\/p><p>Simplemente env\u00edenos un correo electr\u00f3nico <span style=\"color: #009fe3;\"><a style=\"color: #009fe3;\" href=\"mailto:hi@tiketvisa.com\"><em>hi@tiketvisa.com<\/em><\/a><\/span> o cont\u00e1ctanos a trav\u00e9s de Instagram <span style=\"color: #009fe3;\"><a style=\"color: #009fe3;\" href=\"https:\/\/instagram.com\/tiketvisa\" target=\"_blank\" rel=\"noopener\">@tiketvisa<\/a><\/span> Para una respuesta m\u00e1s r\u00e1pida.<\/p>\t\t\t\t\t\t\t\t<\/div>\n\t\t\t\t<\/div>\n\t\t\t\t<div class=\"elementor-element elementor-element-995f48e elementor-widget elementor-widget-heading\" data-id=\"995f48e\" data-element_type=\"widget\" data-e-type=\"widget\" data-widget_type=\"heading.default\">\n\t\t\t\t<div class=\"elementor-widget-container\">\n\t\t\t\t\t<h2 class=\"elementor-heading-title elementor-size-default\">Preguntas frecuentes sobre el programa de afiliados<\/h2>\t\t\t\t<\/div>\n\t\t\t\t<\/div>\n\t\t\t\t<div class=\"elementor-element elementor-element-1854067 elementor-widget elementor-widget-text-editor\" data-id=\"1854067\" data-element_type=\"widget\" data-e-type=\"widget\" data-widget_type=\"text-editor.default\">\n\t\t\t\t<div class=\"elementor-widget-container\">\n\t\t\t\t\t\t\t\t\t<p><strong>1. \u00bfQu\u00e9 es el Programa de Afiliados de Tiketvisa.com?<\/strong><br \/>El Programa de Afiliados de Tiketvisa.com permite a los usuarios ganar comisiones promocionando los servicios de reserva de vuelos y hoteles de TiketVisa a trav\u00e9s de enlaces de afiliados. La inscripci\u00f3n es gratuita y los afiliados ganan una comisi\u00f3n de 10% por cada compra realizada a trav\u00e9s de sus enlaces.<\/p><p><strong>2. \u00bfC\u00f3mo puedo unirme al Programa de Afiliados de Tiketvisa.com?<\/strong><br \/>Simplemente reg\u00edstrese gratuitamente en <span style=\"color: #009fe3;\"><a style=\"color: #009fe3;\" href=\"https:\/\/affiliate.tiketvisa.com\">https:\/\/affiliate.tiketvisa.com<\/a><\/span>Una vez registrado, recibir\u00e1s dos enlaces de afiliado: uno para vuelos y otro para hoteles.<\/p><p><strong>3. \u00bfC\u00f3mo puedo utilizar mis enlaces de afiliado?<\/strong><br \/>Puede compartir sus enlaces de afiliado en las redes sociales, su blog, correo electr\u00f3nico o cualquier otra plataforma. Sin embargo, abst\u00e9ngase de realizar actividades de spam y evite compartir en sitios inapropiados, como sitios web de contenido para adultos. Cualquier actividad de spam detectada puede dar lugar a la prohibici\u00f3n de su cuenta de afiliado.<\/p><p><strong>4. \u00bfCu\u00e1nta comisi\u00f3n ganar\u00e9?<\/strong><br \/>Los afiliados ganan una comisi\u00f3n de 10% por cada compra realizada a trav\u00e9s de sus enlaces de afiliados.<\/p><p><strong>5. \u00bfCu\u00e1ndo me notificar\u00e1n mis ganancias?<\/strong><br \/>Recibir\u00e1s una notificaci\u00f3n por correo electr\u00f3nico cada vez que ganes una comisi\u00f3n. Adem\u00e1s, recibir\u00e1s un correo electr\u00f3nico una vez que el saldo de tu comisi\u00f3n alcance $50.<\/p><p><strong>6. \u00bfCu\u00e1ndo y c\u00f3mo puedo retirar mis ganancias?<\/strong><br \/>Una vez que su saldo alcance $50 o incrementos de $50, puede solicitar un retiro a su cuenta de PayPal.<\/p><p><strong>7. \u00bfQu\u00e9 pasa si no retiro mis ganancias?<\/strong><br \/>Si decide no retirarse, su saldo seguir\u00e1 creciendo en el sistema hasta que decida solicitar un retiro.<\/p><p><strong>8. \u00bfPuedo perder el acceso al programa de afiliados?<\/strong><br \/>S\u00ed. Cualquier actividad de spam o el intercambio de enlaces en plataformas inapropiadas pueden dar lugar a la suspensi\u00f3n de la cuenta. Siga las pautas para mantener su estado de afiliado.<\/p><hr \/><p>Si tiene alguna pregunta o necesita ayuda, no dude en comunicarse con nosotros en <span style=\"color: #009fe3;\"><em><a style=\"color: #009fe3;\" href=\"mailto:affiliate@tiketvisa.com\">affiliate@tiketvisa.com<\/a><\/em><\/span> o a Instagram <span style=\"color: #009fe3;\"><a style=\"color: #009fe3;\" href=\"https:\/\/instagram.com\/tiketvisa\" target=\"_blank\" rel=\"noopener\">@tiketvisa<\/a><\/span> Estamos aqu\u00ed para ayudarle a tener \u00e9xito.<\/p>\t\t\t\t\t\t\t\t<\/div>\n\t\t\t\t<\/div>\n\t\t\t\t<\/div>\n\t\t\t\t\t<\/div>\n\t\t\t\t<\/div>\n\t\t\t\t<\/div>","protected":false},"excerpt":{"rendered":"<p>Frequently Asked Questions 1. What is TiketVisa? TiketVisa provides a service which delivers flight reservations &amp; hotel bookings. All flight bookings made by a registered travel agency that come with a PNR (Passenger Name Record) Code which is verifiable on major airline\u2019s websites. 2. Why shoud I use TiketVisa? \u2013 Fast: Receive a valid flight [&hellip;]<\/p>\n","protected":false},"author":1,"featured_media":0,"parent":0,"menu_order":0,"comment_status":"closed","ping_status":"closed","template":"","meta":{"footnotes":""},"class_list":["post-238","page","type-page","status-publish","hentry"],"_links":{"self":[{"href":"https:\/\/tiketvisa.com\/es\/wp-json\/wp\/v2\/pages\/238","targetHints":{"allow":["GET"]}}],"collection":[{"href":"https:\/\/tiketvisa.com\/es\/wp-json\/wp\/v2\/pages"}],"about":[{"href":"https:\/\/tiketvisa.com\/es\/wp-json\/wp\/v2\/types\/page"}],"author":[{"embeddable":true,"href":"https:\/\/tiketvisa.com\/es\/wp-json\/wp\/v2\/users\/1"}],"replies":[{"embeddable":true,"href":"https:\/\/tiketvisa.com\/es\/wp-json\/wp\/v2\/comments?post=238"}],"version-history":[{"count":0,"href":"https:\/\/tiketvisa.com\/es\/wp-json\/wp\/v2\/pages\/238\/revisions"}],"wp:attachment":[{"href":"https:\/\/tiketvisa.com\/es\/wp-json\/wp\/v2\/media?parent=238"}],"curies":[{"name":"Gracias","href":"https:\/\/api.w.org\/{rel}","templated":true}]}}