{"id":230,"date":"2024-10-09T18:58:44","date_gmt":"2024-10-09T18:58:44","guid":{"rendered":"https:\/\/tiketvisa.com\/?page_id=230"},"modified":"2024-10-11T10:08:16","modified_gmt":"2024-10-11T10:08:16","slug":"conditions-generales","status":"publish","type":"page","link":"https:\/\/tiketvisa.com\/fr\/terms-conditions\/","title":{"rendered":"Conditions g\u00e9n\u00e9rales"},"content":{"rendered":"<div data-elementor-type=\"wp-page\" data-elementor-id=\"230\" class=\"elementor elementor-230\" data-elementor-post-type=\"page\">\n\t\t\t\t<div class=\"elementor-element elementor-element-c3b796d e-flex e-con-boxed e-con e-parent\" data-id=\"c3b796d\" data-element_type=\"container\" data-e-type=\"container\">\n\t\t\t\t\t<div class=\"e-con-inner\">\n\t\t\t\t<div class=\"elementor-element elementor-element-c8a835c elementor-widget__width-initial elementor-widget elementor-widget-heading\" data-id=\"c8a835c\" data-element_type=\"widget\" data-e-type=\"widget\" data-widget_type=\"heading.default\">\n\t\t\t\t<div class=\"elementor-widget-container\">\n\t\t\t\t\t<h2 class=\"elementor-heading-title elementor-size-default\">Conditions g\u00e9n\u00e9rales<\/h2>\t\t\t\t<\/div>\n\t\t\t\t<\/div>\n\t\t<div class=\"elementor-element elementor-element-756636f e-con-full e-flex e-con e-child\" data-id=\"756636f\" data-element_type=\"container\" data-e-type=\"container\">\n\t\t\t\t<div class=\"elementor-element elementor-element-7af26f8 elementor-widget elementor-widget-text-editor\" data-id=\"7af26f8\" data-element_type=\"widget\" data-e-type=\"widget\" data-widget_type=\"text-editor.default\">\n\t\t\t\t<div class=\"elementor-widget-container\">\n\t\t\t\t\t\t\t\t\t<p><strong>Date d&#039;entr\u00e9e en vigueur :<\/strong> 10.10.2024<\/p><p>Les pr\u00e9sentes conditions g\u00e9n\u00e9rales (\u00ab Conditions \u00bb) r\u00e9gissent votre utilisation du site Web TiketVisa.com (\u00ab Site \u00bb) et des services fournis par TiketVisa.com (\u00ab nous \u00bb, \u00ab notre \u00bb ou \u00ab nos \u00bb). En acc\u00e9dant \u00e0 notre site ou en l&#039;utilisant, vous acceptez d&#039;\u00eatre li\u00e9 par ces conditions. Si vous n&#039;acceptez pas ces conditions, veuillez ne pas utiliser notre site.<\/p><p><strong>1. Services offerts<\/strong><\/p><p>TiketVisa.com offre aux utilisateurs la possibilit\u00e9 de rechercher, de r\u00e9server et de g\u00e9rer des r\u00e9servations d&#039;h\u00f4tel et des billets d&#039;avion \u00e0 des prix fixes. Toutes les r\u00e9servations sont soumises \u00e0 disponibilit\u00e9.<\/p><p><strong>2. Comptes d&#039;utilisateurs<\/strong><\/p><p>Pour acc\u00e9der \u00e0 certaines fonctionnalit\u00e9s de notre Site, vous devrez peut-\u00eatre cr\u00e9er un compte. Vous acceptez de fournir des informations exactes, \u00e0 jour et compl\u00e8tes lors du processus d&#039;inscription et de mettre \u00e0 jour ces informations pour qu&#039;elles restent exactes, \u00e0 jour et compl\u00e8tes. Vous \u00eates responsable du maintien de la confidentialit\u00e9 des informations de votre compte et de toutes les activit\u00e9s qui se d\u00e9roulent sous votre compte.<\/p><p><strong>3. Conditions de paiement<\/strong><\/p><p>Tous les paiements pour les r\u00e9servations d&#039;h\u00f4tel et les billets d&#039;avion doivent \u00eatre effectu\u00e9s via nos m\u00e9thodes de paiement accept\u00e9es, notamment Stripe, Apple Pay, Google Pay, les principales cartes de cr\u00e9dit, Alipay et WeChat Pay. En fournissant des informations de paiement, vous d\u00e9clarez avoir le droit l\u00e9gal d&#039;utiliser le mode de paiement que vous d\u00e9signez.<\/p><p><strong>4. Confirmation de r\u00e9servation<\/strong><\/p><p>Une fois votre r\u00e9servation effectu\u00e9e avec succ\u00e8s, vous recevrez un e-mail de confirmation d\u00e9taillant votre r\u00e9servation. Il est de votre responsabilit\u00e9 de v\u00e9rifier attentivement cette confirmation et de nous contacter imm\u00e9diatement si des divergences sont constat\u00e9es.<\/p><p><strong>5. Annulations et remboursements<\/strong><\/p><p>Les conditions d&#039;annulation varient selon l&#039;h\u00f4tel ou la compagnie a\u00e9rienne. Veuillez vous r\u00e9f\u00e9rer aux conditions sp\u00e9cifiques fournies au moment de la r\u00e9servation pour conna\u00eetre les conditions d&#039;annulation et de remboursement. En effectuant une r\u00e9servation, vous acceptez de vous conformer \u00e0 ces conditions.<\/p><p><strong>6. Obligations de l&#039;utilisateur<\/strong><\/p><p>Vous acceptez de ne pas :<\/p><ul class=\"marker:text-textOff list-disc pl-8\"><li>Utiliser le Site \u00e0 des fins ill\u00e9gales ou non autoris\u00e9es.<\/li><li>Interf\u00e9rer avec ou perturber la s\u00e9curit\u00e9 ou l\u2019int\u00e9grit\u00e9 de notre site.<\/li><li>Tenter d\u2019obtenir un acc\u00e8s non autoris\u00e9 \u00e0 toute partie de notre Site ou \u00e0 tout autre syst\u00e8me ou r\u00e9seau connect\u00e9 \u00e0 notre Site.<\/li><\/ul><p><strong><br \/>7. Propri\u00e9t\u00e9 intellectuelle<\/strong><\/p><p>Tout le contenu de TiketVisa.com, y compris les textes, graphiques, logos, images et logiciels, est la propri\u00e9t\u00e9 de TiketVisa.com ou de ses conc\u00e9dants de licence et est prot\u00e9g\u00e9 par les lois applicables en mati\u00e8re de droits d&#039;auteur et de propri\u00e9t\u00e9 intellectuelle. Vous ne pouvez pas reproduire, distribuer, modifier ou cr\u00e9er des \u0153uvres d\u00e9riv\u00e9es de tout contenu sans notre autorisation \u00e9crite expresse.<\/p><p><strong>8. Limitation de responsabilit\u00e9<\/strong><\/p><p>Dans toute la mesure permise par la loi, TiketVisa.com ne sera pas responsable des dommages indirects, accessoires, sp\u00e9ciaux, cons\u00e9cutifs ou punitifs d\u00e9coulant de votre utilisation de notre site ou de nos services. Notre responsabilit\u00e9 totale pour toute r\u00e9clamation d\u00e9coulant des pr\u00e9sentes conditions ne d\u00e9passera pas le montant pay\u00e9 par vous pour les services donnant lieu \u00e0 de telles r\u00e9clamations.<\/p><p><strong>9. Indemnisation<\/strong><\/p><p>Vous acceptez d&#039;indemniser et de d\u00e9gager de toute responsabilit\u00e9 TiketVisa.com et ses soci\u00e9t\u00e9s affili\u00e9es de toute r\u00e9clamation, perte, responsabilit\u00e9, dommage, co\u00fbt ou d\u00e9pense (y compris les honoraires d&#039;avocat raisonnables) d\u00e9coulant de votre utilisation de notre site ou de la violation des pr\u00e9sentes conditions.<\/p><p><strong>10. Modifications des pr\u00e9sentes conditions<\/strong><\/p><p>Nous nous r\u00e9servons le droit de modifier ces Conditions \u00e0 tout moment. Toute modification entrera en vigueur imm\u00e9diatement apr\u00e8s sa publication sur cette page avec une date d&#039;entr\u00e9e en vigueur mise \u00e0 jour. Votre utilisation continue de notre Site apr\u00e8s toute modification constitue une acceptation de ces modifications.<\/p><p><strong>11. Loi applicable<\/strong><\/p><p>Les pr\u00e9sentes conditions g\u00e9n\u00e9rales seront r\u00e9gies et interpr\u00e9t\u00e9es conform\u00e9ment aux lois du Kentucky, \u00c9tats-Unis, sans \u00e9gard \u00e0 ses principes de conflit de lois.<\/p><p><strong>12. Contactez-nous<\/strong><\/p><p>Si vous avez des questions sur ces conditions ou sur nos services, veuillez nous contacter \u00e0 :<\/p><p>E-mail: <a href=\"mailto:hi@tiketvisa.com\"><span style=\"color: #009fe3;\">hi@tiketvisa.com<\/span><\/a><\/p><p>En utilisant TiketVisa.com, vous reconnaissez avoir lu et compris ces conditions et acceptez d&#039;\u00eatre li\u00e9 par elles.<\/p>\t\t\t\t\t\t\t\t<\/div>\n\t\t\t\t<\/div>\n\t\t\t\t<\/div>\n\t\t\t\t\t<\/div>\n\t\t\t\t<\/div>\n\t\t\t\t<\/div>","protected":false},"excerpt":{"rendered":"<p>Terms &amp; Conditions Effective Date: 10.10.2024 These Terms and Conditions (&#8220;Terms&#8221;) govern your use of the TiketVisa.com website (&#8220;Site&#8221;) and the services provided by TiketVisa.com (&#8220;we,&#8221; &#8220;us,&#8221; or &#8220;our&#8221;). By accessing or using our Site, you agree to be bound by these Terms. If you do not agree to these Terms, please do not use [&hellip;]<\/p>\n","protected":false},"author":1,"featured_media":0,"parent":0,"menu_order":0,"comment_status":"closed","ping_status":"closed","template":"","meta":{"footnotes":""},"class_list":["post-230","page","type-page","status-publish","hentry"],"_links":{"self":[{"href":"https:\/\/tiketvisa.com\/fr\/wp-json\/wp\/v2\/pages\/230","targetHints":{"allow":["GET"]}}],"collection":[{"href":"https:\/\/tiketvisa.com\/fr\/wp-json\/wp\/v2\/pages"}],"about":[{"href":"https:\/\/tiketvisa.com\/fr\/wp-json\/wp\/v2\/types\/page"}],"author":[{"embeddable":true,"href":"https:\/\/tiketvisa.com\/fr\/wp-json\/wp\/v2\/users\/1"}],"replies":[{"embeddable":true,"href":"https:\/\/tiketvisa.com\/fr\/wp-json\/wp\/v2\/comments?post=230"}],"version-history":[{"count":0,"href":"https:\/\/tiketvisa.com\/fr\/wp-json\/wp\/v2\/pages\/230\/revisions"}],"wp:attachment":[{"href":"https:\/\/tiketvisa.com\/fr\/wp-json\/wp\/v2\/media?parent=230"}],"curies":[{"name":"wp","href":"https:\/\/api.w.org\/{rel}","templated":true}]}}