{"id":232,"date":"2024-10-09T18:59:08","date_gmt":"2024-10-09T18:59:08","guid":{"rendered":"https:\/\/tiketvisa.com\/?page_id=232"},"modified":"2024-10-11T10:08:11","modified_gmt":"2024-10-11T10:08:11","slug":"politique-de-confidentialite","status":"publish","type":"page","link":"https:\/\/tiketvisa.com\/fr\/privacy-policy\/","title":{"rendered":"politique de confidentialit\u00e9"},"content":{"rendered":"<div data-elementor-type=\"wp-page\" data-elementor-id=\"232\" class=\"elementor elementor-232\" data-elementor-post-type=\"page\">\n\t\t\t\t<div class=\"elementor-element elementor-element-c03a8ed e-flex e-con-boxed e-con e-parent\" data-id=\"c03a8ed\" data-element_type=\"container\" data-e-type=\"container\">\n\t\t\t\t\t<div class=\"e-con-inner\">\n\t\t\t\t<div class=\"elementor-element elementor-element-f419663 elementor-widget__width-initial elementor-widget elementor-widget-heading\" data-id=\"f419663\" data-element_type=\"widget\" data-e-type=\"widget\" data-widget_type=\"heading.default\">\n\t\t\t\t<div class=\"elementor-widget-container\">\n\t\t\t\t\t<h2 class=\"elementor-heading-title elementor-size-default\">politique de confidentialit\u00e9<\/h2>\t\t\t\t<\/div>\n\t\t\t\t<\/div>\n\t\t<div class=\"elementor-element elementor-element-b19741a e-con-full e-flex e-con e-child\" data-id=\"b19741a\" data-element_type=\"container\" data-e-type=\"container\">\n\t\t\t\t<div class=\"elementor-element elementor-element-8fc6e8b elementor-widget elementor-widget-text-editor\" data-id=\"8fc6e8b\" data-element_type=\"widget\" data-e-type=\"widget\" data-widget_type=\"text-editor.default\">\n\t\t\t\t<div class=\"elementor-widget-container\">\n\t\t\t\t\t\t\t\t\t<p><strong>Date d&#039;entr\u00e9e en vigueur : <\/strong>10.10.2024<\/p><p>TiketVisa.com (\u00ab nous \u00bb, \u00ab nos \u00bb ou \u00ab notre \u00bb) s&#039;engage \u00e0 prot\u00e9ger votre vie priv\u00e9e. Cette politique de confidentialit\u00e9 explique comment nous collectons, utilisons, divulguons et prot\u00e9geons vos informations lorsque vous visitez notre site Web et utilisez nos services pour les r\u00e9servations d&#039;h\u00f4tel et de billets d&#039;avion.<\/p><p><strong>Informations que nous collectons<\/strong><\/p><p>Nous pouvons collecter les types d\u2019informations suivants :<\/p><ul class=\"marker:text-textOff list-disc pl-8\"><li><strong>Renseignements personnels :<\/strong>\u00a0Cela inclut votre nom, votre adresse e-mail, votre num\u00e9ro de t\u00e9l\u00e9phone et vos informations de paiement lorsque vous cr\u00e9ez un compte, effectuez une r\u00e9servation ou nous contactez.<\/li><li><strong>Informations de r\u00e9servation :<\/strong>\u00a0D\u00e9tails li\u00e9s \u00e0 vos r\u00e9servations, tels que les dates de voyage, les pr\u00e9f\u00e9rences d&#039;h\u00f4tel et les demandes sp\u00e9ciales.<\/li><li><strong>Informations de paiement :<\/strong>\u00a0Nous acceptons les paiements via diverses m\u00e9thodes, notamment Stripe, Apple Pay, Google Pay, les principales cartes de cr\u00e9dit, Alipay et WeChat Pay. Les informations de paiement sont trait\u00e9es de mani\u00e8re s\u00e9curis\u00e9e par nos processeurs de paiement.<\/li><li><strong>Donn\u00e9es d&#039;utilisation :<\/strong>\u00a0Informations sur la fa\u00e7on dont vous utilisez notre site Web, y compris l&#039;adresse IP, le type de navigateur, les pages visit\u00e9es et le temps pass\u00e9 sur notre site.<\/li><\/ul><p><strong><br \/>Comment nous utilisons vos informations<\/strong><\/p><p>Nous utilisons les informations que nous collectons \u00e0 diverses fins :<\/p><ul class=\"marker:text-textOff list-disc pl-8\"><li>Pour traiter et confirmer vos r\u00e9servations d&#039;h\u00f4tels et de vols.<\/li><li>Pour communiquer avec vous concernant vos r\u00e9servations et fournir un support client.<\/li><li>Pour am\u00e9liorer notre site Web et nos services en fonction des commentaires des utilisateurs et des mod\u00e8les d\u2019utilisation.<\/li><li>Pour vous envoyer du mat\u00e9riel promotionnel et des mises \u00e0 jour sur nos services (vous pouvez vous d\u00e9sinscrire \u00e0 tout moment).<\/li><\/ul><p><strong><br \/>Technologies de suivi<\/strong><\/p><p>Nous utilisons diverses technologies de suivi pour am\u00e9liorer nos efforts publicitaires\u00a0:<\/p><p><strong>Pixels :<\/strong> Nous utilisons des pixels de suivi tels que<\/p><ul><li>Gestionnaire de balises Google,<\/li><li>Google Analytics,<\/li><li>M\u00e9ta Pixel,<\/li><li>Pixel TikTok,<\/li><li>Pixel Snapchat,<\/li><li>\u00c9tiquette Pinterest,<\/li><li>Clart\u00e9 de Microsoft<\/li><\/ul><p>pour suivre nos publicit\u00e9s et \u00e0 des fins de reciblage. Ces outils nous aident \u00e0 analyser le comportement des utilisateurs et \u00e0 am\u00e9liorer nos strat\u00e9gies marketing.<\/p><p><strong>Divulgation de vos informations<\/strong><\/p><p>Nous pouvons partager vos informations dans les situations suivantes :<\/p><ul class=\"marker:text-textOff list-disc pl-8\"><li><strong>Fournisseurs de services :<\/strong>\u00a0Nous employons des soci\u00e9t\u00e9s et des particuliers tiers pour faciliter nos services (par exemple, des processeurs de paiement) qui ont acc\u00e8s \u00e0 vos informations personnelles uniquement pour effectuer des t\u00e2ches en notre nom.<\/li><li><strong>Exigences l\u00e9gales :<\/strong>\u00a0Nous pouvons divulguer vos informations si la loi l\u2019exige ou en r\u00e9ponse \u00e0 des demandes valables des autorit\u00e9s publiques.<\/li><li><strong>Cessions d&#039;entreprises :<\/strong>\u00a0En cas de fusion, d\u2019acquisition ou de vente d\u2019actifs, vos donn\u00e9es personnelles peuvent \u00eatre transf\u00e9r\u00e9es dans le cadre de cette transaction.<\/li><\/ul><p><strong><br \/>S\u00e9curit\u00e9 des donn\u00e9es<\/strong><\/p><p>Nous prenons la s\u00e9curit\u00e9 de vos informations personnelles au s\u00e9rieux. Nous mettons en \u0153uvre des mesures techniques et organisationnelles appropri\u00e9es pour prot\u00e9ger vos donn\u00e9es contre tout acc\u00e8s non autoris\u00e9, perte ou utilisation abusive. Cependant, sachez qu&#039;aucune m\u00e9thode de transmission sur Internet ou de stockage \u00e9lectronique n&#039;est s\u00e9curis\u00e9e \u00e0 100%.<\/p><p><strong>Vos droits<\/strong><\/p><p>Vous avez le droit de :<\/p><ul class=\"marker:text-textOff list-disc pl-8\"><li>Acc\u00e9dez aux informations personnelles que nous d\u00e9tenons \u00e0 votre sujet.<\/li><li>Demander la correction de toute donn\u00e9e inexacte.<\/li><li>Demander la suppression de vos donn\u00e9es personnelles sous certaines conditions.<\/li><li>Retirer votre consentement au traitement de vos donn\u00e9es lorsque nous nous appuyons sur votre consentement.<\/li><\/ul><p>Pour exercer ces droits, veuillez nous contacter en utilisant les coordonn\u00e9es fournies ci-dessous.<\/p><p><strong>Cookies<\/strong><\/p><p>Notre site Web utilise des cookies pour am\u00e9liorer l&#039;exp\u00e9rience utilisateur. Les cookies sont de petits fichiers stock\u00e9s sur votre appareil qui nous aident \u00e0 am\u00e9liorer nos services. Vous pouvez choisir d&#039;accepter ou de refuser les cookies via les param\u00e8tres de votre navigateur. Cependant, le refus des cookies peut affecter la fonctionnalit\u00e9 de notre site Web.<\/p><p><strong>Politique de remboursement<\/strong><\/p><p>Veuillez noter que toutes les r\u00e9servations effectu\u00e9es via TiketVisa ne sont pas remboursables. Pour plus de d\u00e9tails, veuillez consulter notre <span style=\"color: #009fe3;\"><a style=\"color: #009fe3;\" href=\"https:\/\/tiketvisa.com\/fr\/politique-de-remboursement\/\" data-wplink-url-error=\"true\">Politique de remboursement<\/a>.<\/span><\/p><p><strong>Modifications apport\u00e9es \u00e0 la pr\u00e9sente politique de confidentialit\u00e9<\/strong><\/p><p>Nous sommes susceptibles de mettre \u00e0 jour notre politique de confidentialit\u00e9 de temps \u00e0 autre. Toute modification sera publi\u00e9e sur cette page avec une date d&#039;entr\u00e9e en vigueur mise \u00e0 jour. Nous vous encourageons \u00e0 consulter r\u00e9guli\u00e8rement cette politique de confidentialit\u00e9 pour prendre connaissance de tout changement.<\/p><p><strong>Contactez-nous<\/strong><\/p><p>Si vous avez des questions sur cette politique de confidentialit\u00e9 ou sur nos pratiques concernant vos informations personnelles, veuillez nous contacter \u00e0 :<\/p><p>E-mail: <span style=\"color: #009fe3;\"><a style=\"color: #009fe3;\" href=\"mailto:hi@tiketvisa.com\">hi@tiketvisa.com<\/a><\/span><\/p><p>En utilisant TiketVisa.com, vous acceptez les conditions d\u00e9crites dans ce <span style=\"color: #009fe3;\"><a style=\"color: #009fe3;\" href=\"https:\/\/tiketvisa.com\/fr\/politique-de-confidentialite\/\" data-wplink-url-error=\"true\">politique de confidentialit\u00e9<\/a><\/span>.<\/p>\t\t\t\t\t\t\t\t<\/div>\n\t\t\t\t<\/div>\n\t\t\t\t<\/div>\n\t\t\t\t\t<\/div>\n\t\t\t\t<\/div>\n\t\t\t\t<\/div>","protected":false},"excerpt":{"rendered":"<p>Privacy Policy Effective Date: 10.10.2024 TiketVisa.com (&#8220;we,&#8221; &#8220;us,&#8221; or &#8220;our&#8221;) is dedicated to safeguarding your privacy. This Privacy Policy explains how we collect, use, disclose, and protect your information when you visit our website and utilize our services for hotel reservations and flight ticket bookings. Information We Collect We may collect the following types of [&hellip;]<\/p>\n","protected":false},"author":1,"featured_media":0,"parent":0,"menu_order":0,"comment_status":"closed","ping_status":"closed","template":"","meta":{"footnotes":""},"class_list":["post-232","page","type-page","status-publish","hentry"],"_links":{"self":[{"href":"https:\/\/tiketvisa.com\/fr\/wp-json\/wp\/v2\/pages\/232","targetHints":{"allow":["GET"]}}],"collection":[{"href":"https:\/\/tiketvisa.com\/fr\/wp-json\/wp\/v2\/pages"}],"about":[{"href":"https:\/\/tiketvisa.com\/fr\/wp-json\/wp\/v2\/types\/page"}],"author":[{"embeddable":true,"href":"https:\/\/tiketvisa.com\/fr\/wp-json\/wp\/v2\/users\/1"}],"replies":[{"embeddable":true,"href":"https:\/\/tiketvisa.com\/fr\/wp-json\/wp\/v2\/comments?post=232"}],"version-history":[{"count":0,"href":"https:\/\/tiketvisa.com\/fr\/wp-json\/wp\/v2\/pages\/232\/revisions"}],"wp:attachment":[{"href":"https:\/\/tiketvisa.com\/fr\/wp-json\/wp\/v2\/media?parent=232"}],"curies":[{"name":"wp","href":"https:\/\/api.w.org\/{rel}","templated":true}]}}