{"id":238,"date":"2024-10-09T19:00:39","date_gmt":"2024-10-09T19:00:39","guid":{"rendered":"https:\/\/tiketvisa.com\/?page_id=238"},"modified":"2026-03-07T17:10:19","modified_gmt":"2026-03-07T17:10:19","slug":"faq","status":"publish","type":"page","link":"https:\/\/tiketvisa.com\/fr\/faq\/","title":{"rendered":"FAQ"},"content":{"rendered":"<div data-elementor-type=\"wp-page\" data-elementor-id=\"238\" class=\"elementor elementor-238\" data-elementor-post-type=\"page\">\n\t\t\t\t<div class=\"elementor-element elementor-element-4dbe50a e-flex e-con-boxed e-con e-parent\" data-id=\"4dbe50a\" data-element_type=\"container\" data-e-type=\"container\">\n\t\t\t\t\t<div class=\"e-con-inner\">\n\t\t<div class=\"elementor-element elementor-element-df26f20 e-con-full e-flex e-con e-child\" data-id=\"df26f20\" data-element_type=\"container\" data-e-type=\"container\">\n\t\t\t\t<div class=\"elementor-element elementor-element-32ed5f5 elementor-widget elementor-widget-heading\" data-id=\"32ed5f5\" data-element_type=\"widget\" data-e-type=\"widget\" data-widget_type=\"heading.default\">\n\t\t\t\t<div class=\"elementor-widget-container\">\n\t\t\t\t\t<h2 class=\"elementor-heading-title elementor-size-default\">Preguntas Frecuentes<\/h2>\t\t\t\t<\/div>\n\t\t\t\t<\/div>\n\t\t\t\t<div class=\"elementor-element elementor-element-8cb7328 elementor-widget elementor-widget-text-editor\" data-id=\"8cb7328\" data-element_type=\"widget\" data-e-type=\"widget\" data-widget_type=\"text-editor.default\">\n\t\t\t\t<div class=\"elementor-widget-container\">\n\t\t\t\t\t\t\t\t\t<p><strong>1. Qu&#039;est-ce que TiketVisa ?<\/strong><\/p><p>TiketVisa propose un service de r\u00e9servation de vols et d&#039;h\u00f4tels. Toutes les r\u00e9servations de vols effectu\u00e9es par une agence de voyages enregistr\u00e9e sont accompagn\u00e9es d&#039;un code PNR (Passenger Name Record) v\u00e9rifiable sur les sites Web des principales compagnies a\u00e9riennes.<\/p><p><strong>2. Pourquoi devrais-je utiliser TiketVisa ?<\/strong><\/p><p><strong>- Rapide:<\/strong> Recevez une r\u00e9servation de vol et d&#039;h\u00f4tel valide selon la compagnie a\u00e9rienne en moins de 5 minutes !<\/p><p><strong>- Facile:<\/strong> Nous avons rendu le processus aussi simple que possible.<\/p><p><strong>- R\u00e9el:<\/strong> Nous effectuons une r\u00e9servation de vol r\u00e9elle 100%. Vous pouvez v\u00e9rifier la validit\u00e9 de votre r\u00e9servation de vol sur les sites Web des principales compagnies a\u00e9riennes.<\/p><p><strong>- Bon march\u00e9: <\/strong>Si vous achetez des billets ou des r\u00e9servations d&#039;h\u00f4tel directement aupr\u00e8s de tiers ou sur les sites Web des compagnies a\u00e9riennes\/h\u00f4tels, vous devrez payer le montant total \u00e0 l&#039;avance. Cependant, en r\u00e9servant par notre interm\u00e9diaire, nous pouvons effectuer des r\u00e9servations pour vous \u00e0 partir de seulement $9.<\/p><p><strong>3. Que vais-je recevoir ?<\/strong><\/p><p>Vous recevrez un document PDF comprenant un itin\u00e9raire de vol pour l&#039;itin\u00e9raire s\u00e9lectionn\u00e9 et un code PNR qui confirme votre r\u00e9servation. <em><span style=\"color: #009fe3;\"><a style=\"color: #009fe3;\" href=\"https:\/\/tiketvisa.com\/wp-content\/uploads\/2025\/09\/TiketVisa_Ticket_Template.pdf\">Voir l&#039;exemple PDF<\/a><\/span><\/em><\/p><p><strong>4. \u00c0 quoi ressemble le code PNR ?<\/strong><\/p><p>Il n&#039;existe pas de format universel pour les codes PNR (Passenger Name Record), le nombre de caract\u00e8res et d&#039;informations peut donc varier selon le syst\u00e8me. Par exemple, un code de r\u00e9servation de vol est g\u00e9n\u00e9ralement compos\u00e9 de 6 chiffres et lettres (<em>162J24<\/em>) ou 8 chiffres de nombres seulement, mais le format peut varier.<\/p><p><strong>5. Quelle est la dur\u00e9e de validit\u00e9 de la r\u00e9servation de vol ?<\/strong><\/p><p>It depends on the airline. Our flight reservations are usually valid for 48 hours after you receive the PDF reservation.<\/p><p><strong>6. Pouvez-vous modifier les d\u00e9tails de ma r\u00e9servation de vol ?<\/strong><\/p><p>Non, notre site Web effectue la r\u00e9servation instantan\u00e9ment. Ainsi, apr\u00e8s votre commande, rien ne peut \u00eatre modifi\u00e9. Si vous souhaitez effectuer des modifications, vous devrez effectuer une nouvelle r\u00e9servation.<\/p><p><strong>7. Est-il possible de s\u00e9lectionner le vol qui sera r\u00e9serv\u00e9 ?<\/strong><\/p><p>Pas pour le moment.<\/p><p><strong>8. Dois-je annuler le vol ?<\/strong><\/p><p>Non, les r\u00e9servations seront automatiquement annul\u00e9es 48 heures apr\u00e8s avoir re\u00e7u votre billet.<\/p><p><strong>8. Est-ce que je re\u00e7ois un num\u00e9ro de billet \u00e9lectronique ?<\/strong><\/p><p>Non, le num\u00e9ro de billet \u00e9lectronique n&#039;est pas inclus dans la r\u00e9servation. Si vous avez besoin d&#039;un num\u00e9ro de billet \u00e9lectronique, vous devrez acheter le billet complet.<\/p><p><strong>10. Dois-je payer le prix total du vol ?<\/strong><\/p><p>Non, il s&#039;agit simplement d&#039;une r\u00e9servation de vol. Vous ne payez donc pas le prix total du vol. Vous ne devez payer que les frais de r\u00e9servation du vol.<\/p><p><strong>11. Puis-je utiliser ma r\u00e9servation de vol pour voler ?<\/strong><\/p><p>Non, il s&#039;agit uniquement d&#039;une r\u00e9servation de vol.<\/p><p><strong>12. Puis-je r\u00e9server des vols pour n'importe quelle destination dans le monde par l'interm\u00e9diaire de Tiketvisa ? <br \/><\/strong><\/p><p>Vous pouvez r\u00e9server des vols vers les principaux a\u00e9roports internationaux du monde entier. Nous nous concentrons sur la liste des a\u00e9roports qui offrent une connectivit\u00e9 globale \u00e9tendue, proposant des vols vers des destinations presque partout.<\/p><p><em>Veuillez noter qu'en raison des conditions g\u00e9opolitiques actuelles, nous sommes temporairement en cong\u00e9 de maternit\u00e9. <strong>incapable<\/strong> afin de proposer des r\u00e9servations de vols vers les destinations suivantes :<\/em><\/p><ul><li><em>Moscou (Russie)<\/em><\/li><li><em>Minsk (Belarus)<\/em><\/li><li><em>Pyongyang (Cor\u00e9e du Nord)<\/em><\/li><li><em>La Havane (Cuba)<\/em><\/li><li><em>Kiev (Ukraine)<\/em><\/li><\/ul><p><strong><br \/>13. Puis-je r\u00e9server des h\u00f4tels dans n'importe quelle ville du monde ?<br \/><\/strong><\/p><p>Oui, vous pouvez r\u00e9server des h\u00f4tels par l'interm\u00e9diaire de Tiketvisa, mais nous nous concentrons sur les points suivants <b>les capitales et autres grandes villes<\/b>.<\/p><p><em>Veuillez noter qu'en raison des conditions g\u00e9opolitiques actuelles, nous sommes temporairement en cong\u00e9 de maternit\u00e9. <strong>incapable<\/strong> pour effectuer des r\u00e9servations d'h\u00f4tel dans les villes suivantes :<\/em><\/p><ul><li><em>Moscou (Russie)<\/em><\/li><li><em>Pyongyang (Cor\u00e9e du Nord)<\/em><\/li><li><em>Kaboul (Afghanistan)<\/em><\/li><li><em>Juba (Sud Soudan)<\/em><\/li><li><em>La Havane (Cuba)<\/em><\/li><li><em>Tehran (Iran)<\/em><\/li><li><em>Asmara (Eritrea)<\/em><\/li><\/ul><p><b>14. J'ai essay\u00e9 de v\u00e9rifier mon PNR sur le site de la compagnie a\u00e9rienne, mais il est indiqu\u00e9 qu'il n'est pas v\u00e9rifiable. Ma r\u00e9servation est-elle confirm\u00e9e ?<\/b><\/p><p>Oui, votre r\u00e9servation est confirm\u00e9e. Il s'agit d'une proc\u00e9dure normale pour de nombreuses compagnies a\u00e9riennes \u00e0 bas prix (comme AirAsia, Vietjet, RyanAir, Batik Air, Malindo, Lion air, etc.) ). Leurs syst\u00e8mes en ligne ne correspondent souvent pas aux r\u00e9servations effectu\u00e9es par l'interm\u00e9diaire des agences de voyage.<\/p><p><strong><br \/>15. Que puis-je faire si je n'ai pas re\u00e7u ma r\u00e9servation ?<\/strong><\/p><p>Envoyez-nous simplement un e-mail <span style=\"color: #009fe3;\"><a style=\"color: #009fe3;\" href=\"mailto:hi@tiketvisa.com\"><em>hi@tiketvisa.com<\/em><\/a><\/span> ou contactez-nous via Instagram <span style=\"color: #009fe3;\"><a style=\"color: #009fe3;\" href=\"https:\/\/instagram.com\/tiketvisa\" target=\"_blank\" rel=\"noopener\">@tiketvisa<\/a><\/span> pour une r\u00e9ponse plus rapide.<\/p>\t\t\t\t\t\t\t\t<\/div>\n\t\t\t\t<\/div>\n\t\t\t\t<div class=\"elementor-element elementor-element-995f48e elementor-widget elementor-widget-heading\" data-id=\"995f48e\" data-element_type=\"widget\" data-e-type=\"widget\" data-widget_type=\"heading.default\">\n\t\t\t\t<div class=\"elementor-widget-container\">\n\t\t\t\t\t<h2 class=\"elementor-heading-title elementor-size-default\">FAQ sur le programme d&#039;affiliation<\/h2>\t\t\t\t<\/div>\n\t\t\t\t<\/div>\n\t\t\t\t<div class=\"elementor-element elementor-element-1854067 elementor-widget elementor-widget-text-editor\" data-id=\"1854067\" data-element_type=\"widget\" data-e-type=\"widget\" data-widget_type=\"text-editor.default\">\n\t\t\t\t<div class=\"elementor-widget-container\">\n\t\t\t\t\t\t\t\t\t<p><strong>1. Qu&#039;est-ce que le programme d&#039;affiliation Tiketvisa.com ?<\/strong><br \/>Le programme d&#039;affiliation Tiketvisa.com permet aux utilisateurs de gagner des commissions en faisant la promotion des services de r\u00e9servation de vols et d&#039;h\u00f4tels de TiketVisa via des liens d&#039;affiliation. L&#039;adh\u00e9sion est gratuite et les affili\u00e9s gagnent une commission de 10% sur chaque achat effectu\u00e9 via leurs liens.<\/p><p><strong>2. Comment puis-je rejoindre le programme d&#039;affiliation Tiketvisa.com ?<\/strong><br \/>Inscrivez-vous simplement gratuitement sur <span style=\"color: #009fe3;\"><a style=\"color: #009fe3;\" href=\"https:\/\/affiliate.tiketvisa.com\">https:\/\/affiliate.tiketvisa.com<\/a><\/span>Une fois inscrit, vous recevrez deux liens d\u2019affiliation : un pour les vols et un pour les h\u00f4tels.<\/p><p><strong>3. Comment puis-je utiliser mes liens d\u2019affiliation ?<\/strong><br \/>Vous pouvez partager vos liens d&#039;affiliation sur les r\u00e9seaux sociaux, votre blog, votre e-mail ou toute autre plateforme. Cependant, \u00e9vitez les activit\u00e9s de spam et de partage sur des sites inappropri\u00e9s, tels que les sites Web \u00e0 contenu pour adultes. Toute activit\u00e9 de spam d\u00e9tect\u00e9e peut entra\u00eener une interdiction de votre compte d&#039;affili\u00e9.<\/p><p><strong>4. Combien de commission vais-je gagner ?<\/strong><br \/>Les affili\u00e9s gagnent une commission 10% sur chaque achat effectu\u00e9 via leurs liens d&#039;affiliation.<\/p><p><strong>5. Quand serai-je inform\u00e9 de mes gains ?<\/strong><br \/>Vous recevrez une notification par e-mail chaque fois que vous gagnerez une commission. De plus, vous recevrez un e-mail lorsque votre solde de commission atteindra $50.<\/p><p><strong>6. Quand et comment puis-je retirer mes gains ?<\/strong><br \/>Une fois que votre solde atteint $50 ou des incr\u00e9ments de $50, vous pouvez demander un retrait sur votre compte PayPal.<\/p><p><strong>7. Que se passe-t-il si je ne retire pas mes gains ?<\/strong><br \/>Si vous choisissez de ne pas retirer, votre solde continuera de cro\u00eetre dans le syst\u00e8me jusqu&#039;\u00e0 ce que vous d\u00e9cidiez de demander un retrait.<\/p><p><strong>8. Puis-je perdre l\u2019acc\u00e8s au programme d\u2019affiliation ?<\/strong><br \/>Oui. Toute activit\u00e9 de spam ou tout partage de liens sur des plateformes inappropri\u00e9es peut entra\u00eener une interdiction de compte. Veuillez suivre les consignes pour conserver votre statut d&#039;affili\u00e9.<\/p><hr \/><p>Si vous avez des questions ou avez besoin d&#039;aide, n&#039;h\u00e9sitez pas \u00e0 nous contacter \u00e0 <span style=\"color: #009fe3;\"><em><a style=\"color: #009fe3;\" href=\"mailto:affiliate@tiketvisa.com\">affiliate@tiketvisa.com<\/a><\/em><\/span> ou sur Instagram <span style=\"color: #009fe3;\"><a style=\"color: #009fe3;\" href=\"https:\/\/instagram.com\/tiketvisa\" target=\"_blank\" rel=\"noopener\">@tiketvisa<\/a><\/span> Nous sommes l\u00e0 pour vous aider \u00e0 r\u00e9ussir.<\/p>\t\t\t\t\t\t\t\t<\/div>\n\t\t\t\t<\/div>\n\t\t\t\t<\/div>\n\t\t\t\t\t<\/div>\n\t\t\t\t<\/div>\n\t\t\t\t<\/div>","protected":false},"excerpt":{"rendered":"<p>Frequently Asked Questions 1. What is TiketVisa? TiketVisa provides a service which delivers flight reservations &amp; hotel bookings. All flight bookings made by a registered travel agency that come with a PNR (Passenger Name Record) Code which is verifiable on major airline\u2019s websites. 2. Why shoud I use TiketVisa? \u2013 Fast: Receive a valid flight [&hellip;]<\/p>\n","protected":false},"author":1,"featured_media":0,"parent":0,"menu_order":0,"comment_status":"closed","ping_status":"closed","template":"","meta":{"footnotes":""},"class_list":["post-238","page","type-page","status-publish","hentry"],"_links":{"self":[{"href":"https:\/\/tiketvisa.com\/fr\/wp-json\/wp\/v2\/pages\/238","targetHints":{"allow":["GET"]}}],"collection":[{"href":"https:\/\/tiketvisa.com\/fr\/wp-json\/wp\/v2\/pages"}],"about":[{"href":"https:\/\/tiketvisa.com\/fr\/wp-json\/wp\/v2\/types\/page"}],"author":[{"embeddable":true,"href":"https:\/\/tiketvisa.com\/fr\/wp-json\/wp\/v2\/users\/1"}],"replies":[{"embeddable":true,"href":"https:\/\/tiketvisa.com\/fr\/wp-json\/wp\/v2\/comments?post=238"}],"version-history":[{"count":0,"href":"https:\/\/tiketvisa.com\/fr\/wp-json\/wp\/v2\/pages\/238\/revisions"}],"wp:attachment":[{"href":"https:\/\/tiketvisa.com\/fr\/wp-json\/wp\/v2\/media?parent=238"}],"curies":[{"name":"wp","href":"https:\/\/api.w.org\/{rel}","templated":true}]}}