{"id":238,"date":"2024-10-09T19:00:39","date_gmt":"2024-10-09T19:00:39","guid":{"rendered":"https:\/\/tiketvisa.com\/?page_id=238"},"modified":"2026-03-07T17:10:19","modified_gmt":"2026-03-07T17:10:19","slug":"faq","status":"publish","type":"page","link":"https:\/\/tiketvisa.com\/it\/faq\/","title":{"rendered":"FAQ"},"content":{"rendered":"<div data-elementor-type=\"wp-page\" data-elementor-id=\"238\" class=\"elementor elementor-238\" data-elementor-post-type=\"page\">\n\t\t\t\t<div class=\"elementor-element elementor-element-4dbe50a e-flex e-con-boxed e-con e-parent\" data-id=\"4dbe50a\" data-element_type=\"container\" data-e-type=\"container\">\n\t\t\t\t\t<div class=\"e-con-inner\">\n\t\t<div class=\"elementor-element elementor-element-df26f20 e-con-full e-flex e-con e-child\" data-id=\"df26f20\" data-element_type=\"container\" data-e-type=\"container\">\n\t\t\t\t<div class=\"elementor-element elementor-element-32ed5f5 elementor-widget elementor-widget-heading\" data-id=\"32ed5f5\" data-element_type=\"widget\" data-e-type=\"widget\" data-widget_type=\"heading.default\">\n\t\t\t\t<div class=\"elementor-widget-container\">\n\t\t\t\t\t<h2 class=\"elementor-heading-title elementor-size-default\">Domande frequenti<\/h2>\t\t\t\t<\/div>\n\t\t\t\t<\/div>\n\t\t\t\t<div class=\"elementor-element elementor-element-8cb7328 elementor-widget elementor-widget-text-editor\" data-id=\"8cb7328\" data-element_type=\"widget\" data-e-type=\"widget\" data-widget_type=\"text-editor.default\">\n\t\t\t\t<div class=\"elementor-widget-container\">\n\t\t\t\t\t\t\t\t\t<p><strong>1. Che cos'\u00e8 TiketVisa?<\/strong><\/p><p>TiketVisa fornisce un servizio di prenotazione di voli e hotel. Tutte le prenotazioni di voli effettuate da un'agenzia di viaggi registrata sono corredate da un codice PNR (Passenger Name Record) verificabile sui siti web delle principali compagnie aeree.<\/p><p><strong>2. Perch\u00e9 dovrei usare TiketVisa?<\/strong><\/p><p><strong>- Veloce:<\/strong> Ricevete una prenotazione di voli e hotel valida a seconda delle compagnie aeree in meno di 5 minuti!<\/p><p><strong>- Facile:<\/strong> Abbiamo reso il processo il pi\u00f9 semplice possibile.<\/p><p><strong>- Reale:<\/strong> Effettuiamo una prenotazione di volo reale 100%. Potete verificare la validit\u00e0 della vostra prenotazione di volo sui siti web delle principali compagnie aeree.<\/p><p><strong>- Economico: <\/strong>Se acquistate biglietti o prenotazioni alberghiere direttamente da terzi o da siti web di compagnie aeree\/alberghi, dovrete pagare l'intero importo in anticipo. Tuttavia, prenotando tramite noi, possiamo effettuare prenotazioni per voi a partire da $9.<\/p><p><strong>3. Cosa ricever\u00f2?<\/strong><\/p><p>Riceverete un documento PDF che include l'itinerario del volo per la rotta selezionata e un codice PNR che conferma la vostra prenotazione. <em><span style=\"color: #009fe3;\"><a style=\"color: #009fe3;\" href=\"https:\/\/tiketvisa.com\/wp-content\/uploads\/2025\/09\/TiketVisa_Ticket_Template.pdf\">Vedi esempio PDF<\/a><\/span><\/em><\/p><p><strong>4. Che aspetto ha il codice PNR?<\/strong><\/p><p>Non esiste un formato universale per i codici PNR (Passenger Name Record), quindi il numero di caratteri e di informazioni pu\u00f2 variare a seconda del sistema. Ad esempio, il codice di prenotazione di un volo \u00e8 solitamente composto da 6 numeri e lettere (<em>162J24<\/em>) o 8 cifre di soli numeri, ma il formato pu\u00f2 variare.<\/p><p><strong>5. Per quanto tempo \u00e8 valida la prenotazione del volo?<\/strong><\/p><p>Dipende dalla compagnia aerea. Le nostre prenotazioni di volo sono generalmente valide per 48 ore dalla ricezione della prenotazione in formato PDF.<\/p><p><strong>6. \u00c8 possibile modificare i dettagli della mia prenotazione di volo?<\/strong><\/p><p>No, il nostro sito web effettua la prenotazione istantaneamente. Pertanto, dopo l'ordine non \u00e8 possibile modificare nulla. In caso di modifiche, \u00e8 necessario effettuare una nuova prenotazione.<\/p><p><strong>7. \u00c8 possibile selezionare il volo da prenotare?<\/strong><\/p><p>Non al momento.<\/p><p><strong>8. Devo cancellare il volo?<\/strong><\/p><p>No, le prenotazioni vengono annullate automaticamente 48 ore dopo l'acquisto del biglietto.<\/p><p><strong>8. Ricevo un numero di biglietto elettronico?<\/strong><\/p><p>No, il numero di biglietto elettronico non \u00e8 incluso nella prenotazione. Se si desidera un numero di biglietto elettronico, \u00e8 necessario acquistare il biglietto completo.<\/p><p><strong>10. Devo pagare l'intero prezzo del volo?<\/strong><\/p><p>No, si tratta solo di una prenotazione di volo, quindi non pagherete l'intero prezzo del volo. \u00c8 necessario pagare solo la tassa di prenotazione del volo.<\/p><p><strong>11. Posso utilizzare la mia prenotazione per volare?<\/strong><\/p><p>No, questa \u00e8 solo una prenotazione di voli.<\/p><p><strong>12. Posso prenotare voli per qualsiasi destinazione nel mondo tramite Tiketvisa? <br \/><\/strong><\/p><p>\u00c8 possibile prenotare voli per i principali aeroporti internazionali di tutto il mondo. Ci concentriamo sull'elenco degli aeroporti che offrono un'ampia connettivit\u00e0 globale, fornendo voli per destinazioni quasi ovunque.<\/p><p><em>Si prega di notare che, a causa delle attuali condizioni geopolitiche, stiamo temporaneamente <strong>incapace<\/strong> per fornire prenotazioni di voli per le seguenti destinazioni:<\/em><\/p><ul><li><em>Mosca (Russia)<\/em><\/li><li><em>Minsk (Bielorussia)<\/em><\/li><li><em>Pyongyang (Corea del Nord)<\/em><\/li><li><em>L'Avana (Cuba)<\/em><\/li><li><em>Kyiv (Ucraina)<\/em><\/li><\/ul><p><strong><br \/>13. Posso prenotare hotel in qualsiasi citt\u00e0 del mondo?<br \/><\/strong><\/p><p>S\u00ec, \u00e8 possibile prenotare hotel tramite Tiketvisa, ma noi ci concentriamo su <b>capitali e altre grandi citt\u00e0<\/b>.<\/p><p><em>Si prega di notare che, a causa delle attuali condizioni geopolitiche, stiamo temporaneamente <strong>incapace<\/strong> per fornire prenotazioni alberghiere per le seguenti citt\u00e0:<\/em><\/p><ul><li><em>Mosca (Russia)<\/em><\/li><li><em>Pyongyang (Corea del Nord)<\/em><\/li><li><em>Kabul (Afghanistan)<\/em><\/li><li><em>Juba (Sud Sudan)<\/em><\/li><li><em>L'Avana (Cuba)<\/em><\/li><li><em>Teheran (Iran)<\/em><\/li><li><em>Asmara (Eritrea)<\/em><\/li><\/ul><p><b>14. Ho provato a controllare il mio PNR sul sito web della compagnia aerea, ma dice che non \u00e8 verificabile. La mia prenotazione \u00e8 confermata?<\/b><\/p><p>S\u00ec, la prenotazione \u00e8 confermata. Questa \u00e8 una procedura normale per molte compagnie aeree economiche (come AirAsia, Vietjet, RyanAir, Batik Air, Malindo, Lion air, ecc.) I loro sistemi online spesso non corrispondono alle prenotazioni effettuate tramite le agenzie di viaggio.<\/p><p><strong><br \/>15. Cosa posso fare se non ho ricevuto la mia prenotazione?<\/strong><\/p><p>Inviateci un'e-mail <span style=\"color: #009fe3;\"><a style=\"color: #009fe3;\" href=\"mailto:hi@tiketvisa.com\"><em>hi@tiketvisa.com<\/em><\/a><\/span> oppure contattateci su Instagram <span style=\"color: #009fe3;\"><a style=\"color: #009fe3;\" href=\"https:\/\/instagram.com\/tiketvisa\" target=\"_blank\" rel=\"noopener\">@tiketvisa<\/a><\/span> per una risposta pi\u00f9 rapida.<\/p>\t\t\t\t\t\t\t\t<\/div>\n\t\t\t\t<\/div>\n\t\t\t\t<div class=\"elementor-element elementor-element-995f48e elementor-widget elementor-widget-heading\" data-id=\"995f48e\" data-element_type=\"widget\" data-e-type=\"widget\" data-widget_type=\"heading.default\">\n\t\t\t\t<div class=\"elementor-widget-container\">\n\t\t\t\t\t<h2 class=\"elementor-heading-title elementor-size-default\">FAQ sul programma di affiliazione<\/h2>\t\t\t\t<\/div>\n\t\t\t\t<\/div>\n\t\t\t\t<div class=\"elementor-element elementor-element-1854067 elementor-widget elementor-widget-text-editor\" data-id=\"1854067\" data-element_type=\"widget\" data-e-type=\"widget\" data-widget_type=\"text-editor.default\">\n\t\t\t\t<div class=\"elementor-widget-container\">\n\t\t\t\t\t\t\t\t\t<p><strong>1. Che cos'\u00e8 il programma di affiliazione di Tiketvisa.com?<\/strong><br \/>Il programma di affiliazione di Tiketvisa.com consente agli utenti di guadagnare commissioni promuovendo i servizi di prenotazione di voli e hotel di TiketVisa tramite link di affiliazione. L'iscrizione \u00e8 gratuita e gli affiliati guadagnano una commissione di 10% su ogni acquisto effettuato tramite i loro link.<\/p><p><strong>2. Come posso aderire al Programma di affiliazione di Tiketvisa.com?<\/strong><br \/>Basta registrarsi gratuitamente al sito <span style=\"color: #009fe3;\"><a style=\"color: #009fe3;\" href=\"https:\/\/affiliate.tiketvisa.com\">https:\/\/affiliate.tiketvisa.com<\/a><\/span>. Una volta registrati, riceverete due link di affiliazione: uno per i voli e uno per gli hotel.<\/p><p><strong>3. Come posso utilizzare i miei link di affiliazione?<\/strong><br \/>Potete condividere i vostri link di affiliazione sui social media, sul vostro blog, via e-mail o su qualsiasi altra piattaforma. Tuttavia, si prega di astenersi da attivit\u00e0 di spam e di evitare la condivisione su siti inappropriati, come quelli a contenuto per adulti. Qualsiasi attivit\u00e0 di spam rilevata pu\u00f2 portare al blocco del vostro account di affiliazione.<\/p><p><strong>4. Quanto guadagner\u00f2 di commissione?<\/strong><br \/>Gli affiliati guadagnano una commissione di 10% su ogni acquisto effettuato tramite i loro link di affiliazione.<\/p><p><strong>5. Quando mi verr\u00e0 comunicato il mio guadagno?<\/strong><br \/>Riceverete una notifica via e-mail ogni volta che guadagnerete una commissione. Inoltre, riceverete un'e-mail quando il saldo delle commissioni raggiunger\u00e0 $50.<\/p><p><strong>6. Quando e come posso ritirare i miei guadagni?<\/strong><br \/>Quando il saldo raggiunge $50 o incrementi di $50, \u00e8 possibile richiedere un prelievo sul proprio conto PayPal.<\/p><p><strong>7. Cosa succede se non ritiro i miei guadagni?<\/strong><br \/>Se si sceglie di non prelevare, il saldo continuer\u00e0 a crescere nel sistema fino a quando non si decider\u00e0 di richiedere un prelievo.<\/p><p><strong>8. Posso perdere l'accesso al programma di affiliazione?<\/strong><br \/>S\u00ec. Qualsiasi attivit\u00e0 di spam o di condivisione di link su piattaforme non appropriate pu\u00f2 portare al blocco dell'account. Seguite le linee guida per mantenere il vostro status di affiliato.<\/p><hr \/><p>Se avete domande o avete bisogno di assistenza, contattateci all'indirizzo <span style=\"color: #009fe3;\"><em><a style=\"color: #009fe3;\" href=\"mailto:affiliate@tiketvisa.com\">affiliate@tiketvisa.com<\/a><\/em><\/span> o su Instagram <span style=\"color: #009fe3;\"><a style=\"color: #009fe3;\" href=\"https:\/\/instagram.com\/tiketvisa\" target=\"_blank\" rel=\"noopener\">@tiketvisa<\/a><\/span> . Siamo qui per aiutarvi ad avere successo.<\/p>\t\t\t\t\t\t\t\t<\/div>\n\t\t\t\t<\/div>\n\t\t\t\t<\/div>\n\t\t\t\t\t<\/div>\n\t\t\t\t<\/div>\n\t\t\t\t<\/div>","protected":false},"excerpt":{"rendered":"<p>Frequently Asked Questions 1. What is TiketVisa? TiketVisa provides a service which delivers flight reservations &amp; hotel bookings. All flight bookings made by a registered travel agency that come with a PNR (Passenger Name Record) Code which is verifiable on major airline\u2019s websites. 2. Why shoud I use TiketVisa? \u2013 Fast: Receive a valid flight [&hellip;]<\/p>\n","protected":false},"author":1,"featured_media":0,"parent":0,"menu_order":0,"comment_status":"closed","ping_status":"closed","template":"","meta":{"footnotes":""},"class_list":["post-238","page","type-page","status-publish","hentry"],"_links":{"self":[{"href":"https:\/\/tiketvisa.com\/it\/wp-json\/wp\/v2\/pages\/238","targetHints":{"allow":["GET"]}}],"collection":[{"href":"https:\/\/tiketvisa.com\/it\/wp-json\/wp\/v2\/pages"}],"about":[{"href":"https:\/\/tiketvisa.com\/it\/wp-json\/wp\/v2\/types\/page"}],"author":[{"embeddable":true,"href":"https:\/\/tiketvisa.com\/it\/wp-json\/wp\/v2\/users\/1"}],"replies":[{"embeddable":true,"href":"https:\/\/tiketvisa.com\/it\/wp-json\/wp\/v2\/comments?post=238"}],"version-history":[{"count":0,"href":"https:\/\/tiketvisa.com\/it\/wp-json\/wp\/v2\/pages\/238\/revisions"}],"wp:attachment":[{"href":"https:\/\/tiketvisa.com\/it\/wp-json\/wp\/v2\/media?parent=238"}],"curies":[{"name":"wp","href":"https:\/\/api.w.org\/{rel}","templated":true}]}}