{"id":238,"date":"2024-10-09T19:00:39","date_gmt":"2024-10-09T19:00:39","guid":{"rendered":"https:\/\/tiketvisa.com\/?page_id=238"},"modified":"2026-03-07T17:10:19","modified_gmt":"2026-03-07T17:10:19","slug":"faq","status":"publish","type":"page","link":"https:\/\/tiketvisa.com\/pl\/faq\/","title":{"rendered":"FAQ"},"content":{"rendered":"<div data-elementor-type=\"wp-page\" data-elementor-id=\"238\" class=\"elementor elementor-238\" data-elementor-post-type=\"page\">\n\t\t\t\t<div class=\"elementor-element elementor-element-4dbe50a e-flex e-con-boxed e-con e-parent\" data-id=\"4dbe50a\" data-element_type=\"container\" data-e-type=\"container\">\n\t\t\t\t\t<div class=\"e-con-inner\">\n\t\t<div class=\"elementor-element elementor-element-df26f20 e-con-full e-flex e-con e-child\" data-id=\"df26f20\" data-element_type=\"container\" data-e-type=\"container\">\n\t\t\t\t<div class=\"elementor-element elementor-element-32ed5f5 elementor-widget elementor-widget-heading\" data-id=\"32ed5f5\" data-element_type=\"widget\" data-e-type=\"widget\" data-widget_type=\"heading.default\">\n\t\t\t\t<div class=\"elementor-widget-container\">\n\t\t\t\t\t<h2 class=\"elementor-heading-title elementor-size-default\">Cz\u0119sto zadawane pytania<\/h2>\t\t\t\t<\/div>\n\t\t\t\t<\/div>\n\t\t\t\t<div class=\"elementor-element elementor-element-8cb7328 elementor-widget elementor-widget-text-editor\" data-id=\"8cb7328\" data-element_type=\"widget\" data-e-type=\"widget\" data-widget_type=\"text-editor.default\">\n\t\t\t\t<div class=\"elementor-widget-container\">\n\t\t\t\t\t\t\t\t\t<p><strong>1. Czym jest TiketVisa?<\/strong><\/p><p>TiketVisa zapewnia us\u0142ug\u0119 rezerwacji lot\u00f3w i hoteli. Wszystkie rezerwacje lot\u00f3w dokonane przez zarejestrowane biuro podr\u00f3\u017cy posiadaj\u0105 kod PNR (Passenger Name Record), kt\u00f3ry mo\u017cna zweryfikowa\u0107 na stronach internetowych g\u0142\u00f3wnych linii lotniczych.<\/p><p><strong>2. Dlaczego powinienem u\u017cywa\u0107 TiketVisa?<\/strong><\/p><p><strong>- Szybko:<\/strong> Otrzymaj wa\u017cn\u0105 rezerwacj\u0119 lotu i hotelu w zale\u017cno\u015bci od linii lotniczych w mniej ni\u017c 5 minut!<\/p><p><strong>- \u0141atwe:<\/strong> Uczynili\u015bmy ten proces tak prostym, jak to tylko mo\u017cliwe.<\/p><p><strong>- Prawdziwe:<\/strong> Dokonujemy prawdziwej rezerwacji lotu 100%. Wa\u017cno\u015b\u0107 rezerwacji lotu mo\u017cna sprawdzi\u0107 na stronach internetowych g\u0142\u00f3wnych linii lotniczych.<\/p><p><strong>- Tanie: <\/strong>W przypadku zakupu bilet\u00f3w lub rezerwacji hotelowych bezpo\u015brednio od os\u00f3b trzecich lub na stronach internetowych linii lotniczych\/hoteli, nale\u017cy zap\u0142aci\u0107 pe\u0142n\u0105 kwot\u0119 z g\u00f3ry. Jednak dokonuj\u0105c rezerwacji za naszym po\u015brednictwem, mo\u017cemy dokona\u0107 rezerwacji ju\u017c od $9.<\/p><p><strong>3. Co otrzymam?<\/strong><\/p><p>Otrzymasz dokument PDF zawieraj\u0105cy plan lotu dla wybranej trasy oraz kod PNR potwierdzaj\u0105cy rezerwacj\u0119. <em><span style=\"color: #009fe3;\"><a style=\"color: #009fe3;\" href=\"https:\/\/tiketvisa.com\/wp-content\/uploads\/2025\/09\/TiketVisa_Ticket_Template.pdf\">Zobacz przyk\u0142adowy plik PDF<\/a><\/span><\/em><\/p><p><strong>4. Jak wygl\u0105da kod PNR?<\/strong><\/p><p>Nie ma uniwersalnego formatu dla kod\u00f3w PNR (Passenger Name Record), wi\u0119c liczba znak\u00f3w i informacji mo\u017ce si\u0119 r\u00f3\u017cni\u0107 w zale\u017cno\u015bci od systemu. Na przyk\u0142ad kod rezerwacji lotu sk\u0142ada si\u0119 zazwyczaj z 6 cyfr i liter (<em>162J24<\/em>) lub tylko 8 cyfr, ale format mo\u017ce si\u0119 r\u00f3\u017cni\u0107.<\/p><p><strong>5. Jak d\u0142ugo wa\u017cna jest rezerwacja lotu?<\/strong><\/p><p>Zale\u017cy to od linii lotniczej. Nasze rezerwacje lot\u00f3w s\u0105 zazwyczaj wa\u017cne przez 48 godzin po otrzymaniu rezerwacji w formacie PDF.<\/p><p><strong>6. Czy mo\u017cna zmieni\u0107 szczeg\u00f3\u0142y rezerwacji lotu?<\/strong><\/p><p>Nie, nasza strona internetowa dokonuje rezerwacji natychmiast. Po z\u0142o\u017ceniu zam\u00f3wienia nic nie mo\u017cna zmieni\u0107. Je\u015bli wymagane s\u0105 jakiekolwiek zmiany, nale\u017cy dokona\u0107 nowej rezerwacji.<\/p><p><strong>7. Czy mo\u017cna wybra\u0107 lot, kt\u00f3ry zostanie zarezerwowany?<\/strong><\/p><p>Nie w tej chwili.<\/p><p><strong>8. Czy musz\u0119 odwo\u0142a\u0107 lot?<\/strong><\/p><p>Nie, rezerwacje zostan\u0105 automatycznie anulowane 48 godzin po otrzymaniu biletu.<\/p><p><strong>8. Czy otrzymam numer biletu elektronicznego?<\/strong><\/p><p>Nie, numer biletu elektronicznego nie jest zawarty w rezerwacji. Je\u015bli potrzebujesz numeru biletu elektronicznego, musisz kupi\u0107 pe\u0142ny bilet.<\/p><p><strong>10. Czy p\u0142ac\u0119 pe\u0142n\u0105 cen\u0119 za lot?<\/strong><\/p><p>Nie, jest to tylko rezerwacja lotu, wi\u0119c nie p\u0142acisz za pe\u0142n\u0105 cen\u0119 lotu. Wystarczy ui\u015bci\u0107 op\u0142at\u0119 za rezerwacj\u0119 lotu.<\/p><p><strong>11. Czy mog\u0119 skorzysta\u0107 z rezerwacji lotu, aby polecie\u0107?<\/strong><\/p><p>Nie, to tylko rezerwacja lotu.<\/p><p><strong>12. Czy mog\u0119 zarezerwowa\u0107 loty do dowolnego miejsca na \u015bwiecie za po\u015brednictwem Tiketvisa? <br \/><\/strong><\/p><p>Mo\u017cesz zarezerwowa\u0107 loty do g\u0142\u00f3wnych mi\u0119dzynarodowych port\u00f3w lotniczych na ca\u0142ym \u015bwiecie. Skupiamy si\u0119 na podawaniu lotnisk, kt\u00f3re oferuj\u0105 rozleg\u0142e po\u0142\u0105czenia globalne, zapewniaj\u0105c loty do miejsc docelowych niemal wsz\u0119dzie.<\/p><p><em>Nale\u017cy pami\u0119ta\u0107, \u017ce ze wzgl\u0119du na obecne warunki geopolityczne, tymczasowo <strong>niezdolny<\/strong> w celu zapewnienia rezerwacji lot\u00f3w do nast\u0119puj\u0105cych miejsc docelowych:<\/em><\/p><ul><li><em>Moskwa (Rosja)<\/em><\/li><li><em>Mi\u0144sk (Bia\u0142oru\u015b)<\/em><\/li><li><em>Pjongjang (Korea P\u00f3\u0142nocna)<\/em><\/li><li><em>Hawana (Kuba)<\/em><\/li><li><em>Kij\u00f3w (Ukraina)<\/em><\/li><\/ul><p><strong><br \/>13. Czy mog\u0119 zarezerwowa\u0107 hotele w dowolnym mie\u015bcie na \u015bwiecie?<br \/><\/strong><\/p><p>Tak, mo\u017cesz rezerwowa\u0107 hotele przez Tiketvisa, ale my skupiamy si\u0119 na <b>stolice i inne du\u017ce miasta<\/b>.<\/p><p><em>Nale\u017cy pami\u0119ta\u0107, \u017ce ze wzgl\u0119du na obecne warunki geopolityczne, tymczasowo <strong>niezdolny<\/strong> w celu zapewnienia rezerwacji hotelowych dla nast\u0119puj\u0105cych miast:<\/em><\/p><ul><li><em>Moskwa (Rosja)<\/em><\/li><li><em>Pjongjang (Korea P\u00f3\u0142nocna)<\/em><\/li><li><em>Kabul (Afganistan)<\/em><\/li><li><em>D\u017cuba (Sudan Po\u0142udniowy)<\/em><\/li><li><em>Hawana (Kuba)<\/em><\/li><li><em>Teheran (Iran)<\/em><\/li><li><em>Asmara (Erytrea)<\/em><\/li><\/ul><p><b>14. Pr\u00f3bowa\u0142em sprawdzi\u0107 m\u00f3j PNR na stronie linii lotniczej, ale okaza\u0142o si\u0119, \u017ce nie mo\u017cna go zweryfikowa\u0107. Czy moja rezerwacja zosta\u0142a potwierdzona?<\/b><\/p><p>Tak, rezerwacja zosta\u0142a potwierdzona. Jest to normalna procedura w przypadku wielu tanich linii lotniczych (takich jak AirAsia, Vietjet, RyanAir, Batik Air, Malindo, Lion air itp.) Ich systemy online cz\u0119sto nie s\u0105 zgodne z rezerwacjami dokonanymi za po\u015brednictwem biur podr\u00f3\u017cy.<\/p><p><strong><br \/>15. Co mog\u0119 zrobi\u0107, je\u015bli nie otrzyma\u0142em rezerwacji?<\/strong><\/p><p>Po prostu napisz do nas <span style=\"color: #009fe3;\"><a style=\"color: #009fe3;\" href=\"mailto:hi@tiketvisa.com\"><em>hi@tiketvisa.com<\/em><\/a><\/span> lub skontaktowa\u0107 si\u0119 z nami przez Instagram <span style=\"color: #009fe3;\"><a style=\"color: #009fe3;\" href=\"https:\/\/instagram.com\/tiketvisa\" target=\"_blank\" rel=\"noopener\">@tiketvisa<\/a><\/span> dla szybszej reakcji.<\/p>\t\t\t\t\t\t\t\t<\/div>\n\t\t\t\t<\/div>\n\t\t\t\t<div class=\"elementor-element elementor-element-995f48e elementor-widget elementor-widget-heading\" data-id=\"995f48e\" data-element_type=\"widget\" data-e-type=\"widget\" data-widget_type=\"heading.default\">\n\t\t\t\t<div class=\"elementor-widget-container\">\n\t\t\t\t\t<h2 class=\"elementor-heading-title elementor-size-default\">Program partnerski FAQ<\/h2>\t\t\t\t<\/div>\n\t\t\t\t<\/div>\n\t\t\t\t<div class=\"elementor-element elementor-element-1854067 elementor-widget elementor-widget-text-editor\" data-id=\"1854067\" data-element_type=\"widget\" data-e-type=\"widget\" data-widget_type=\"text-editor.default\">\n\t\t\t\t<div class=\"elementor-widget-container\">\n\t\t\t\t\t\t\t\t\t<p><strong>1. Czym jest program partnerski Tiketvisa.com?<\/strong><br \/>Program partnerski Tiketvisa.com umo\u017cliwia u\u017cytkownikom zarabianie prowizji poprzez promowanie us\u0142ug rezerwacji lot\u00f3w i hoteli TiketVisa za po\u015brednictwem link\u00f3w partnerskich. Do\u0142\u0105czenie do programu jest bezp\u0142atne, a partnerzy otrzymuj\u0105 prowizj\u0119 w wysoko\u015bci 10% od ka\u017cdego zakupu dokonanego za po\u015brednictwem ich link\u00f3w.<\/p><p><strong>2. Jak do\u0142\u0105czy\u0107 do programu partnerskiego Tiketvisa.com?<\/strong><br \/>Wystarczy zarejestrowa\u0107 si\u0119 bezp\u0142atnie na stronie <span style=\"color: #009fe3;\"><a style=\"color: #009fe3;\" href=\"https:\/\/affiliate.tiketvisa.com\">https:\/\/affiliate.tiketvisa.com<\/a><\/span>. Po rejestracji otrzymasz dwa linki partnerskie - jeden do lot\u00f3w i jeden do hoteli.<\/p><p><strong>3. Jak mog\u0119 korzysta\u0107 z moich link\u00f3w partnerskich?<\/strong><br \/>Linki partnerskie mo\u017cna udost\u0119pnia\u0107 w mediach spo\u0142eczno\u015bciowych, na blogu, w wiadomo\u015bciach e-mail lub na innych platformach. Prosimy jednak o powstrzymanie si\u0119 od spamu i unikanie udost\u0119pniania na nieodpowiednich stronach, takich jak strony z tre\u015bciami dla doros\u0142ych. Wszelkie wykryte dzia\u0142ania spamowe mog\u0105 prowadzi\u0107 do zablokowania konta partnerskiego.<\/p><p><strong>4. Ile prowizji zarobi\u0119?<\/strong><br \/>Partnerzy otrzymuj\u0105 prowizj\u0119 10% od ka\u017cdego zakupu dokonanego za po\u015brednictwem ich link\u00f3w partnerskich.<\/p><p><strong>5. Kiedy zostan\u0119 powiadomiony o moich zarobkach?<\/strong><br \/>Otrzymasz powiadomienie e-mail za ka\u017cdym razem, gdy zarobisz prowizj\u0119. Dodatkowo otrzymasz wiadomo\u015b\u0107 e-mail, gdy saldo prowizji osi\u0105gnie $50.<\/p><p><strong>6. Kiedy i jak mog\u0119 wyp\u0142aci\u0107 swoje zarobki?<\/strong><br \/>Gdy saldo osi\u0105gnie $50 lub przyrosty $50, mo\u017cesz za\u017c\u0105da\u0107 wyp\u0142aty na swoje konto PayPal.<\/p><p><strong>7. Co si\u0119 stanie, je\u015bli nie wyp\u0142ac\u0119 swoich zarobk\u00f3w?<\/strong><br \/>Je\u015bli nie zdecydujesz si\u0119 na wyp\u0142at\u0119, Twoje saldo b\u0119dzie nadal ros\u0142o w systemie, dop\u00f3ki nie zdecydujesz si\u0119 za\u017c\u0105da\u0107 wyp\u0142aty.<\/p><p><strong>8. Czy mog\u0119 straci\u0107 dost\u0119p do programu partnerskiego?<\/strong><br \/>Tak. Wszelkie dzia\u0142ania spamerskie lub udost\u0119pnianie link\u00f3w na nieodpowiednich platformach mo\u017ce prowadzi\u0107 do zablokowania konta. Post\u0119puj zgodnie z wytycznymi, aby zachowa\u0107 status partnera.<\/p><hr \/><p>Je\u015bli masz jakiekolwiek pytania lub potrzebujesz pomocy, skontaktuj si\u0119 z nami pod adresem <span style=\"color: #009fe3;\"><em><a style=\"color: #009fe3;\" href=\"mailto:affiliate@tiketvisa.com\">affiliate@tiketvisa.com<\/a><\/em><\/span> lub na Instagram <span style=\"color: #009fe3;\"><a style=\"color: #009fe3;\" href=\"https:\/\/instagram.com\/tiketvisa\" target=\"_blank\" rel=\"noopener\">@tiketvisa<\/a><\/span> . Jeste\u015bmy tutaj, aby pom\u00f3c Ci odnie\u015b\u0107 sukces.<\/p>\t\t\t\t\t\t\t\t<\/div>\n\t\t\t\t<\/div>\n\t\t\t\t<\/div>\n\t\t\t\t\t<\/div>\n\t\t\t\t<\/div>\n\t\t\t\t<\/div>","protected":false},"excerpt":{"rendered":"<p>Frequently Asked Questions 1. What is TiketVisa? TiketVisa provides a service which delivers flight reservations &amp; hotel bookings. All flight bookings made by a registered travel agency that come with a PNR (Passenger Name Record) Code which is verifiable on major airline\u2019s websites. 2. Why shoud I use TiketVisa? \u2013 Fast: Receive a valid flight [&hellip;]<\/p>\n","protected":false},"author":1,"featured_media":0,"parent":0,"menu_order":0,"comment_status":"closed","ping_status":"closed","template":"","meta":{"footnotes":""},"class_list":["post-238","page","type-page","status-publish","hentry"],"_links":{"self":[{"href":"https:\/\/tiketvisa.com\/pl\/wp-json\/wp\/v2\/pages\/238","targetHints":{"allow":["GET"]}}],"collection":[{"href":"https:\/\/tiketvisa.com\/pl\/wp-json\/wp\/v2\/pages"}],"about":[{"href":"https:\/\/tiketvisa.com\/pl\/wp-json\/wp\/v2\/types\/page"}],"author":[{"embeddable":true,"href":"https:\/\/tiketvisa.com\/pl\/wp-json\/wp\/v2\/users\/1"}],"replies":[{"embeddable":true,"href":"https:\/\/tiketvisa.com\/pl\/wp-json\/wp\/v2\/comments?post=238"}],"version-history":[{"count":0,"href":"https:\/\/tiketvisa.com\/pl\/wp-json\/wp\/v2\/pages\/238\/revisions"}],"wp:attachment":[{"href":"https:\/\/tiketvisa.com\/pl\/wp-json\/wp\/v2\/media?parent=238"}],"curies":[{"name":"wp","href":"https:\/\/api.w.org\/{rel}","templated":true}]}}