{"id":232,"date":"2024-10-09T18:59:08","date_gmt":"2024-10-09T18:59:08","guid":{"rendered":"https:\/\/tiketvisa.com\/?page_id=232"},"modified":"2024-10-11T10:08:11","modified_gmt":"2024-10-11T10:08:11","slug":"politica-de-privacidade","status":"publish","type":"page","link":"https:\/\/tiketvisa.com\/pt\/privacy-policy\/","title":{"rendered":"pol\u00edtica de Privacidade"},"content":{"rendered":"<div data-elementor-type=\"wp-page\" data-elementor-id=\"232\" class=\"elementor elementor-232\" data-elementor-post-type=\"page\">\n\t\t\t\t<div class=\"elementor-element elementor-element-c03a8ed e-flex e-con-boxed e-con e-parent\" data-id=\"c03a8ed\" data-element_type=\"container\" data-e-type=\"container\">\n\t\t\t\t\t<div class=\"e-con-inner\">\n\t\t\t\t<div class=\"elementor-element elementor-element-f419663 elementor-widget__width-initial elementor-widget elementor-widget-heading\" data-id=\"f419663\" data-element_type=\"widget\" data-e-type=\"widget\" data-widget_type=\"heading.default\">\n\t\t\t\t<div class=\"elementor-widget-container\">\n\t\t\t\t\t<h2 class=\"elementor-heading-title elementor-size-default\">pol\u00edtica de Privacidade<\/h2>\t\t\t\t<\/div>\n\t\t\t\t<\/div>\n\t\t<div class=\"elementor-element elementor-element-b19741a e-con-full e-flex e-con e-child\" data-id=\"b19741a\" data-element_type=\"container\" data-e-type=\"container\">\n\t\t\t\t<div class=\"elementor-element elementor-element-8fc6e8b elementor-widget elementor-widget-text-editor\" data-id=\"8fc6e8b\" data-element_type=\"widget\" data-e-type=\"widget\" data-widget_type=\"text-editor.default\">\n\t\t\t\t<div class=\"elementor-widget-container\">\n\t\t\t\t\t\t\t\t\t<p><strong>Data efetiva: <\/strong>10.10.2024<\/p><p>TiketVisa.com (\u201cn\u00f3s\u201d, \u201cnos\u201d ou \u201cnosso\u201d) se dedica a proteger sua privacidade. Esta Pol\u00edtica de Privacidade explica como coletamos, usamos, divulgamos e protegemos suas informa\u00e7\u00f5es quando voc\u00ea visita nosso site e utiliza nossos servi\u00e7os para reservas de hot\u00e9is e passagens a\u00e9reas.<\/p><p><strong>Informa\u00e7\u00f5es que coletamos<\/strong><\/p><p>Podemos coletar os seguintes tipos de informa\u00e7\u00f5es:<\/p><ul class=\"marker:text-textOff list-disc pl-8\"><li><strong>Informa\u00e7\u00f5es pessoais:<\/strong>\u00a0Isso inclui seu nome, endere\u00e7o de e-mail, n\u00famero de telefone e informa\u00e7\u00f5es de pagamento quando voc\u00ea cria uma conta, faz uma reserva ou entra em contato conosco.<\/li><li><strong>Informa\u00e7\u00f5es de reserva:<\/strong>\u00a0Detalhes relacionados \u00e0s suas reservas, como datas de viagem, prefer\u00eancias de hotel e pedidos especiais.<\/li><li><strong>Informa\u00e7\u00f5es de pagamento:<\/strong>\u00a0Aceitamos pagamentos por v\u00e1rios m\u00e9todos, incluindo Stripe, Apple Pay, Google Pay, principais cart\u00f5es de cr\u00e9dito, Alipay e WeChat Pay. As informa\u00e7\u00f5es de pagamento s\u00e3o processadas com seguran\u00e7a por nossos processadores de pagamento.<\/li><li><strong>Dados de uso:<\/strong>\u00a0Informa\u00e7\u00f5es sobre como voc\u00ea usa nosso site, incluindo endere\u00e7o IP, tipo de navegador, p\u00e1ginas visitadas e tempo gasto em nosso site.<\/li><\/ul><p><strong><br \/>Como usamos suas informa\u00e7\u00f5es<\/strong><\/p><p>Usamos as informa\u00e7\u00f5es que coletamos para v\u00e1rios prop\u00f3sitos:<\/p><ul class=\"marker:text-textOff list-disc pl-8\"><li>Para processar e confirmar suas reservas de hot\u00e9is e voos.<\/li><li>Para nos comunicarmos com voc\u00ea sobre suas reservas e fornecer suporte ao cliente.<\/li><li>Para melhorar nosso site e servi\u00e7os com base no feedback dos usu\u00e1rios e nos padr\u00f5es de uso.<\/li><li>Para lhe enviar materiais promocionais e atualiza\u00e7\u00f5es sobre nossos servi\u00e7os (voc\u00ea pode cancelar a qualquer momento).<\/li><\/ul><p><strong><br \/>Tecnologias de rastreamento<\/strong><\/p><p>Utilizamos v\u00e1rias tecnologias de rastreamento para aprimorar nossos esfor\u00e7os de publicidade:<\/p><p><strong>P\u00edxeis:<\/strong> Usamos pixels de rastreamento como<\/p><ul><li>Gerenciador de tags do Google,<\/li><li>Google Analytics,<\/li><li>Meta Pixel,<\/li><li>Pixel do TikTok,<\/li><li>Pixel do Snapchat,<\/li><li>Etiqueta do Pinterest,<\/li><li>Microsoft Clarity<\/li><\/ul><p>para rastrear nossos an\u00fancios e prop\u00f3sitos de retargeting. Essas ferramentas nos ajudam a analisar o comportamento do usu\u00e1rio e melhorar nossas estrat\u00e9gias de marketing.<\/p><p><strong>Divulga\u00e7\u00e3o de suas informa\u00e7\u00f5es<\/strong><\/p><p>Podemos compartilhar suas informa\u00e7\u00f5es nas seguintes situa\u00e7\u00f5es:<\/p><ul class=\"marker:text-textOff list-disc pl-8\"><li><strong>Prestadores de servi\u00e7os:<\/strong>\u00a0Contratamos empresas e indiv\u00edduos terceirizados para facilitar nossos servi\u00e7os (por exemplo, processadores de pagamento) que t\u00eam acesso \u00e0s suas informa\u00e7\u00f5es pessoais apenas para executar tarefas em nosso nome.<\/li><li><strong>Requisitos legais:<\/strong>\u00a0Podemos divulgar suas informa\u00e7\u00f5es se exigido por lei ou em resposta a solicita\u00e7\u00f5es v\u00e1lidas de autoridades p\u00fablicas.<\/li><li><strong>Transfer\u00eancias de neg\u00f3cios:<\/strong>\u00a0No caso de uma fus\u00e3o, aquisi\u00e7\u00e3o ou venda de ativos, seus dados pessoais podem ser transferidos como parte dessa transa\u00e7\u00e3o.<\/li><\/ul><p><strong><br \/>Seguran\u00e7a de Dados<\/strong><\/p><p>Levamos a seguran\u00e7a de suas informa\u00e7\u00f5es pessoais a s\u00e9rio. Implementamos medidas t\u00e9cnicas e organizacionais apropriadas para proteger seus dados de acesso n\u00e3o autorizado, perda ou uso indevido. No entanto, esteja ciente de que nenhum m\u00e9todo de transmiss\u00e3o pela Internet ou armazenamento eletr\u00f4nico \u00e9 100% seguro.<\/p><p><strong>Seus direitos<\/strong><\/p><p>Voc\u00ea tem o direito de:<\/p><ul class=\"marker:text-textOff list-disc pl-8\"><li>Acesse as informa\u00e7\u00f5es pessoais que temos sobre voc\u00ea.<\/li><li>Solicitar a corre\u00e7\u00e3o de quaisquer dados imprecisos.<\/li><li>Solicitar a exclus\u00e3o dos seus dados pessoais sob determinadas condi\u00e7\u00f5es.<\/li><li>Retire o consentimento para que possamos processar seus dados quando dependermos do consentimento.<\/li><\/ul><p>Para exercer esses direitos, entre em contato conosco usando as informa\u00e7\u00f5es de contato fornecidas abaixo.<\/p><p><strong>Biscoitos<\/strong><\/p><p>Nosso site usa cookies para melhorar a experi\u00eancia do usu\u00e1rio. Cookies s\u00e3o pequenos arquivos armazenados no seu dispositivo que nos ajudam a melhorar nossos servi\u00e7os. Voc\u00ea pode escolher aceitar ou recusar cookies por meio das configura\u00e7\u00f5es do seu navegador. No entanto, recusar cookies pode afetar a funcionalidade do nosso site.<\/p><p><strong>Pol\u00edtica de Reembolso<\/strong><\/p><p>Observe que todas as reservas feitas atrav\u00e9s do TiketVisa n\u00e3o s\u00e3o reembols\u00e1veis. Para mais detalhes, consulte nosso <span style=\"color: #009fe3;\"><a style=\"color: #009fe3;\" href=\"https:\/\/tiketvisa.com\/pt\/politica-de-reembolso\/\" data-wplink-url-error=\"true\">Pol\u00edtica de Reembolso<\/a>.<\/span><\/p><p><strong>Altera\u00e7\u00f5es a esta Pol\u00edtica de Privacidade<\/strong><\/p><p>Podemos atualizar nossa Pol\u00edtica de Privacidade de tempos em tempos. Quaisquer altera\u00e7\u00f5es ser\u00e3o publicadas nesta p\u00e1gina com uma data efetiva atualizada. N\u00f3s o encorajamos a revisar esta Pol\u00edtica de Privacidade periodicamente para quaisquer altera\u00e7\u00f5es.<\/p><p><strong>Contate-nos<\/strong><\/p><p>Se voc\u00ea tiver alguma d\u00favida sobre esta Pol\u00edtica de Privacidade ou nossas pr\u00e1ticas relacionadas \u00e0s suas informa\u00e7\u00f5es pessoais, entre em contato conosco em:<\/p><p>E-mail: <span style=\"color: #009fe3;\"><a style=\"color: #009fe3;\" href=\"mailto:hi@tiketvisa.com\">hi@tiketvisa.com<\/a><\/span><\/p><p>Ao usar o TiketVisa.com, voc\u00ea concorda com os termos descritos neste <span style=\"color: #009fe3;\"><a style=\"color: #009fe3;\" href=\"https:\/\/tiketvisa.com\/pt\/politica-de-privacidade\/\" data-wplink-url-error=\"true\">pol\u00edtica de Privacidade<\/a><\/span>.<\/p>\t\t\t\t\t\t\t\t<\/div>\n\t\t\t\t<\/div>\n\t\t\t\t<\/div>\n\t\t\t\t\t<\/div>\n\t\t\t\t<\/div>\n\t\t\t\t<\/div>","protected":false},"excerpt":{"rendered":"<p>Privacy Policy Effective Date: 10.10.2024 TiketVisa.com (&#8220;we,&#8221; &#8220;us,&#8221; or &#8220;our&#8221;) is dedicated to safeguarding your privacy. This Privacy Policy explains how we collect, use, disclose, and protect your information when you visit our website and utilize our services for hotel reservations and flight ticket bookings. Information We Collect We may collect the following types of [&hellip;]<\/p>\n","protected":false},"author":1,"featured_media":0,"parent":0,"menu_order":0,"comment_status":"closed","ping_status":"closed","template":"","meta":{"footnotes":""},"class_list":["post-232","page","type-page","status-publish","hentry"],"_links":{"self":[{"href":"https:\/\/tiketvisa.com\/pt\/wp-json\/wp\/v2\/pages\/232","targetHints":{"allow":["GET"]}}],"collection":[{"href":"https:\/\/tiketvisa.com\/pt\/wp-json\/wp\/v2\/pages"}],"about":[{"href":"https:\/\/tiketvisa.com\/pt\/wp-json\/wp\/v2\/types\/page"}],"author":[{"embeddable":true,"href":"https:\/\/tiketvisa.com\/pt\/wp-json\/wp\/v2\/users\/1"}],"replies":[{"embeddable":true,"href":"https:\/\/tiketvisa.com\/pt\/wp-json\/wp\/v2\/comments?post=232"}],"version-history":[{"count":0,"href":"https:\/\/tiketvisa.com\/pt\/wp-json\/wp\/v2\/pages\/232\/revisions"}],"wp:attachment":[{"href":"https:\/\/tiketvisa.com\/pt\/wp-json\/wp\/v2\/media?parent=232"}],"curies":[{"name":"wp","href":"https:\/\/api.w.org\/{rel}","templated":true}]}}