{"id":238,"date":"2024-10-09T19:00:39","date_gmt":"2024-10-09T19:00:39","guid":{"rendered":"https:\/\/tiketvisa.com\/?page_id=238"},"modified":"2026-03-07T17:10:19","modified_gmt":"2026-03-07T17:10:19","slug":"perguntas-frequentes","status":"publish","type":"page","link":"https:\/\/tiketvisa.com\/pt\/faq\/","title":{"rendered":"FAQ"},"content":{"rendered":"<div data-elementor-type=\"wp-page\" data-elementor-id=\"238\" class=\"elementor elementor-238\" data-elementor-post-type=\"page\">\n\t\t\t\t<div class=\"elementor-element elementor-element-4dbe50a e-flex e-con-boxed e-con e-parent\" data-id=\"4dbe50a\" data-element_type=\"container\" data-e-type=\"container\">\n\t\t\t\t\t<div class=\"e-con-inner\">\n\t\t<div class=\"elementor-element elementor-element-df26f20 e-con-full e-flex e-con e-child\" data-id=\"df26f20\" data-element_type=\"container\" data-e-type=\"container\">\n\t\t\t\t<div class=\"elementor-element elementor-element-32ed5f5 elementor-widget elementor-widget-heading\" data-id=\"32ed5f5\" data-element_type=\"widget\" data-e-type=\"widget\" data-widget_type=\"heading.default\">\n\t\t\t\t<div class=\"elementor-widget-container\">\n\t\t\t\t\t<h2 class=\"elementor-heading-title elementor-size-default\">Perguntas Frequentes<\/h2>\t\t\t\t<\/div>\n\t\t\t\t<\/div>\n\t\t\t\t<div class=\"elementor-element elementor-element-8cb7328 elementor-widget elementor-widget-text-editor\" data-id=\"8cb7328\" data-element_type=\"widget\" data-e-type=\"widget\" data-widget_type=\"text-editor.default\">\n\t\t\t\t<div class=\"elementor-widget-container\">\n\t\t\t\t\t\t\t\t\t<p><strong>1. O que \u00e9 TiketVisa?<\/strong><\/p><p>A TiketVisa fornece um servi\u00e7o que entrega reservas de voos e reservas de hot\u00e9is. Todas as reservas de voos feitas por uma ag\u00eancia de viagens registrada que vem com um C\u00f3digo PNR (Passenger Name Record) que \u00e9 verific\u00e1vel nos principais sites das companhias a\u00e9reas.<\/p><p><strong>2. Por que devo usar o TiketVisa?<\/strong><\/p><p><strong>- R\u00e1pido:<\/strong> Receba uma reserva de voo e hotel v\u00e1lida, dependendo da companhia a\u00e9rea, em menos de 5 minutos!<\/p><p><strong>- F\u00e1cil:<\/strong> N\u00f3s tornamos o processo o mais simples poss\u00edvel.<\/p><p><strong>- Real:<\/strong> Fazemos uma reserva de voo real 100%. Voc\u00ea pode verificar a validade da sua reserva de voo nos sites das principais companhias a\u00e9reas.<\/p><p><strong>- Barato: <\/strong>Se voc\u00ea comprar passagens ou reservas de hotel diretamente de terceiros ou sites de companhias a\u00e9reas\/hot\u00e9is, voc\u00ea precisar\u00e1 pagar o valor total adiantado. No entanto, ao reservar conosco, podemos fazer reservas para voc\u00ea a partir de apenas $9.<\/p><p><strong>3. O que receberei?<\/strong><\/p><p>Voc\u00ea receber\u00e1 um documento PDF que inclui um itiner\u00e1rio de voo para a rota selecionada e um c\u00f3digo PNR que confirma sua reserva. <em><span style=\"color: #009fe3;\"><a style=\"color: #009fe3;\" href=\"https:\/\/tiketvisa.com\/wp-content\/uploads\/2025\/09\/TiketVisa_Ticket_Template.pdf\">Veja o exemplo em PDF<\/a><\/span><\/em><\/p><p><strong>4. Como \u00e9 o c\u00f3digo PNR?<\/strong><\/p><p>N\u00e3o h\u00e1 um formato universal para c\u00f3digos de Registro de Nome de Passageiro (PNR), ent\u00e3o o n\u00famero de caracteres e informa\u00e7\u00f5es pode variar de acordo com o sistema. Por exemplo, um c\u00f3digo de reserva de voo \u00e9 geralmente composto de 6 n\u00fameros e letras (<em>162J24<\/em>) ou apenas 8 d\u00edgitos de n\u00fameros, mas o formato pode variar.<\/p><p><strong>5. Por quanto tempo a reserva do voo \u00e9 v\u00e1lida?<\/strong><\/p><p>It depends on the airline. Our flight reservations are usually valid for 48 hours after you receive the PDF reservation.<\/p><p><strong>6. Voc\u00eas podem alterar os detalhes da minha reserva de voo?<\/strong><\/p><p>N\u00e3o, nosso site faz a reserva instantaneamente. Ent\u00e3o, depois do seu pedido, nada pode ser alterado. Se voc\u00ea precisar de alguma altera\u00e7\u00e3o, precisar\u00e1 fazer uma nova reserva.<\/p><p><strong>7. \u00c9 poss\u00edvel selecionar o voo que ser\u00e1 reservado?<\/strong><\/p><p>N\u00e3o no momento.<\/p><p><strong>8. Tenho que cancelar o voo?<\/strong><\/p><p>N\u00e3o, as reservas ser\u00e3o canceladas automaticamente 48 horas ap\u00f3s voc\u00ea receber seu ingresso.<\/p><p><strong>8. Recebo um n\u00famero de e-ticket?<\/strong><\/p><p>N\u00e3o, um n\u00famero de e-ticket n\u00e3o est\u00e1 incluso em uma reserva. Se voc\u00ea precisar de um n\u00famero de e-ticket, precisar\u00e1 comprar o ingresso completo.<\/p><p><strong>10. Pago o pre\u00e7o integral do voo?<\/strong><\/p><p>N\u00e3o, esta \u00e9 apenas uma reserva de voo, ent\u00e3o voc\u00ea n\u00e3o est\u00e1 pagando o pre\u00e7o total do voo. Voc\u00ea s\u00f3 precisa pagar a taxa de reserva de voo.<\/p><p><strong>11. Posso usar minha reserva de voo para voar?<\/strong><\/p><p>N\u00e3o, esta \u00e9 apenas uma reserva de voo.<\/p><p><strong>12. Posso reservar voos para qualquer destino no mundo atrav\u00e9s da Tiketvisa? <br \/><\/strong><\/p><p>Pode reservar voos para os principais aeroportos internacionais em todo o mundo. Concentramo-nos na listagem dos aeroportos que oferecem uma ampla conetividade global, proporcionando voos para destinos em quase todo o mundo.<\/p><p><em>Devido \u00e0s actuais condi\u00e7\u00f5es geopol\u00edticas, estamos temporariamente <strong>incapaz<\/strong> para efetuar reservas de voos para os seguintes destinos:<\/em><\/p><ul><li><em>Moscovo (R\u00fassia)<\/em><\/li><li><em>Minsk (Bielorr\u00fassia)<\/em><\/li><li><em>Pyongyang (Coreia do Norte)<\/em><\/li><li><em>Havana (Cuba)<\/em><\/li><li><em>Kyiv (Ucr\u00e2nia)<\/em><\/li><\/ul><p><strong><br \/>13. Posso reservar hot\u00e9is em qualquer cidade do mundo?<br \/><\/strong><\/p><p>Sim, pode reservar hot\u00e9is atrav\u00e9s da Tiketvisa, mas n\u00f3s concentramo-nos em <b>capitais e outras grandes cidades<\/b>.<\/p><p><em>Devido \u00e0s actuais condi\u00e7\u00f5es geopol\u00edticas, estamos temporariamente <strong>incapaz<\/strong> para efetuar reservas de hot\u00e9is nas seguintes cidades:<\/em><\/p><ul><li><em>Moscovo (R\u00fassia)<\/em><\/li><li><em>Pyongyang (Coreia do Norte)<\/em><\/li><li><em>Cabul (Afeganist\u00e3o)<\/em><\/li><li><em>Juba (Sud\u00e3o do Sul)<\/em><\/li><li><em>Havana (Cuba)<\/em><\/li><li><em>Tehran (Iran)<\/em><\/li><li><em>Asmara (Eritrea)<\/em><\/li><\/ul><p><b>14. Tentei verificar o meu PNR no s\u00edtio Web da companhia a\u00e9rea, mas diz que n\u00e3o \u00e9 verific\u00e1vel. A minha reserva est\u00e1 confirmada?<\/b><\/p><p>Sim, a sua reserva est\u00e1 confirmada. Este \u00e9 um procedimento normal para muitas companhias a\u00e9reas econ\u00f3micas (como a AirAsia, Vietjet, RyanAir, Batik Air, Malindo, Lion air, etc.). Muitas vezes, os seus sistemas em linha n\u00e3o correspondem \u00e0s reservas efectuadas atrav\u00e9s de ag\u00eancias de viagens.<\/p><p><strong><br \/>15. O que posso fazer se n\u00e3o obtiver a minha reserva?<\/strong><\/p><p>Basta nos enviar um e-mail <span style=\"color: #009fe3;\"><a style=\"color: #009fe3;\" href=\"mailto:hi@tiketvisa.com\"><em>hi@tiketvisa.com<\/em><\/a><\/span> ou entre em contato conosco pelo Instagram <span style=\"color: #009fe3;\"><a style=\"color: #009fe3;\" href=\"https:\/\/instagram.com\/tiketvisa\" target=\"_blank\" rel=\"noopener\">@tiketvisa<\/a><\/span> para uma resposta mais r\u00e1pida.<\/p>\t\t\t\t\t\t\t\t<\/div>\n\t\t\t\t<\/div>\n\t\t\t\t<div class=\"elementor-element elementor-element-995f48e elementor-widget elementor-widget-heading\" data-id=\"995f48e\" data-element_type=\"widget\" data-e-type=\"widget\" data-widget_type=\"heading.default\">\n\t\t\t\t<div class=\"elementor-widget-container\">\n\t\t\t\t\t<h2 class=\"elementor-heading-title elementor-size-default\">Perguntas frequentes sobre o programa de afiliados<\/h2>\t\t\t\t<\/div>\n\t\t\t\t<\/div>\n\t\t\t\t<div class=\"elementor-element elementor-element-1854067 elementor-widget elementor-widget-text-editor\" data-id=\"1854067\" data-element_type=\"widget\" data-e-type=\"widget\" data-widget_type=\"text-editor.default\">\n\t\t\t\t<div class=\"elementor-widget-container\">\n\t\t\t\t\t\t\t\t\t<p><strong>1. O que \u00e9 o Programa de Afiliados Tiketvisa.com?<\/strong><br \/>O Programa de Afiliados Tiketvisa.com permite que os usu\u00e1rios ganhem comiss\u00f5es promovendo os servi\u00e7os de reserva de voos e hot\u00e9is da TiketVisa por meio de links de afiliados. \u00c9 gratuito para participar, e os afiliados ganham uma comiss\u00e3o de 10% em cada compra feita por meio de seus links.<\/p><p><strong>2. Como fa\u00e7o para participar do Programa de Afiliados Tiketvisa.com?<\/strong><br \/>Basta registrar-se gratuitamente em <span style=\"color: #009fe3;\"><a style=\"color: #009fe3;\" href=\"https:\/\/affiliate.tiketvisa.com\">https:\/\/affiliate.tiketvisa.com<\/a><\/span>. Ap\u00f3s o registro, voc\u00ea receber\u00e1 dois links de afiliados \u2014 um para voos e outro para hot\u00e9is.<\/p><p><strong>3. Como posso usar meus links de afiliados?<\/strong><br \/>Voc\u00ea pode compartilhar seus links de afiliados em m\u00eddias sociais, seu blog, e-mail ou qualquer outra plataforma. No entanto, evite atividades de spam e compartilhamento em sites inapropriados, como sites de conte\u00fado adulto. Qualquer atividade de spam detectada pode levar ao banimento de sua conta de afiliado.<\/p><p><strong>4. Quanto de comiss\u00e3o ganharei?<\/strong><br \/>Os afiliados ganham uma comiss\u00e3o de 10% em cada compra feita por meio de seus links de afiliados.<\/p><p><strong>5. Quando serei notificado sobre meus ganhos?<\/strong><br \/>Voc\u00ea receber\u00e1 uma notifica\u00e7\u00e3o por e-mail toda vez que ganhar uma comiss\u00e3o. Al\u00e9m disso, voc\u00ea receber\u00e1 um e-mail quando seu saldo de comiss\u00e3o atingir $50.<\/p><p><strong>6. Quando e como posso sacar meus ganhos?<\/strong><br \/>Quando seu saldo atingir $50 ou incrementos de $50, voc\u00ea poder\u00e1 solicitar um saque para sua conta do PayPal.<\/p><p><strong>7. O que acontece se eu n\u00e3o sacar meus ganhos?<\/strong><br \/>Se voc\u00ea optar por n\u00e3o sacar, seu saldo continuar\u00e1 crescendo no sistema at\u00e9 que voc\u00ea decida solicitar um saque.<\/p><p><strong>8. Posso perder o acesso ao programa de afiliados?<\/strong><br \/>Sim. Qualquer atividade de spam ou compartilhamento de links em plataformas inapropriadas pode levar ao banimento da conta. Siga as diretrizes para manter seu status de afiliado.<\/p><hr \/><p>Se voc\u00ea tiver alguma d\u00favida ou precisar de ajuda, sinta-se \u00e0 vontade para entrar em contato conosco em <span style=\"color: #009fe3;\"><em><a style=\"color: #009fe3;\" href=\"mailto:affiliate@tiketvisa.com\">affiliate@tiketvisa.com<\/a><\/em><\/span> ou para o Instagram <span style=\"color: #009fe3;\"><a style=\"color: #009fe3;\" href=\"https:\/\/instagram.com\/tiketvisa\" target=\"_blank\" rel=\"noopener\">@tiketvisa<\/a><\/span> Estamos aqui para ajudar voc\u00ea a ter sucesso.<\/p>\t\t\t\t\t\t\t\t<\/div>\n\t\t\t\t<\/div>\n\t\t\t\t<\/div>\n\t\t\t\t\t<\/div>\n\t\t\t\t<\/div>\n\t\t\t\t<\/div>","protected":false},"excerpt":{"rendered":"<p>Frequently Asked Questions 1. What is TiketVisa? TiketVisa provides a service which delivers flight reservations &amp; hotel bookings. All flight bookings made by a registered travel agency that come with a PNR (Passenger Name Record) Code which is verifiable on major airline\u2019s websites. 2. Why shoud I use TiketVisa? \u2013 Fast: Receive a valid flight [&hellip;]<\/p>\n","protected":false},"author":1,"featured_media":0,"parent":0,"menu_order":0,"comment_status":"closed","ping_status":"closed","template":"","meta":{"footnotes":""},"class_list":["post-238","page","type-page","status-publish","hentry"],"_links":{"self":[{"href":"https:\/\/tiketvisa.com\/pt\/wp-json\/wp\/v2\/pages\/238","targetHints":{"allow":["GET"]}}],"collection":[{"href":"https:\/\/tiketvisa.com\/pt\/wp-json\/wp\/v2\/pages"}],"about":[{"href":"https:\/\/tiketvisa.com\/pt\/wp-json\/wp\/v2\/types\/page"}],"author":[{"embeddable":true,"href":"https:\/\/tiketvisa.com\/pt\/wp-json\/wp\/v2\/users\/1"}],"replies":[{"embeddable":true,"href":"https:\/\/tiketvisa.com\/pt\/wp-json\/wp\/v2\/comments?post=238"}],"version-history":[{"count":0,"href":"https:\/\/tiketvisa.com\/pt\/wp-json\/wp\/v2\/pages\/238\/revisions"}],"wp:attachment":[{"href":"https:\/\/tiketvisa.com\/pt\/wp-json\/wp\/v2\/media?parent=238"}],"curies":[{"name":"wp","href":"https:\/\/api.w.org\/{rel}","templated":true}]}}