{"id":232,"date":"2024-10-09T18:59:08","date_gmt":"2024-10-09T18:59:08","guid":{"rendered":"https:\/\/tiketvisa.com\/?page_id=232"},"modified":"2024-10-11T10:08:11","modified_gmt":"2024-10-11T10:08:11","slug":"gizlilik-politikasi","status":"publish","type":"page","link":"https:\/\/tiketvisa.com\/tr\/privacy-policy\/","title":{"rendered":"Gizlilik Politikas\u0131"},"content":{"rendered":"<div data-elementor-type=\"wp-page\" data-elementor-id=\"232\" class=\"elementor elementor-232\" data-elementor-post-type=\"page\">\n\t\t\t\t<div class=\"elementor-element elementor-element-c03a8ed e-flex e-con-boxed e-con e-parent\" data-id=\"c03a8ed\" data-element_type=\"container\" data-e-type=\"container\">\n\t\t\t\t\t<div class=\"e-con-inner\">\n\t\t\t\t<div class=\"elementor-element elementor-element-f419663 elementor-widget__width-initial elementor-widget elementor-widget-heading\" data-id=\"f419663\" data-element_type=\"widget\" data-e-type=\"widget\" data-widget_type=\"heading.default\">\n\t\t\t\t<div class=\"elementor-widget-container\">\n\t\t\t\t\t<h2 class=\"elementor-heading-title elementor-size-default\">Gizlilik Politikas\u0131<\/h2>\t\t\t\t<\/div>\n\t\t\t\t<\/div>\n\t\t<div class=\"elementor-element elementor-element-b19741a e-con-full e-flex e-con e-child\" data-id=\"b19741a\" data-element_type=\"container\" data-e-type=\"container\">\n\t\t\t\t<div class=\"elementor-element elementor-element-8fc6e8b elementor-widget elementor-widget-text-editor\" data-id=\"8fc6e8b\" data-element_type=\"widget\" data-e-type=\"widget\" data-widget_type=\"text-editor.default\">\n\t\t\t\t<div class=\"elementor-widget-container\">\n\t\t\t\t\t\t\t\t\t<p><strong>Y\u00fcr\u00fcrl\u00fck Tarihi: <\/strong>10.10.2024<\/p><p>TiketVisa.com (&quot;biz&quot;, &quot;bize&quot; veya &quot;bizim&quot;) gizlili\u011finizi korumaya adanm\u0131\u015ft\u0131r. Bu Gizlilik Politikas\u0131, web sitemizi ziyaret etti\u011finizde ve otel rezervasyonlar\u0131 ve u\u00e7ak bileti rezervasyonlar\u0131 i\u00e7in hizmetlerimizi kulland\u0131\u011f\u0131n\u0131zda bilgilerinizi nas\u0131l toplad\u0131\u011f\u0131m\u0131z\u0131, kulland\u0131\u011f\u0131m\u0131z\u0131, if\u015fa etti\u011fimizi ve korudu\u011fumuzu a\u00e7\u0131klar.<\/p><p><strong>Toplad\u0131\u011f\u0131m\u0131z Bilgiler<\/strong><\/p><p>A\u015fa\u011f\u0131daki bilgi t\u00fcrlerini toplayabiliriz:<\/p><ul class=\"marker:text-textOff list-disc pl-8\"><li><strong>Ki\u015fisel Bilgiler:<\/strong>\u00a0Bir hesap olu\u015fturdu\u011funuzda, rezervasyon yapt\u0131\u011f\u0131n\u0131zda veya bizimle ileti\u015fime ge\u00e7ti\u011finizde ad\u0131n\u0131z, e-posta adresiniz, telefon numaran\u0131z ve \u00f6deme bilgileriniz buna dahildir.<\/li><li><strong>Rezervasyon Bilgileri:<\/strong>\u00a0Seyahat tarihleriniz, otel tercihleriniz ve \u00f6zel istekleriniz gibi rezervasyonlar\u0131n\u0131za ili\u015fkin detaylar.<\/li><li><strong>\u00d6deme Bilgileri:<\/strong>\u00a0Stripe, Apple Pay, Google Pay, b\u00fcy\u00fck kredi kartlar\u0131, Alipay ve WeChat Pay dahil olmak \u00fczere \u00e7e\u015fitli y\u00f6ntemlerle \u00f6deme kabul ediyoruz. \u00d6deme bilgileri \u00f6deme i\u015flemcilerimiz taraf\u0131ndan g\u00fcvenli bir \u015fekilde i\u015flenir.<\/li><li><strong>Kullan\u0131m Verileri:<\/strong>\u00a0IP adresiniz, taray\u0131c\u0131 t\u00fcr\u00fcn\u00fcz, ziyaret etti\u011finiz sayfalar ve sitemizde ge\u00e7irdi\u011finiz s\u00fcre dahil olmak \u00fczere web sitemizi nas\u0131l kulland\u0131\u011f\u0131n\u0131za ili\u015fkin bilgiler.<\/li><\/ul><p><strong><br \/>Bilgilerinizi Nas\u0131l Kullan\u0131yoruz<\/strong><\/p><p>Toplad\u0131\u011f\u0131m\u0131z bilgileri \u00e7e\u015fitli ama\u00e7larla kullan\u0131yoruz:<\/p><ul class=\"marker:text-textOff list-disc pl-8\"><li>Otel ve u\u00e7ak rezervasyonlar\u0131n\u0131z\u0131 i\u015flemek ve onaylamak.<\/li><li>Rezervasyonlar\u0131n\u0131zla ilgili olarak sizinle ileti\u015fim kurmak ve m\u00fc\u015fteri deste\u011fi sa\u011flamak.<\/li><li>Kullan\u0131c\u0131 geri bildirimleri ve kullan\u0131m kal\u0131plar\u0131na dayanarak web sitemizi ve hizmetlerimizi iyile\u015ftirmek.<\/li><li>Size promosyon materyalleri ve hizmetlerimizle ilgili g\u00fcncellemeler g\u00f6ndermek i\u00e7in (istedi\u011finiz zaman aboneli\u011finizi iptal edebilirsiniz).<\/li><\/ul><p><strong><br \/>Takip Teknolojileri<\/strong><\/p><p>Reklam \u00e7al\u0131\u015fmalar\u0131m\u0131z\u0131 geli\u015ftirmek i\u00e7in \u00e7e\u015fitli izleme teknolojilerinden faydalan\u0131yoruz:<\/p><p><strong>Pikseller:<\/strong> A\u015fa\u011f\u0131daki gibi izleme pikselleri kullan\u0131yoruz:<\/p><ul><li>Google Etiket Y\u00f6neticisi,<\/li><li>Google Analitik,<\/li><li>Meta Piksel,<\/li><li>TikTok Pikseli,<\/li><li>Snapchat Pikseli,<\/li><li>Pinterest Etiketi,<\/li><li>Microsoft Netli\u011fi<\/li><\/ul><p>reklamlar\u0131m\u0131z\u0131 izlemek ve yeniden hedefleme ama\u00e7lar\u0131 i\u00e7in. Bu ara\u00e7lar kullan\u0131c\u0131 davran\u0131\u015flar\u0131n\u0131 analiz etmemize ve pazarlama stratejilerimizi iyile\u015ftirmemize yard\u0131mc\u0131 olur.<\/p><p><strong>Bilgilerinizin A\u00e7\u0131klanmas\u0131<\/strong><\/p><p>Bilgilerinizi a\u015fa\u011f\u0131daki durumlarda payla\u015fabiliriz:<\/p><ul class=\"marker:text-textOff list-disc pl-8\"><li><strong>Hizmet Sa\u011flay\u0131c\u0131lar:<\/strong>\u00a0Hizmetlerimizi kolayla\u015ft\u0131rmak i\u00e7in \u00fc\u00e7\u00fcnc\u00fc taraf \u015firketleri ve ki\u015fileri (\u00f6rne\u011fin \u00f6deme i\u015flemcileri) istihdam ediyoruz; bu ki\u015filer yaln\u0131zca bizim ad\u0131m\u0131za g\u00f6revleri yerine getirmek i\u00e7in ki\u015fisel bilgilerinize eri\u015febilir.<\/li><li><strong>Yasal Gereklilikler:<\/strong>\u00a0Yasa taraf\u0131ndan gerekli g\u00f6r\u00fclmesi halinde veya kamu makamlar\u0131n\u0131n ge\u00e7erli taleplerine yan\u0131t olarak bilgilerinizi if\u015fa edebiliriz.<\/li><li><strong>\u0130\u015fletme Devirleri:<\/strong>\u00a0Birle\u015fme, sat\u0131n alma veya varl\u0131k sat\u0131\u015f\u0131 halinde, ki\u015fisel verileriniz bu i\u015flemin bir par\u00e7as\u0131 olarak aktar\u0131labilir.<\/li><\/ul><p><strong><br \/>Veri G\u00fcvenli\u011fi<\/strong><\/p><p>Ki\u015fisel bilgilerinizin g\u00fcvenli\u011fini ciddiye al\u0131yoruz. Verilerinizi yetkisiz eri\u015fim, kay\u0131p veya k\u00f6t\u00fcye kullan\u0131mdan korumak i\u00e7in uygun teknik ve organizasyonel \u00f6nlemleri uyguluyoruz. Ancak, \u0130nternet \u00fczerinden hi\u00e7bir iletim y\u00f6nteminin veya elektronik depolaman\u0131n 100% g\u00fcvenli olmad\u0131\u011f\u0131n\u0131 l\u00fctfen unutmay\u0131n.<\/p><p><strong>Haklar\u0131n\u0131z<\/strong><\/p><p>\u015eu haklara sahipsiniz:<\/p><ul class=\"marker:text-textOff list-disc pl-8\"><li>Hakk\u0131n\u0131zda tuttu\u011fumuz ki\u015fisel bilgilere eri\u015fin.<\/li><li>Herhangi bir yanl\u0131\u015f verinin d\u00fczeltilmesini talep edin.<\/li><li>Belirli ko\u015fullar alt\u0131nda ki\u015fisel verilerinizin silinmesini talep edebilirsiniz.<\/li><li>Verilerinizi i\u015flememiz i\u00e7in onay\u0131n\u0131za dayand\u0131\u011f\u0131m\u0131z durumlarda onay\u0131n\u0131z\u0131 geri \u00e7ekin.<\/li><\/ul><p>Bu haklar\u0131n\u0131z\u0131 kullanmak i\u00e7in l\u00fctfen a\u015fa\u011f\u0131da yer alan ileti\u015fim bilgilerimizden bize ula\u015f\u0131n.<\/p><p><strong>\u00c7erezler<\/strong><\/p><p>Web sitemiz kullan\u0131c\u0131 deneyimini geli\u015ftirmek i\u00e7in \u00e7erezler kullan\u0131r. \u00c7erezler, hizmetlerimizi iyile\u015ftirmemize yard\u0131mc\u0131 olan cihaz\u0131n\u0131zda depolanan k\u00fc\u00e7\u00fck dosyalard\u0131r. Taray\u0131c\u0131 ayarlar\u0131n\u0131z arac\u0131l\u0131\u011f\u0131yla \u00e7erezleri kabul etmeyi veya reddetmeyi se\u00e7ebilirsiniz. Ancak, \u00e7erezleri reddetmek web sitemizin i\u015flevselli\u011fini etkileyebilir.<\/p><p><strong>\u0130ade Politikas\u0131<\/strong><\/p><p>L\u00fctfen TiketVisa arac\u0131l\u0131\u011f\u0131yla yap\u0131lan t\u00fcm rezervasyonlar\u0131n iade edilemez oldu\u011funu unutmay\u0131n. Daha fazla ayr\u0131nt\u0131 i\u00e7in l\u00fctfen \u015furaya bak\u0131n: <span style=\"color: #009fe3;\"><a style=\"color: #009fe3;\" href=\"https:\/\/tiketvisa.com\/tr\/iade-politikasi\/\" data-wplink-url-error=\"true\">\u0130ade Politikas\u0131<\/a>.<\/span><\/p><p><strong>Bu Gizlilik Politikas\u0131ndaki De\u011fi\u015fiklikler<\/strong><\/p><p>Gizlilik Politikam\u0131z\u0131 zaman zaman g\u00fcncelleyebiliriz. Herhangi bir de\u011fi\u015fiklik, g\u00fcncellenmi\u015f bir y\u00fcr\u00fcrl\u00fck tarihiyle bu sayfada yay\u0131nlanacakt\u0131r. Herhangi bir de\u011fi\u015fiklik i\u00e7in bu Gizlilik Politikas\u0131n\u0131 periyodik olarak incelemenizi \u00f6neririz.<\/p><p><strong>Bize Ula\u015f\u0131n<\/strong><\/p><p>Bu Gizlilik Politikas\u0131 veya ki\u015fisel bilgilerinizle ilgili uygulamalar\u0131m\u0131z hakk\u0131nda herhangi bir sorunuz varsa l\u00fctfen bizimle \u015fu adresten ileti\u015fime ge\u00e7in:<\/p><p>E-posta: <span style=\"color: #009fe3;\"><a style=\"color: #009fe3;\" href=\"mailto:hi@tiketvisa.com\">hi@tiketvisa.com<\/a><\/span><\/p><p>TiketVisa.com&#039;u kullanarak, bu belgede belirtilen \u015fartlar\u0131 kabul etmi\u015f olursunuz. <span style=\"color: #009fe3;\"><a style=\"color: #009fe3;\" href=\"https:\/\/tiketvisa.com\/tr\/gizlilik-politikasi\/\" data-wplink-url-error=\"true\">Gizlilik Politikas\u0131<\/a><\/span>.<\/p>\t\t\t\t\t\t\t\t<\/div>\n\t\t\t\t<\/div>\n\t\t\t\t<\/div>\n\t\t\t\t\t<\/div>\n\t\t\t\t<\/div>\n\t\t\t\t<\/div>","protected":false},"excerpt":{"rendered":"<p>Privacy Policy Effective Date: 10.10.2024 TiketVisa.com (&#8220;we,&#8221; &#8220;us,&#8221; or &#8220;our&#8221;) is dedicated to safeguarding your privacy. This Privacy Policy explains how we collect, use, disclose, and protect your information when you visit our website and utilize our services for hotel reservations and flight ticket bookings. Information We Collect We may collect the following types of [&hellip;]<\/p>\n","protected":false},"author":1,"featured_media":0,"parent":0,"menu_order":0,"comment_status":"closed","ping_status":"closed","template":"","meta":{"footnotes":""},"class_list":["post-232","page","type-page","status-publish","hentry"],"_links":{"self":[{"href":"https:\/\/tiketvisa.com\/tr\/wp-json\/wp\/v2\/pages\/232","targetHints":{"allow":["GET"]}}],"collection":[{"href":"https:\/\/tiketvisa.com\/tr\/wp-json\/wp\/v2\/pages"}],"about":[{"href":"https:\/\/tiketvisa.com\/tr\/wp-json\/wp\/v2\/types\/page"}],"author":[{"embeddable":true,"href":"https:\/\/tiketvisa.com\/tr\/wp-json\/wp\/v2\/users\/1"}],"replies":[{"embeddable":true,"href":"https:\/\/tiketvisa.com\/tr\/wp-json\/wp\/v2\/comments?post=232"}],"version-history":[{"count":0,"href":"https:\/\/tiketvisa.com\/tr\/wp-json\/wp\/v2\/pages\/232\/revisions"}],"wp:attachment":[{"href":"https:\/\/tiketvisa.com\/tr\/wp-json\/wp\/v2\/media?parent=232"}],"curies":[{"name":"wp","href":"https:\/\/api.w.org\/{rel}","templated":true}]}}