{"id":234,"date":"2024-10-09T18:59:28","date_gmt":"2024-10-09T18:59:28","guid":{"rendered":"https:\/\/tiketvisa.com\/?page_id=234"},"modified":"2025-11-21T05:20:08","modified_gmt":"2025-11-21T05:20:08","slug":"iade-politikasi","status":"publish","type":"page","link":"https:\/\/tiketvisa.com\/tr\/refund-policy\/","title":{"rendered":"\u0130ade Politikas\u0131"},"content":{"rendered":"<div data-elementor-type=\"wp-page\" data-elementor-id=\"234\" class=\"elementor elementor-234\" data-elementor-post-type=\"page\">\n\t\t\t\t<div class=\"elementor-element elementor-element-d142207 e-flex e-con-boxed e-con e-parent\" data-id=\"d142207\" data-element_type=\"container\" data-e-type=\"container\">\n\t\t\t\t\t<div class=\"e-con-inner\">\n\t\t\t\t<div class=\"elementor-element elementor-element-61bbd42 elementor-widget__width-initial elementor-widget elementor-widget-heading\" data-id=\"61bbd42\" data-element_type=\"widget\" data-e-type=\"widget\" data-widget_type=\"heading.default\">\n\t\t\t\t<div class=\"elementor-widget-container\">\n\t\t\t\t\t<h2 class=\"elementor-heading-title elementor-size-default\">\u0130ade Politikas\u0131<\/h2>\t\t\t\t<\/div>\n\t\t\t\t<\/div>\n\t\t<div class=\"elementor-element elementor-element-41d18fe e-con-full e-flex e-con e-child\" data-id=\"41d18fe\" data-element_type=\"container\" data-e-type=\"container\">\n\t\t\t\t<div class=\"elementor-element elementor-element-45f398c elementor-widget elementor-widget-text-editor\" data-id=\"45f398c\" data-element_type=\"widget\" data-e-type=\"widget\" data-widget_type=\"text-editor.default\">\n\t\t\t\t<div class=\"elementor-widget-container\">\n\t\t\t\t\t\t\t\t\t<b>Y\u00fcr\u00fcrl\u00fck Tarihi : 08.05.2025<\/b>\n\n<span style=\"font-weight: 400;\">TiketVisa&#039;da, otomatik rezervasyon sistemimiz arac\u0131l\u0131\u011f\u0131yla verimli ve g\u00fcvenilir u\u00e7ak bileti ve otel rezervasyon hizmetleri sunmaya kararl\u0131y\u0131z. L\u00fctfen herhangi bir rezervasyon yapmadan \u00f6nce kapsaml\u0131 iade politikam\u0131z\u0131 dikkatlice incelemek i\u00e7in bir dakikan\u0131z\u0131 ay\u0131r\u0131n.<\/span>\n<h3><b>1. Genel Politika<\/b><\/h3>\n<span style=\"font-weight: 400;\">Sorunsuz bir rezervasyon deneyimi sa\u011flamak i\u00e7in \u00e7abal\u0131yoruz. T\u00fcm m\u00fc\u015fterilerimiz, rezervasyonlar\u0131n\u0131z\u0131 y\u00f6neten h\u00fck\u00fcm ve ko\u015fullar\u0131 ana hatlar\u0131yla a\u00e7\u0131klayan iade politikam\u0131z\u0131 incelemeye te\u015fvik edilmektedir.<\/span>\n<h3><b>2. \u0130ade Edilemeyen Rezervasyonlar<\/b><\/h3>\n<span style=\"font-weight: 400;\">TiketVisa arac\u0131l\u0131\u011f\u0131yla yap\u0131lan t\u00fcm rezervasyonlar iade edilmez <\/span><b>Madde 3: Para \u0130adesi Uygunlu\u011fu'nda a\u00e7\u0131klanan \u00f6zel durumlar hari\u00e7 <\/b><span style=\"font-weight: 400;\">. Bir rezervasyon onayland\u0131ktan ve \u00f6deme i\u015fleme al\u0131nd\u0131ktan sonra, normal \u015fartlar alt\u0131nda para iadesi yap\u0131lmayacakt\u0131r.<\/span>\n<h3><b>3. Geri \u00d6deme Uygunlu\u011fu<\/b><\/h3>\n<span style=\"font-weight: 400;\">Para iadeleri yaln\u0131zca a\u015fa\u011f\u0131daki durumlarda yap\u0131lacakt\u0131r:<\/span>\n<ul>\n \t<li style=\"font-weight: 400;\" aria-level=\"1\"><b>Hizmetlerin Kullan\u0131lamamas\u0131<\/b><span style=\"font-weight: 400;\">: Talep edildi\u011fi gibi bir u\u00e7u\u015f veya otel rezervasyonu sa\u011flayamazsak, tam bir geri \u00f6deme yap\u0131lacakt\u0131r.\n<em><strong>#Not<\/strong> U\u00e7u\u015flar\u0131n uygunlu\u011fu, kullan\u0131c\u0131n\u0131n rezervasyon yapt\u0131\u011f\u0131 tarihten itibaren sadece 325 g\u00fcne kadar uzan\u0131r. \u00c7o\u011fu havayolu ve var\u0131\u015f noktas\u0131 bu aral\u0131\u011f\u0131n \u00f6tesinde rezervasyon sunmamaktad\u0131r.<\/em>\n<\/span><\/li>\n \t<li style=\"font-weight: 400;\" aria-level=\"1\"><b>\u00d6deme Gelen Hatalar\u0131<\/b><span style=\"font-weight: 400;\">: Bir m\u00fc\u015fteri m\u00fckerrer \u00f6deme yapm\u0131\u015fsa, fazla \u00f6deme yapm\u0131\u015fsa veya \u00f6deme i\u015fleme al\u0131nm\u0131\u015f ancak teknik bir hata nedeniyle rezervasyon ba\u015flat\u0131lmam\u0131\u015fsa (genellikle <\/span><i><span style=\"font-weight: 400;\">gelen \u00f6deme vakas\u0131<\/span><\/i><span style=\"font-weight: 400;\">), do\u011frulama \u00fczerine tam veya k\u0131smi bir geri \u00f6deme yap\u0131labilir. Bu, yaln\u0131zca TiketVisa taraf\u0131ndan para al\u0131nd\u0131\u011f\u0131nda, ancak ilgili hizmet verilmedi\u011finde ge\u00e7erlidir. L\u00fctfen i\u015flem ayr\u0131nt\u0131lar\u0131n\u0131zla birlikte derhal bizimle ileti\u015fime ge\u00e7in.<\/span><\/li>\n<\/ul>\n<span style=\"font-weight: 400;\">Bu senaryolar alt\u0131nda bir iade talebi ba\u015flatmak i\u00e7in bize Instagram \u00fczerinden mesaj g\u00f6nderin <\/span><a href=\"http:\/\/instagram.com\/tiketvisa\" rel=\"noopener\"><span style=\"font-weight: 400;\"><i>@tiketvisa<\/i><\/span><\/a><span style=\"font-weight: 400;\"> adresinden bize e-posta g\u00f6nderebilirsiniz: <\/span><a href=\"mailto:hi@tiketvisa.com\"><span style=\"font-weight: 400;\"><i>hi@tiketvisa.com<\/i><\/span><\/a><span style=\"font-weight: 400;\"> .<\/span>\n<h3><b>4. Anla\u015fmazl\u0131k Politikas\u0131<\/b><\/h3>\n<span style=\"font-weight: 400;\">Rezervasyonlarla ilgili anla\u015fmazl\u0131klar\u0131 kabul etmiyoruz. Bir anla\u015fmazl\u0131k \u00e7\u0131karsa, m\u00fc\u015fterinin, varsa manuel bir geri \u00f6demeyi i\u015flememiz i\u00e7in anla\u015fmazl\u0131\u011f\u0131 iptal etmesi gerekir.<\/span>\n<h3><b>5. Otomatik Rezervasyon Sistemi<\/b><\/h3>\n<span style=\"font-weight: 400;\">Rezervasyon sistemimiz, u\u00e7ak biletinizin ve otel rezervasyonlar\u0131n\u0131z\u0131n h\u0131zl\u0131 ve do\u011fru bir \u015fekilde i\u015flenmesini sa\u011flamak i\u00e7in tamamen otomatiktir. Bu otomasyon, sipari\u015finiz verildi\u011finde, hemen i\u015fleme kuyru\u011fumuza girece\u011fi ve de\u011fi\u015ftirilemeyece\u011fi veya iptal edilemeyece\u011fi anlam\u0131na gelir.<\/span>\n<h3><b>6. \u0130stisnalar<\/b><\/h3>\n<span style=\"font-weight: 400;\">A\u015fa\u011f\u0131daki nedenlerden herhangi biri nedeniyle geri \u00f6deme veya iptal yapm\u0131yoruz:<\/span>\n<ul>\n \t<li style=\"font-weight: 400;\" aria-level=\"1\"><span style=\"font-weight: 400;\">Fikir de\u011fi\u015fikli\u011fi veya ki\u015fisel durumlar<\/span><\/li>\n \t<li style=\"font-weight: 400;\" aria-level=\"1\"><span style=\"font-weight: 400;\">M\u00fc\u015fterinin rezervasyon s\u00fcreci s\u0131ras\u0131nda yapt\u0131\u011f\u0131 hatalar<\/span><\/li>\n \t<li style=\"font-weight: 400;\" aria-level=\"1\"><span style=\"font-weight: 400;\">Seyahat planlar\u0131nda veya programlar\u0131nda de\u011fi\u015fiklikler<\/span><\/li>\n \t<li style=\"font-weight: 400;\" aria-level=\"1\"><span style=\"font-weight: 400;\">G\u00f6\u00e7menlik makamlar\u0131 taraf\u0131ndan giri\u015fin reddedilmesi<\/span><\/li>\n \t<li style=\"font-weight: 400;\" aria-level=\"1\"><span style=\"font-weight: 400;\">\u00dc\u00e7\u00fcnc\u00fc taraf sa\u011flay\u0131c\u0131lar taraf\u0131ndan u\u00e7u\u015flar\u0131n veya otel rezervasyonlar\u0131n\u0131n gecikmesi veya iptali<\/span><\/li>\n<\/ul>\n<h3><b>7. M\u00fc\u015fteri Sorumlulu\u011fu<\/b><\/h3>\n<span style=\"font-weight: 400;\">Rezervasyon i\u015flemi s\u0131ras\u0131nda sa\u011flanan t\u00fcm bilgilerin do\u011fru ve eksiksiz olmas\u0131n\u0131 sa\u011flamak m\u00fc\u015fterinin sorumlulu\u011fundad\u0131r. TiketVisa, m\u00fc\u015fteri taraf\u0131ndan yap\u0131lan ve u\u00e7ak biletini veya otel rezervasyonunu etkileyebilecek herhangi bir hata veya eksiklikten sorumlu de\u011fildir.<\/span>\n<h3><b>8. Bizimle \u0130leti\u015fime Ge\u00e7in<\/b><\/h3>\n<span style=\"font-weight: 400;\">Herhangi bir sorunuz varsa veya yard\u0131ma ihtiyac\u0131n\u0131z varsa l\u00fctfen m\u00fc\u015fteri destek ekibimizle ileti\u015fime ge\u00e7in. Normal \u015fartlarda geri \u00f6deme yapamasak da, destek sa\u011flamaya ve sahip olabilece\u011finiz endi\u015feleri gidermeye kararl\u0131y\u0131z.<\/span>\t\t\t\t\t\t\t\t<\/div>\n\t\t\t\t<\/div>\n\t\t\t\t<\/div>\n\t\t\t\t\t<\/div>\n\t\t\t\t<\/div>\n\t\t\t\t<\/div>","protected":false},"excerpt":{"rendered":"<p>Refund Policy Effective Date : 08.05.2025 At TiketVisa, we are committed to providing efficient and reliable flight ticket and hotel reservation services through our automated booking system. Please take a moment to review our comprehensive refund policy carefully before making any bookings. 1. General Policy We strive to ensure a seamless booking experience. All customers [&hellip;]<\/p>\n","protected":false},"author":1,"featured_media":0,"parent":0,"menu_order":0,"comment_status":"closed","ping_status":"closed","template":"","meta":{"footnotes":""},"class_list":["post-234","page","type-page","status-publish","hentry"],"_links":{"self":[{"href":"https:\/\/tiketvisa.com\/tr\/wp-json\/wp\/v2\/pages\/234","targetHints":{"allow":["GET"]}}],"collection":[{"href":"https:\/\/tiketvisa.com\/tr\/wp-json\/wp\/v2\/pages"}],"about":[{"href":"https:\/\/tiketvisa.com\/tr\/wp-json\/wp\/v2\/types\/page"}],"author":[{"embeddable":true,"href":"https:\/\/tiketvisa.com\/tr\/wp-json\/wp\/v2\/users\/1"}],"replies":[{"embeddable":true,"href":"https:\/\/tiketvisa.com\/tr\/wp-json\/wp\/v2\/comments?post=234"}],"version-history":[{"count":0,"href":"https:\/\/tiketvisa.com\/tr\/wp-json\/wp\/v2\/pages\/234\/revisions"}],"wp:attachment":[{"href":"https:\/\/tiketvisa.com\/tr\/wp-json\/wp\/v2\/media?parent=234"}],"curies":[{"name":"wp","href":"https:\/\/api.w.org\/{rel}","templated":true}]}}