{"id":230,"date":"2024-10-09T18:58:44","date_gmt":"2024-10-09T18:58:44","guid":{"rendered":"https:\/\/tiketvisa.com\/?page_id=230"},"modified":"2024-10-11T10:08:16","modified_gmt":"2024-10-11T10:08:16","slug":"dieu-khoan-dieu-kien","status":"publish","type":"page","link":"https:\/\/tiketvisa.com\/vi\/terms-conditions\/","title":{"rendered":"\u0110i\u1ec1u kho\u1ea3n &amp; \u0110i\u1ec1u ki\u1ec7n"},"content":{"rendered":"<div data-elementor-type=\"wp-page\" data-elementor-id=\"230\" class=\"elementor elementor-230\" data-elementor-post-type=\"page\">\n\t\t\t\t<div class=\"elementor-element elementor-element-c3b796d e-flex e-con-boxed e-con e-parent\" data-id=\"c3b796d\" data-element_type=\"container\" data-e-type=\"container\">\n\t\t\t\t\t<div class=\"e-con-inner\">\n\t\t\t\t<div class=\"elementor-element elementor-element-c8a835c elementor-widget__width-initial elementor-widget elementor-widget-heading\" data-id=\"c8a835c\" data-element_type=\"widget\" data-e-type=\"widget\" data-widget_type=\"heading.default\">\n\t\t\t\t<div class=\"elementor-widget-container\">\n\t\t\t\t\t<h2 class=\"elementor-heading-title elementor-size-default\">\u0110i\u1ec1u kho\u1ea3n &amp; \u0110i\u1ec1u ki\u1ec7n<\/h2>\t\t\t\t<\/div>\n\t\t\t\t<\/div>\n\t\t<div class=\"elementor-element elementor-element-756636f e-con-full e-flex e-con e-child\" data-id=\"756636f\" data-element_type=\"container\" data-e-type=\"container\">\n\t\t\t\t<div class=\"elementor-element elementor-element-7af26f8 elementor-widget elementor-widget-text-editor\" data-id=\"7af26f8\" data-element_type=\"widget\" data-e-type=\"widget\" data-widget_type=\"text-editor.default\">\n\t\t\t\t<div class=\"elementor-widget-container\">\n\t\t\t\t\t\t\t\t\t<p><strong>Ng\u00e0y c\u00f3 hi\u1ec7u l\u1ef1c:<\/strong> 10.10.2024<\/p><p>C\u00e1c \u0110i\u1ec1u kho\u1ea3n v\u00e0 \u0110i\u1ec1u ki\u1ec7n n\u00e0y (\u201c\u0110i\u1ec1u kho\u1ea3n\u201d) chi ph\u1ed1i vi\u1ec7c b\u1ea1n s\u1eed d\u1ee5ng trang web TiketVisa.com (\u201cTrang web\u201d) v\u00e0 c\u00e1c d\u1ecbch v\u1ee5 do TiketVisa.com (\u201cch\u00fang t\u00f4i\u201d, \u201cc\u1ee7a ch\u00fang t\u00f4i\u201d) cung c\u1ea5p. B\u1eb1ng c\u00e1ch truy c\u1eadp ho\u1eb7c s\u1eed d\u1ee5ng Trang web c\u1ee7a ch\u00fang t\u00f4i, b\u1ea1n \u0111\u1ed3ng \u00fd b\u1ecb r\u00e0ng bu\u1ed9c b\u1edfi c\u00e1c \u0110i\u1ec1u kho\u1ea3n n\u00e0y. N\u1ebfu b\u1ea1n kh\u00f4ng \u0111\u1ed3ng \u00fd v\u1edbi c\u00e1c \u0110i\u1ec1u kho\u1ea3n n\u00e0y, vui l\u00f2ng kh\u00f4ng s\u1eed d\u1ee5ng Trang web c\u1ee7a ch\u00fang t\u00f4i.<\/p><p><strong>1. D\u1ecbch v\u1ee5 cung c\u1ea5p<\/strong><\/p><p>TiketVisa.com cung c\u1ea5p cho ng\u01b0\u1eddi d\u00f9ng kh\u1ea3 n\u0103ng t\u00ecm ki\u1ebfm, \u0111\u1eb7t v\u00e0 qu\u1ea3n l\u00fd \u0111\u1eb7t ph\u00f2ng kh\u00e1ch s\u1ea1n v\u00e0 v\u00e9 m\u00e1y bay v\u1edbi gi\u00e1 c\u1ed1 \u0111\u1ecbnh. T\u1ea5t c\u1ea3 c\u00e1c \u0111\u1eb7t ph\u00f2ng \u0111\u1ec1u t\u00f9y thu\u1ed9c v\u00e0o t\u00ecnh tr\u1ea1ng c\u00f2n ph\u00f2ng.<\/p><p><strong>2. T\u00e0i kho\u1ea3n ng\u01b0\u1eddi d\u00f9ng<\/strong><\/p><p>\u0110\u1ec3 truy c\u1eadp m\u1ed9t s\u1ed1 t\u00ednh n\u0103ng nh\u1ea5t \u0111\u1ecbnh c\u1ee7a Trang web c\u1ee7a ch\u00fang t\u00f4i, b\u1ea1n c\u00f3 th\u1ec3 \u0111\u01b0\u1ee3c y\u00eau c\u1ea7u t\u1ea1o m\u1ed9t t\u00e0i kho\u1ea3n. B\u1ea1n \u0111\u1ed3ng \u00fd cung c\u1ea5p th\u00f4ng tin ch\u00ednh x\u00e1c, hi\u1ec7n t\u1ea1i v\u00e0 \u0111\u1ea7y \u0111\u1ee7 trong qu\u00e1 tr\u00ecnh \u0111\u0103ng k\u00fd v\u00e0 c\u1eadp nh\u1eadt th\u00f4ng tin \u0111\u00f3 \u0111\u1ec3 gi\u1eef cho th\u00f4ng tin ch\u00ednh x\u00e1c, hi\u1ec7n t\u1ea1i v\u00e0 \u0111\u1ea7y \u0111\u1ee7. B\u1ea1n c\u00f3 tr\u00e1ch nhi\u1ec7m duy tr\u00ec t\u00ednh b\u1ea3o m\u1eadt c\u1ee7a th\u00f4ng tin t\u00e0i kho\u1ea3n c\u1ee7a m\u00ecnh v\u00e0 \u0111\u1ed1i v\u1edbi t\u1ea5t c\u1ea3 c\u00e1c ho\u1ea1t \u0111\u1ed9ng di\u1ec5n ra trong t\u00e0i kho\u1ea3n c\u1ee7a b\u1ea1n.<\/p><p><strong>3. \u0110i\u1ec1u kho\u1ea3n thanh to\u00e1n<\/strong><\/p><p>M\u1ecdi kho\u1ea3n thanh to\u00e1n cho \u0111\u1eb7t ph\u00f2ng kh\u00e1ch s\u1ea1n v\u00e0 v\u00e9 m\u00e1y bay ph\u1ea3i \u0111\u01b0\u1ee3c th\u1ef1c hi\u1ec7n th\u00f4ng qua c\u00e1c ph\u01b0\u01a1ng th\u1ee9c thanh to\u00e1n \u0111\u01b0\u1ee3c ch\u00fang t\u00f4i ch\u1ea5p nh\u1eadn, bao g\u1ed3m Stripe, Apple Pay, Google Pay, c\u00e1c lo\u1ea1i th\u1ebb t\u00edn d\u1ee5ng l\u1edbn, Alipay v\u00e0 WeChat Pay. B\u1eb1ng c\u00e1ch cung c\u1ea5p th\u00f4ng tin thanh to\u00e1n, b\u1ea1n tuy\u00ean b\u1ed1 r\u1eb1ng b\u1ea1n c\u00f3 quy\u1ec1n h\u1ee3p ph\u00e1p \u0111\u1ec3 s\u1eed d\u1ee5ng ph\u01b0\u01a1ng th\u1ee9c thanh to\u00e1n m\u00e0 b\u1ea1n ch\u1ec9 \u0111\u1ecbnh.<\/p><p><strong>4. X\u00e1c nh\u1eadn \u0111\u1eb7t ph\u00f2ng<\/strong><\/p><p>Sau khi ho\u00e0n t\u1ea5t \u0111\u1eb7t ch\u1ed7 th\u00e0nh c\u00f4ng, b\u1ea1n s\u1ebd nh\u1eadn \u0111\u01b0\u1ee3c email x\u00e1c nh\u1eadn n\u00eau chi ti\u1ebft v\u1ec1 \u0111\u1eb7t ch\u1ed7 c\u1ee7a m\u00ecnh. B\u1ea1n c\u00f3 tr\u00e1ch nhi\u1ec7m xem x\u00e9t k\u1ef9 l\u01b0\u1ee1ng x\u00e1c nh\u1eadn n\u00e0y v\u00e0 li\u00ean h\u1ec7 v\u1edbi ch\u00fang t\u00f4i ngay n\u1ebfu ph\u00e1t hi\u1ec7n b\u1ea5t k\u1ef3 sai l\u1ec7ch n\u00e0o.<\/p><p><strong>5. H\u1ee7y b\u1ecf v\u00e0 ho\u00e0n ti\u1ec1n<\/strong><\/p><p>Ch\u00ednh s\u00e1ch h\u1ee7y \u0111\u1eb7t ph\u00f2ng thay \u0111\u1ed5i t\u00f9y theo kh\u00e1ch s\u1ea1n ho\u1eb7c h\u00e3ng h\u00e0ng kh\u00f4ng. Vui l\u00f2ng tham kh\u1ea3o c\u00e1c \u0111i\u1ec1u kho\u1ea3n c\u1ee5 th\u1ec3 \u0111\u01b0\u1ee3c cung c\u1ea5p t\u1ea1i th\u1eddi \u0111i\u1ec3m \u0111\u1eb7t ph\u00f2ng \u0111\u1ec3 bi\u1ebft ch\u00ednh s\u00e1ch h\u1ee7y \u0111\u1eb7t ph\u00f2ng v\u00e0 ho\u00e0n ti\u1ec1n. B\u1eb1ng c\u00e1ch \u0111\u1eb7t ph\u00f2ng, b\u1ea1n \u0111\u1ed3ng \u00fd tu\u00e2n th\u1ee7 c\u00e1c ch\u00ednh s\u00e1ch n\u00e0y.<\/p><p><strong>6. Ngh\u0129a v\u1ee5 c\u1ee7a ng\u01b0\u1eddi s\u1eed d\u1ee5ng<\/strong><\/p><p>B\u1ea1n \u0111\u1ed3ng \u00fd kh\u00f4ng:<\/p><ul class=\"marker:text-textOff list-disc pl-8\"><li>S\u1eed d\u1ee5ng Trang web cho b\u1ea5t k\u1ef3 m\u1ee5c \u0111\u00edch b\u1ea5t h\u1ee3p ph\u00e1p ho\u1eb7c tr\u00e1i ph\u00e9p n\u00e0o.<\/li><li>Can thi\u1ec7p ho\u1eb7c ph\u00e1 v\u1ee1 t\u00ednh b\u1ea3o m\u1eadt ho\u1eb7c t\u00ednh to\u00e0n v\u1eb9n c\u1ee7a Trang web c\u1ee7a ch\u00fang t\u00f4i.<\/li><li>C\u1ed1 g\u1eafng truy c\u1eadp tr\u00e1i ph\u00e9p v\u00e0o b\u1ea5t k\u1ef3 ph\u1ea7n n\u00e0o c\u1ee7a Trang web c\u1ee7a ch\u00fang t\u00f4i ho\u1eb7c b\u1ea5t k\u1ef3 h\u1ec7 th\u1ed1ng ho\u1eb7c m\u1ea1ng n\u00e0o kh\u00e1c \u0111\u01b0\u1ee3c k\u1ebft n\u1ed1i v\u1edbi Trang web c\u1ee7a ch\u00fang t\u00f4i.<\/li><\/ul><p><strong><br \/>7. S\u1edf h\u1eefu tr\u00ed tu\u1ec7<\/strong><\/p><p>M\u1ecdi n\u1ed9i dung tr\u00ean TiketVisa.com, bao g\u1ed3m v\u0103n b\u1ea3n, \u0111\u1ed3 h\u1ecda, logo, h\u00ecnh \u1ea3nh v\u00e0 ph\u1ea7n m\u1ec1m, \u0111\u1ec1u l\u00e0 t\u00e0i s\u1ea3n c\u1ee7a TiketVisa.com ho\u1eb7c b\u00ean c\u1ea5p ph\u00e9p v\u00e0 \u0111\u01b0\u1ee3c b\u1ea3o v\u1ec7 b\u1edfi lu\u1eadt b\u1ea3n quy\u1ec1n v\u00e0 s\u1edf h\u1eefu tr\u00ed tu\u1ec7 hi\u1ec7n h\u00e0nh. B\u1ea1n kh\u00f4ng \u0111\u01b0\u1ee3c sao ch\u00e9p, ph\u00e2n ph\u1ed1i, s\u1eeda \u0111\u1ed5i ho\u1eb7c t\u1ea1o c\u00e1c t\u00e1c ph\u1ea9m ph\u00e1i sinh t\u1eeb b\u1ea5t k\u1ef3 n\u1ed9i dung n\u00e0o m\u00e0 kh\u00f4ng c\u00f3 s\u1ef1 cho ph\u00e9p r\u00f5 r\u00e0ng b\u1eb1ng v\u0103n b\u1ea3n c\u1ee7a ch\u00fang t\u00f4i.<\/p><p><strong>8. Gi\u1edbi h\u1ea1n tr\u00e1ch nhi\u1ec7m<\/strong><\/p><p>Trong ph\u1ea1m vi t\u1ed1i \u0111a \u0111\u01b0\u1ee3c ph\u00e1p lu\u1eadt cho ph\u00e9p, TiketVisa.com s\u1ebd kh\u00f4ng ch\u1ecbu tr\u00e1ch nhi\u1ec7m \u0111\u1ed1i v\u1edbi b\u1ea5t k\u1ef3 thi\u1ec7t h\u1ea1i gi\u00e1n ti\u1ebfp, ng\u1eabu nhi\u00ean, \u0111\u1eb7c bi\u1ec7t, h\u1eadu qu\u1ea3 ho\u1eb7c tr\u1eebng ph\u1ea1t n\u00e0o ph\u00e1t sinh t\u1eeb vi\u1ec7c b\u1ea1n s\u1eed d\u1ee5ng Trang web ho\u1eb7c d\u1ecbch v\u1ee5 c\u1ee7a ch\u00fang t\u00f4i. T\u1ed5ng tr\u00e1ch nhi\u1ec7m ph\u00e1p l\u00fd c\u1ee7a ch\u00fang t\u00f4i \u0111\u1ed1i v\u1edbi b\u1ea5t k\u1ef3 khi\u1ebfu n\u1ea1i n\u00e0o ph\u00e1t sinh t\u1eeb c\u00e1c \u0110i\u1ec1u kho\u1ea3n n\u00e0y s\u1ebd kh\u00f4ng v\u01b0\u1ee3t qu\u00e1 s\u1ed1 ti\u1ec1n b\u1ea1n \u0111\u00e3 tr\u1ea3 cho c\u00e1c d\u1ecbch v\u1ee5 d\u1eabn \u0111\u1ebfn c\u00e1c khi\u1ebfu n\u1ea1i \u0111\u00f3.<\/p><p><strong>9. B\u1ed3i th\u01b0\u1eddng<\/strong><\/p><p>B\u1ea1n \u0111\u1ed3ng \u00fd b\u1ed3i th\u01b0\u1eddng v\u00e0 b\u1ea3o v\u1ec7 TiketVisa.com v\u00e0 c\u00e1c chi nh\u00e1nh c\u1ee7a TiketVisa.com kh\u1ecfi m\u1ecdi khi\u1ebfu n\u1ea1i, m\u1ea5t m\u00e1t, tr\u00e1ch nhi\u1ec7m ph\u00e1p l\u00fd, thi\u1ec7t h\u1ea1i, chi ph\u00ed ho\u1eb7c ph\u00ed t\u1ed5n (bao g\u1ed3m c\u1ea3 ph\u00ed lu\u1eadt s\u01b0 h\u1ee3p l\u00fd) ph\u00e1t sinh do b\u1ea1n s\u1eed d\u1ee5ng Trang web c\u1ee7a ch\u00fang t\u00f4i ho\u1eb7c vi ph\u1ea1m c\u00e1c \u0110i\u1ec1u kho\u1ea3n n\u00e0y.<\/p><p><strong>10. Nh\u1eefng thay \u0111\u1ed5i \u0111\u1ed1i v\u1edbi c\u00e1c \u0111i\u1ec1u kho\u1ea3n n\u00e0y<\/strong><\/p><p>Ch\u00fang t\u00f4i c\u00f3 quy\u1ec1n s\u1eeda \u0111\u1ed5i c\u00e1c \u0110i\u1ec1u kho\u1ea3n n\u00e0y b\u1ea5t k\u1ef3 l\u00fac n\u00e0o. B\u1ea5t k\u1ef3 thay \u0111\u1ed5i n\u00e0o s\u1ebd c\u00f3 hi\u1ec7u l\u1ef1c ngay khi \u0111\u01b0\u1ee3c \u0111\u0103ng tr\u00ean trang n\u00e0y v\u1edbi ng\u00e0y c\u00f3 hi\u1ec7u l\u1ef1c \u0111\u01b0\u1ee3c c\u1eadp nh\u1eadt. Vi\u1ec7c b\u1ea1n ti\u1ebfp t\u1ee5c s\u1eed d\u1ee5ng Trang web c\u1ee7a ch\u00fang t\u00f4i sau b\u1ea5t k\u1ef3 s\u1eeda \u0111\u1ed5i n\u00e0o c\u1ea5u th\u00e0nh s\u1ef1 ch\u1ea5p nh\u1eadn nh\u1eefng thay \u0111\u1ed5i \u0111\u00f3.<\/p><p><strong>11. Lu\u1eadt qu\u1ea3n l\u00fd<\/strong><\/p><p>C\u00e1c \u0110i\u1ec1u kho\u1ea3n n\u00e0y s\u1ebd \u0111\u01b0\u1ee3c \u0111i\u1ec1u ch\u1ec9nh v\u00e0 di\u1ec5n gi\u1ea3i theo lu\u1eadt ph\u00e1p c\u1ee7a Kentucky, Hoa K\u1ef3, m\u00e0 kh\u00f4ng t\u00ednh \u0111\u1ebfn c\u00e1c nguy\u00ean t\u1eafc xung \u0111\u1ed9t lu\u1eadt ph\u00e1p.<\/p><p><strong>12. Li\u00ean h\u1ec7 v\u1edbi ch\u00fang t\u00f4i<\/strong><\/p><p>N\u1ebfu b\u1ea1n c\u00f3 b\u1ea5t k\u1ef3 c\u00e2u h\u1ecfi n\u00e0o v\u1ec1 c\u00e1c \u0110i\u1ec1u kho\u1ea3n n\u00e0y ho\u1eb7c d\u1ecbch v\u1ee5 c\u1ee7a ch\u00fang t\u00f4i, vui l\u00f2ng li\u00ean h\u1ec7 v\u1edbi ch\u00fang t\u00f4i theo \u0111\u1ecba ch\u1ec9:<\/p><p>E-mail: <a href=\"mailto:hi@tiketvisa.com\"><span style=\"color: #009fe3;\">hi@tiketvisa.com<\/span><\/a><\/p><p>B\u1eb1ng c\u00e1ch s\u1eed d\u1ee5ng TiketVisa.com, b\u1ea1n x\u00e1c nh\u1eadn r\u1eb1ng b\u1ea1n \u0111\u00e3 \u0111\u1ecdc v\u00e0 hi\u1ec3u c\u00e1c \u0110i\u1ec1u kho\u1ea3n n\u00e0y v\u00e0 \u0111\u1ed3ng \u00fd ch\u1ecbu r\u00e0ng bu\u1ed9c b\u1edfi ch\u00fang.<\/p>\t\t\t\t\t\t\t\t<\/div>\n\t\t\t\t<\/div>\n\t\t\t\t<\/div>\n\t\t\t\t\t<\/div>\n\t\t\t\t<\/div>\n\t\t\t\t<\/div>","protected":false},"excerpt":{"rendered":"<p>Terms &amp; Conditions Effective Date: 10.10.2024 These Terms and Conditions (&#8220;Terms&#8221;) govern your use of the TiketVisa.com website (&#8220;Site&#8221;) and the services provided by TiketVisa.com (&#8220;we,&#8221; &#8220;us,&#8221; or &#8220;our&#8221;). By accessing or using our Site, you agree to be bound by these Terms. If you do not agree to these Terms, please do not use [&hellip;]<\/p>\n","protected":false},"author":1,"featured_media":0,"parent":0,"menu_order":0,"comment_status":"closed","ping_status":"closed","template":"","meta":{"footnotes":""},"class_list":["post-230","page","type-page","status-publish","hentry"],"_links":{"self":[{"href":"https:\/\/tiketvisa.com\/vi\/wp-json\/wp\/v2\/pages\/230","targetHints":{"allow":["GET"]}}],"collection":[{"href":"https:\/\/tiketvisa.com\/vi\/wp-json\/wp\/v2\/pages"}],"about":[{"href":"https:\/\/tiketvisa.com\/vi\/wp-json\/wp\/v2\/types\/page"}],"author":[{"embeddable":true,"href":"https:\/\/tiketvisa.com\/vi\/wp-json\/wp\/v2\/users\/1"}],"replies":[{"embeddable":true,"href":"https:\/\/tiketvisa.com\/vi\/wp-json\/wp\/v2\/comments?post=230"}],"version-history":[{"count":0,"href":"https:\/\/tiketvisa.com\/vi\/wp-json\/wp\/v2\/pages\/230\/revisions"}],"wp:attachment":[{"href":"https:\/\/tiketvisa.com\/vi\/wp-json\/wp\/v2\/media?parent=230"}],"curies":[{"name":"wp","href":"https:\/\/api.w.org\/{rel}","templated":true}]}}