{"id":232,"date":"2024-10-09T18:59:08","date_gmt":"2024-10-09T18:59:08","guid":{"rendered":"https:\/\/tiketvisa.com\/?page_id=232"},"modified":"2024-10-11T10:08:11","modified_gmt":"2024-10-11T10:08:11","slug":"chinh-sach-bao-mat","status":"publish","type":"page","link":"https:\/\/tiketvisa.com\/vi\/privacy-policy\/","title":{"rendered":"Ch\u00ednh s\u00e1ch b\u1ea3o m\u1eadt"},"content":{"rendered":"<div data-elementor-type=\"wp-page\" data-elementor-id=\"232\" class=\"elementor elementor-232\" data-elementor-post-type=\"page\">\n\t\t\t\t<div class=\"elementor-element elementor-element-c03a8ed e-flex e-con-boxed e-con e-parent\" data-id=\"c03a8ed\" data-element_type=\"container\" data-e-type=\"container\">\n\t\t\t\t\t<div class=\"e-con-inner\">\n\t\t\t\t<div class=\"elementor-element elementor-element-f419663 elementor-widget__width-initial elementor-widget elementor-widget-heading\" data-id=\"f419663\" data-element_type=\"widget\" data-e-type=\"widget\" data-widget_type=\"heading.default\">\n\t\t\t\t<div class=\"elementor-widget-container\">\n\t\t\t\t\t<h2 class=\"elementor-heading-title elementor-size-default\">Ch\u00ednh s\u00e1ch b\u1ea3o m\u1eadt<\/h2>\t\t\t\t<\/div>\n\t\t\t\t<\/div>\n\t\t<div class=\"elementor-element elementor-element-b19741a e-con-full e-flex e-con e-child\" data-id=\"b19741a\" data-element_type=\"container\" data-e-type=\"container\">\n\t\t\t\t<div class=\"elementor-element elementor-element-8fc6e8b elementor-widget elementor-widget-text-editor\" data-id=\"8fc6e8b\" data-element_type=\"widget\" data-e-type=\"widget\" data-widget_type=\"text-editor.default\">\n\t\t\t\t<div class=\"elementor-widget-container\">\n\t\t\t\t\t\t\t\t\t<p><strong>Ng\u00e0y c\u00f3 hi\u1ec7u l\u1ef1c: <\/strong>10.10.2024<\/p><p>TiketVisa.com (\u201cch\u00fang t\u00f4i\u201d, \u201cc\u1ee7a ch\u00fang t\u00f4i\u201d) cam k\u1ebft b\u1ea3o v\u1ec7 quy\u1ec1n ri\u00eang t\u01b0 c\u1ee7a b\u1ea1n. Ch\u00ednh s\u00e1ch quy\u1ec1n ri\u00eang t\u01b0 n\u00e0y gi\u1ea3i th\u00edch c\u00e1ch ch\u00fang t\u00f4i thu th\u1eadp, s\u1eed d\u1ee5ng, ti\u1ebft l\u1ed9 v\u00e0 b\u1ea3o v\u1ec7 th\u00f4ng tin c\u1ee7a b\u1ea1n khi b\u1ea1n truy c\u1eadp trang web c\u1ee7a ch\u00fang t\u00f4i v\u00e0 s\u1eed d\u1ee5ng d\u1ecbch v\u1ee5 c\u1ee7a ch\u00fang t\u00f4i \u0111\u1ec3 \u0111\u1eb7t ph\u00f2ng kh\u00e1ch s\u1ea1n v\u00e0 \u0111\u1eb7t v\u00e9 m\u00e1y bay.<\/p><p><strong>Th\u00f4ng tin ch\u00fang t\u00f4i thu th\u1eadp<\/strong><\/p><p>Ch\u00fang t\u00f4i c\u00f3 th\u1ec3 thu th\u1eadp c\u00e1c lo\u1ea1i th\u00f4ng tin sau:<\/p><ul class=\"marker:text-textOff list-disc pl-8\"><li><strong>Th\u00f4ng tin c\u00e1 nh\u00e2n:<\/strong>\u00a0Bao g\u1ed3m t\u00ean, \u0111\u1ecba ch\u1ec9 email, s\u1ed1 \u0111i\u1ec7n tho\u1ea1i v\u00e0 th\u00f4ng tin thanh to\u00e1n khi b\u1ea1n t\u1ea1o t\u00e0i kho\u1ea3n, \u0111\u1eb7t ch\u1ed7 ho\u1eb7c li\u00ean h\u1ec7 v\u1edbi ch\u00fang t\u00f4i.<\/li><li><strong>Th\u00f4ng tin \u0111\u1eb7t ch\u1ed7:<\/strong>\u00a0Chi ti\u1ebft li\u00ean quan \u0111\u1ebfn \u0111\u1eb7t ph\u00f2ng c\u1ee7a b\u1ea1n, ch\u1eb3ng h\u1ea1n nh\u01b0 ng\u00e0y \u0111i, s\u1edf th\u00edch v\u1ec1 kh\u00e1ch s\u1ea1n v\u00e0 c\u00e1c y\u00eau c\u1ea7u \u0111\u1eb7c bi\u1ec7t.<\/li><li><strong>Th\u00f4ng tin thanh to\u00e1n:<\/strong>\u00a0Ch\u00fang t\u00f4i ch\u1ea5p nh\u1eadn thanh to\u00e1n th\u00f4ng qua nhi\u1ec1u ph\u01b0\u01a1ng th\u1ee9c kh\u00e1c nhau bao g\u1ed3m Stripe, Apple Pay, Google Pay, c\u00e1c lo\u1ea1i th\u1ebb t\u00edn d\u1ee5ng l\u1edbn, Alipay v\u00e0 WeChat Pay. Th\u00f4ng tin thanh to\u00e1n \u0111\u01b0\u1ee3c x\u1eed l\u00fd an to\u00e0n b\u1edfi b\u1ed9 x\u1eed l\u00fd thanh to\u00e1n c\u1ee7a ch\u00fang t\u00f4i.<\/li><li><strong>D\u1eef li\u1ec7u s\u1eed d\u1ee5ng:<\/strong>\u00a0Th\u00f4ng tin v\u1ec1 c\u00e1ch b\u1ea1n s\u1eed d\u1ee5ng trang web c\u1ee7a ch\u00fang t\u00f4i, bao g\u1ed3m \u0111\u1ecba ch\u1ec9 IP, lo\u1ea1i tr\u00ecnh duy\u1ec7t, c\u00e1c trang \u0111\u00e3 truy c\u1eadp v\u00e0 th\u1eddi gian b\u1ea1n d\u00e0nh tr\u00ean trang web c\u1ee7a ch\u00fang t\u00f4i.<\/li><\/ul><p><strong><br \/>Ch\u00fang t\u00f4i s\u1eed d\u1ee5ng th\u00f4ng tin c\u1ee7a b\u1ea1n nh\u01b0 th\u1ebf n\u00e0o<\/strong><\/p><p>Ch\u00fang t\u00f4i s\u1eed d\u1ee5ng th\u00f4ng tin thu th\u1eadp \u0111\u01b0\u1ee3c cho nhi\u1ec1u m\u1ee5c \u0111\u00edch kh\u00e1c nhau:<\/p><ul class=\"marker:text-textOff list-disc pl-8\"><li>\u0110\u1ec3 x\u1eed l\u00fd v\u00e0 x\u00e1c nh\u1eadn \u0111\u1eb7t ph\u00f2ng kh\u00e1ch s\u1ea1n v\u00e0 chuy\u1ebfn bay c\u1ee7a b\u1ea1n.<\/li><li>\u0110\u1ec3 li\u00ean l\u1ea1c v\u1edbi b\u1ea1n v\u1ec1 vi\u1ec7c \u0111\u1eb7t ch\u1ed7 v\u00e0 cung c\u1ea5p d\u1ecbch v\u1ee5 h\u1ed7 tr\u1ee3 kh\u00e1ch h\u00e0ng.<\/li><li>C\u1ea3i thi\u1ec7n trang web v\u00e0 d\u1ecbch v\u1ee5 c\u1ee7a ch\u00fang t\u00f4i d\u1ef1a tr\u00ean ph\u1ea3n h\u1ed3i v\u00e0 th\u00f3i quen s\u1eed d\u1ee5ng c\u1ee7a ng\u01b0\u1eddi d\u00f9ng.<\/li><li>G\u1eedi cho b\u1ea1n c\u00e1c t\u00e0i li\u1ec7u qu\u1ea3ng c\u00e1o v\u00e0 th\u00f4ng tin c\u1eadp nh\u1eadt v\u1ec1 d\u1ecbch v\u1ee5 c\u1ee7a ch\u00fang t\u00f4i (b\u1ea1n c\u00f3 th\u1ec3 ch\u1ecdn kh\u00f4ng tham gia b\u1ea5t c\u1ee9 l\u00fac n\u00e0o).<\/li><\/ul><p><strong><br \/>C\u00f4ng ngh\u1ec7 theo d\u00f5i<\/strong><\/p><p>Ch\u00fang t\u00f4i s\u1eed d\u1ee5ng nhi\u1ec1u c\u00f4ng ngh\u1ec7 theo d\u00f5i kh\u00e1c nhau \u0111\u1ec3 n\u00e2ng cao hi\u1ec7u qu\u1ea3 qu\u1ea3ng c\u00e1o:<\/p><p><strong>\u0110i\u1ec3m \u1ea3nh:<\/strong> Ch\u00fang t\u00f4i s\u1eed d\u1ee5ng c\u00e1c pixel theo d\u00f5i nh\u01b0<\/p><ul><li>Tr\u00ecnh qu\u1ea3n l\u00fd th\u1ebb Google,<\/li><li>Google Ph\u00e2n t\u00edch,<\/li><li>\u0110i\u1ec3m \u1ea3nh Meta,<\/li><li>\u0110i\u1ec3m \u1ea3nh TikTok,<\/li><li>\u0110i\u1ec3m \u1ea3nh Snapchat,<\/li><li>Th\u1ebb Pinterest,<\/li><li>\u0110\u1ed9 r\u00f5 n\u00e9t c\u1ee7a Microsoft<\/li><\/ul><p>\u0111\u1ec3 theo d\u00f5i qu\u1ea3ng c\u00e1o v\u00e0 m\u1ee5c \u0111\u00edch nh\u1eafm m\u1ee5c ti\u00eau l\u1ea1i c\u1ee7a ch\u00fang t\u00f4i. C\u00e1c c\u00f4ng c\u1ee5 n\u00e0y gi\u00fap ch\u00fang t\u00f4i ph\u00e2n t\u00edch h\u00e0nh vi c\u1ee7a ng\u01b0\u1eddi d\u00f9ng v\u00e0 c\u1ea3i thi\u1ec7n chi\u1ebfn l\u01b0\u1ee3c ti\u1ebfp th\u1ecb c\u1ee7a m\u00ecnh.<\/p><p><strong>Ti\u1ebft l\u1ed9 th\u00f4ng tin c\u1ee7a b\u1ea1n<\/strong><\/p><p>Ch\u00fang t\u00f4i c\u00f3 th\u1ec3 chia s\u1ebb th\u00f4ng tin c\u1ee7a b\u1ea1n trong c\u00e1c tr\u01b0\u1eddng h\u1ee3p sau:<\/p><ul class=\"marker:text-textOff list-disc pl-8\"><li><strong>Nh\u00e0 cung c\u1ea5p d\u1ecbch v\u1ee5:<\/strong>\u00a0Ch\u00fang t\u00f4i thu\u00ea c\u00e1c c\u00f4ng ty v\u00e0 c\u00e1 nh\u00e2n b\u00ean th\u1ee9 ba \u0111\u1ec3 h\u1ed7 tr\u1ee3 c\u00e1c d\u1ecbch v\u1ee5 c\u1ee7a ch\u00fang t\u00f4i (v\u00ed d\u1ee5: b\u1ed9 x\u1eed l\u00fd thanh to\u00e1n) c\u00f3 quy\u1ec1n truy c\u1eadp v\u00e0o th\u00f4ng tin c\u00e1 nh\u00e2n c\u1ee7a b\u1ea1n ch\u1ec9 \u0111\u1ec3 th\u1ef1c hi\u1ec7n c\u00e1c nhi\u1ec7m v\u1ee5 thay m\u1eb7t ch\u00fang t\u00f4i.<\/li><li><strong>Y\u00eau c\u1ea7u ph\u00e1p l\u00fd:<\/strong>\u00a0Ch\u00fang t\u00f4i c\u00f3 th\u1ec3 ti\u1ebft l\u1ed9 th\u00f4ng tin c\u1ee7a b\u1ea1n n\u1ebfu ph\u00e1p lu\u1eadt y\u00eau c\u1ea7u ho\u1eb7c \u0111\u1ec3 \u0111\u00e1p \u1ee9ng c\u00e1c y\u00eau c\u1ea7u h\u1ee3p l\u1ec7 t\u1eeb c\u01a1 quan c\u00f4ng quy\u1ec1n.<\/li><li><strong>Chuy\u1ec3n nh\u01b0\u1ee3ng doanh nghi\u1ec7p:<\/strong>\u00a0Trong tr\u01b0\u1eddng h\u1ee3p s\u00e1p nh\u1eadp, mua l\u1ea1i ho\u1eb7c b\u00e1n t\u00e0i s\u1ea3n, d\u1eef li\u1ec7u c\u00e1 nh\u00e2n c\u1ee7a b\u1ea1n c\u00f3 th\u1ec3 \u0111\u01b0\u1ee3c chuy\u1ec3n giao nh\u01b0 m\u1ed9t ph\u1ea7n c\u1ee7a giao d\u1ecbch \u0111\u00f3.<\/li><\/ul><p><strong><br \/>B\u1ea3o m\u1eadt d\u1eef li\u1ec7u<\/strong><\/p><p>Ch\u00fang t\u00f4i coi tr\u1ecdng v\u1ea5n \u0111\u1ec1 b\u1ea3o m\u1eadt th\u00f4ng tin c\u00e1 nh\u00e2n c\u1ee7a b\u1ea1n. Ch\u00fang t\u00f4i tri\u1ec3n khai c\u00e1c bi\u1ec7n ph\u00e1p k\u1ef9 thu\u1eadt v\u00e0 t\u1ed5 ch\u1ee9c ph\u00f9 h\u1ee3p \u0111\u1ec3 b\u1ea3o v\u1ec7 d\u1eef li\u1ec7u c\u1ee7a b\u1ea1n kh\u1ecfi vi\u1ec7c truy c\u1eadp tr\u00e1i ph\u00e9p, m\u1ea5t m\u00e1t ho\u1eb7c s\u1eed d\u1ee5ng sai m\u1ee5c \u0111\u00edch. Tuy nhi\u00ean, xin l\u01b0u \u00fd r\u1eb1ng kh\u00f4ng c\u00f3 ph\u01b0\u01a1ng ph\u00e1p truy\u1ec1n d\u1eef li\u1ec7u n\u00e0o qua Internet ho\u1eb7c l\u01b0u tr\u1eef \u0111i\u1ec7n t\u1eed l\u00e0 an to\u00e0n 100%.<\/p><p><strong>Quy\u1ec1n c\u1ee7a b\u1ea1n<\/strong><\/p><p>B\u1ea1n c\u00f3 quy\u1ec1n:<\/p><ul class=\"marker:text-textOff list-disc pl-8\"><li>Truy c\u1eadp th\u00f4ng tin c\u00e1 nh\u00e2n m\u00e0 ch\u00fang t\u00f4i l\u01b0u gi\u1eef v\u1ec1 b\u1ea1n.<\/li><li>Y\u00eau c\u1ea7u s\u1eeda b\u1ea5t k\u1ef3 d\u1eef li\u1ec7u n\u00e0o kh\u00f4ng ch\u00ednh x\u00e1c.<\/li><li>Y\u00eau c\u1ea7u x\u00f3a d\u1eef li\u1ec7u c\u00e1 nh\u00e2n c\u1ee7a b\u1ea1n trong m\u1ed9t s\u1ed1 \u0111i\u1ec1u ki\u1ec7n nh\u1ea5t \u0111\u1ecbnh.<\/li><li>R\u00fat l\u1ea1i s\u1ef1 \u0111\u1ed3ng \u00fd cho ph\u00e9p ch\u00fang t\u00f4i x\u1eed l\u00fd d\u1eef li\u1ec7u c\u1ee7a b\u1ea1n khi ch\u00fang t\u00f4i c\u1ea7n s\u1ef1 \u0111\u1ed3ng \u00fd.<\/li><\/ul><p>\u0110\u1ec3 th\u1ef1c hi\u1ec7n c\u00e1c quy\u1ec1n n\u00e0y, vui l\u00f2ng li\u00ean h\u1ec7 v\u1edbi ch\u00fang t\u00f4i b\u1eb1ng th\u00f4ng tin li\u00ean h\u1ec7 \u0111\u01b0\u1ee3c cung c\u1ea5p b\u00ean d\u01b0\u1edbi.<\/p><p><strong>B\u00e1nh quy<\/strong><\/p><p>Trang web c\u1ee7a ch\u00fang t\u00f4i s\u1eed d\u1ee5ng cookie \u0111\u1ec3 n\u00e2ng cao tr\u1ea3i nghi\u1ec7m c\u1ee7a ng\u01b0\u1eddi d\u00f9ng. Cookie l\u00e0 c\u00e1c t\u1ec7p nh\u1ecf \u0111\u01b0\u1ee3c l\u01b0u tr\u1eef tr\u00ean thi\u1ebft b\u1ecb c\u1ee7a b\u1ea1n gi\u00fap ch\u00fang t\u00f4i c\u1ea3i thi\u1ec7n d\u1ecbch v\u1ee5 c\u1ee7a m\u00ecnh. B\u1ea1n c\u00f3 th\u1ec3 ch\u1ecdn ch\u1ea5p nh\u1eadn ho\u1eb7c t\u1eeb ch\u1ed1i cookie th\u00f4ng qua c\u00e0i \u0111\u1eb7t tr\u00ecnh duy\u1ec7t c\u1ee7a m\u00ecnh. Tuy nhi\u00ean, vi\u1ec7c t\u1eeb ch\u1ed1i cookie c\u00f3 th\u1ec3 \u1ea3nh h\u01b0\u1edfng \u0111\u1ebfn ch\u1ee9c n\u0103ng c\u1ee7a trang web c\u1ee7a ch\u00fang t\u00f4i.<\/p><p><strong>Ch\u00ednh s\u00e1ch ho\u00e0n ti\u1ec1n<\/strong><\/p><p>Xin l\u01b0u \u00fd r\u1eb1ng t\u1ea5t c\u1ea3 c\u00e1c \u0111\u1eb7t ph\u00f2ng \u0111\u01b0\u1ee3c th\u1ef1c hi\u1ec7n th\u00f4ng qua TiketVisa \u0111\u1ec1u kh\u00f4ng \u0111\u01b0\u1ee3c ho\u00e0n l\u1ea1i ti\u1ec1n. \u0110\u1ec3 bi\u1ebft th\u00eam chi ti\u1ebft, vui l\u00f2ng tham kh\u1ea3o <span style=\"color: #009fe3;\"><a style=\"color: #009fe3;\" href=\"https:\/\/tiketvisa.com\/vi\/chinh-sach-hoan-tien\/\" data-wplink-url-error=\"true\">Ch\u00ednh s\u00e1ch ho\u00e0n ti\u1ec1n<\/a>.<\/span><\/p><p><strong>Nh\u1eefng thay \u0111\u1ed5i \u0111\u1ed1i v\u1edbi Ch\u00ednh s\u00e1ch b\u1ea3o m\u1eadt n\u00e0y<\/strong><\/p><p>Ch\u00fang t\u00f4i c\u00f3 th\u1ec3 c\u1eadp nh\u1eadt Ch\u00ednh s\u00e1ch b\u1ea3o m\u1eadt c\u1ee7a m\u00ecnh theo th\u1eddi gian. B\u1ea5t k\u1ef3 thay \u0111\u1ed5i n\u00e0o c\u0169ng s\u1ebd \u0111\u01b0\u1ee3c \u0111\u0103ng tr\u00ean trang n\u00e0y v\u1edbi ng\u00e0y c\u00f3 hi\u1ec7u l\u1ef1c \u0111\u01b0\u1ee3c c\u1eadp nh\u1eadt. Ch\u00fang t\u00f4i khuy\u1ebfn kh\u00edch b\u1ea1n xem l\u1ea1i Ch\u00ednh s\u00e1ch b\u1ea3o m\u1eadt n\u00e0y \u0111\u1ecbnh k\u1ef3 \u0111\u1ec3 bi\u1ebft b\u1ea5t k\u1ef3 thay \u0111\u1ed5i n\u00e0o.<\/p><p><strong>Li\u00ean h\u1ec7 v\u1edbi ch\u00fang t\u00f4i<\/strong><\/p><p>N\u1ebfu b\u1ea1n c\u00f3 b\u1ea5t k\u1ef3 c\u00e2u h\u1ecfi n\u00e0o v\u1ec1 Ch\u00ednh s\u00e1ch b\u1ea3o m\u1eadt n\u00e0y ho\u1eb7c c\u00e1c ho\u1ea1t \u0111\u1ed9ng c\u1ee7a ch\u00fang t\u00f4i li\u00ean quan \u0111\u1ebfn th\u00f4ng tin c\u00e1 nh\u00e2n c\u1ee7a b\u1ea1n, vui l\u00f2ng li\u00ean h\u1ec7 v\u1edbi ch\u00fang t\u00f4i theo \u0111\u1ecba ch\u1ec9:<\/p><p>E-mail: <span style=\"color: #009fe3;\"><a style=\"color: #009fe3;\" href=\"mailto:hi@tiketvisa.com\">hi@tiketvisa.com<\/a><\/span><\/p><p>B\u1eb1ng c\u00e1ch s\u1eed d\u1ee5ng TiketVisa.com, b\u1ea1n \u0111\u1ed3ng \u00fd v\u1edbi c\u00e1c \u0111i\u1ec1u kho\u1ea3n \u0111\u01b0\u1ee3c n\u00eau trong <span style=\"color: #009fe3;\"><a style=\"color: #009fe3;\" href=\"https:\/\/tiketvisa.com\/vi\/chinh-sach-bao-mat\/\" data-wplink-url-error=\"true\">Ch\u00ednh s\u00e1ch b\u1ea3o m\u1eadt<\/a><\/span>.<\/p>\t\t\t\t\t\t\t\t<\/div>\n\t\t\t\t<\/div>\n\t\t\t\t<\/div>\n\t\t\t\t\t<\/div>\n\t\t\t\t<\/div>\n\t\t\t\t<\/div>","protected":false},"excerpt":{"rendered":"<p>Privacy Policy Effective Date: 10.10.2024 TiketVisa.com (&#8220;we,&#8221; &#8220;us,&#8221; or &#8220;our&#8221;) is dedicated to safeguarding your privacy. This Privacy Policy explains how we collect, use, disclose, and protect your information when you visit our website and utilize our services for hotel reservations and flight ticket bookings. Information We Collect We may collect the following types of [&hellip;]<\/p>\n","protected":false},"author":1,"featured_media":0,"parent":0,"menu_order":0,"comment_status":"closed","ping_status":"closed","template":"","meta":{"footnotes":""},"class_list":["post-232","page","type-page","status-publish","hentry"],"_links":{"self":[{"href":"https:\/\/tiketvisa.com\/vi\/wp-json\/wp\/v2\/pages\/232","targetHints":{"allow":["GET"]}}],"collection":[{"href":"https:\/\/tiketvisa.com\/vi\/wp-json\/wp\/v2\/pages"}],"about":[{"href":"https:\/\/tiketvisa.com\/vi\/wp-json\/wp\/v2\/types\/page"}],"author":[{"embeddable":true,"href":"https:\/\/tiketvisa.com\/vi\/wp-json\/wp\/v2\/users\/1"}],"replies":[{"embeddable":true,"href":"https:\/\/tiketvisa.com\/vi\/wp-json\/wp\/v2\/comments?post=232"}],"version-history":[{"count":0,"href":"https:\/\/tiketvisa.com\/vi\/wp-json\/wp\/v2\/pages\/232\/revisions"}],"wp:attachment":[{"href":"https:\/\/tiketvisa.com\/vi\/wp-json\/wp\/v2\/media?parent=232"}],"curies":[{"name":"wp","href":"https:\/\/api.w.org\/{rel}","templated":true}]}}