{"id":238,"date":"2024-10-09T19:00:39","date_gmt":"2024-10-09T19:00:39","guid":{"rendered":"https:\/\/tiketvisa.com\/?page_id=238"},"modified":"2026-03-07T17:10:19","modified_gmt":"2026-03-07T17:10:19","slug":"cau-hoi-thuong-gap","status":"publish","type":"page","link":"https:\/\/tiketvisa.com\/vi\/faq\/","title":{"rendered":"FAQ"},"content":{"rendered":"<div data-elementor-type=\"wp-page\" data-elementor-id=\"238\" class=\"elementor elementor-238\" data-elementor-post-type=\"page\">\n\t\t\t\t<div class=\"elementor-element elementor-element-4dbe50a e-flex e-con-boxed e-con e-parent\" data-id=\"4dbe50a\" data-element_type=\"container\" data-e-type=\"container\">\n\t\t\t\t\t<div class=\"e-con-inner\">\n\t\t<div class=\"elementor-element elementor-element-df26f20 e-con-full e-flex e-con e-child\" data-id=\"df26f20\" data-element_type=\"container\" data-e-type=\"container\">\n\t\t\t\t<div class=\"elementor-element elementor-element-32ed5f5 elementor-widget elementor-widget-heading\" data-id=\"32ed5f5\" data-element_type=\"widget\" data-e-type=\"widget\" data-widget_type=\"heading.default\">\n\t\t\t\t<div class=\"elementor-widget-container\">\n\t\t\t\t\t<h2 class=\"elementor-heading-title elementor-size-default\">C\u00e1c c\u00e2u h\u1ecfi th\u01b0\u1eddng g\u1eb7p<\/h2>\t\t\t\t<\/div>\n\t\t\t\t<\/div>\n\t\t\t\t<div class=\"elementor-element elementor-element-8cb7328 elementor-widget elementor-widget-text-editor\" data-id=\"8cb7328\" data-element_type=\"widget\" data-e-type=\"widget\" data-widget_type=\"text-editor.default\">\n\t\t\t\t<div class=\"elementor-widget-container\">\n\t\t\t\t\t\t\t\t\t<p><strong>1. TiketVisa l\u00e0 g\u00ec?<\/strong><\/p><p>TiketVisa cung c\u1ea5p d\u1ecbch v\u1ee5 \u0111\u1eb7t ch\u1ed7 chuy\u1ebfn bay v\u00e0 \u0111\u1eb7t ph\u00f2ng kh\u00e1ch s\u1ea1n. T\u1ea5t c\u1ea3 c\u00e1c chuy\u1ebfn bay \u0111\u01b0\u1ee3c \u0111\u1eb7t b\u1edfi m\u1ed9t c\u00f4ng ty l\u1eef h\u00e0nh \u0111\u00e3 \u0111\u0103ng k\u00fd c\u00f3 M\u00e3 PNR (H\u1ed3 s\u01a1 t\u00ean h\u00e0nh kh\u00e1ch) c\u00f3 th\u1ec3 x\u00e1c minh \u0111\u01b0\u1ee3c tr\u00ean c\u00e1c trang web c\u1ee7a h\u00e3ng h\u00e0ng kh\u00f4ng l\u1edbn.<\/p><p><strong>2. T\u1ea1i sao t\u00f4i n\u00ean s\u1eed d\u1ee5ng TiketVisa?<\/strong><\/p><p><strong>- Nhanh:<\/strong> Nh\u1eadn \u0111\u1eb7t ch\u1ed7 chuy\u1ebfn bay v\u00e0 kh\u00e1ch s\u1ea1n h\u1ee3p l\u1ec7 t\u00f9y theo h\u00e3ng h\u00e0ng kh\u00f4ng trong v\u00f2ng ch\u01b0a \u0111\u1ea7y 5 ph\u00fat!<\/p><p><strong>- D\u1ec5:<\/strong> Ch\u00fang t\u00f4i \u0111\u00e3 l\u00e0m cho qu\u00e1 tr\u00ecnh n\u00e0y tr\u1edf n\u00ean \u0111\u01a1n gi\u1ea3n nh\u1ea5t c\u00f3 th\u1ec3.<\/p><p><strong>- Th\u1ef1c t\u1ebf:<\/strong> Ch\u00fang t\u00f4i th\u1ef1c hi\u1ec7n \u0111\u1eb7t ch\u1ed7 chuy\u1ebfn bay th\u1ef1c t\u1ebf 100%. B\u1ea1n c\u00f3 th\u1ec3 ki\u1ec3m tra t\u00ednh h\u1ee3p l\u1ec7 c\u1ee7a \u0111\u1eb7t ch\u1ed7 chuy\u1ebfn bay tr\u00ean trang web c\u1ee7a c\u00e1c h\u00e3ng h\u00e0ng kh\u00f4ng l\u1edbn.<\/p><p><strong>- R\u1ebb: <\/strong>N\u1ebfu b\u1ea1n mua v\u00e9 ho\u1eb7c \u0111\u1eb7t ph\u00f2ng kh\u00e1ch s\u1ea1n tr\u1ef1c ti\u1ebfp t\u1eeb b\u00ean th\u1ee9 ba ho\u1eb7c trang web c\u1ee7a h\u00e3ng h\u00e0ng kh\u00f4ng\/kh\u00e1ch s\u1ea1n, b\u1ea1n s\u1ebd c\u1ea7n ph\u1ea3i thanh to\u00e1n to\u00e0n b\u1ed9 s\u1ed1 ti\u1ec1n tr\u01b0\u1edbc. Tuy nhi\u00ean, b\u1eb1ng c\u00e1ch \u0111\u1eb7t ph\u00f2ng th\u00f4ng qua ch\u00fang t\u00f4i, ch\u00fang t\u00f4i c\u00f3 th\u1ec3 \u0111\u1eb7t ch\u1ed7 cho b\u1ea1n ch\u1ec9 v\u1edbi $9.<\/p><p><strong>3. T\u00f4i s\u1ebd nh\u1eadn \u0111\u01b0\u1ee3c g\u00ec?<\/strong><\/p><p>B\u1ea1n s\u1ebd nh\u1eadn \u0111\u01b0\u1ee3c m\u1ed9t t\u00e0i li\u1ec7u PDF bao g\u1ed3m h\u00e0nh tr\u00ecnh bay cho tuy\u1ebfn \u0111\u01b0\u1eddng b\u1ea1n \u0111\u00e3 ch\u1ecdn v\u00e0 m\u00e3 PNR x\u00e1c nh\u1eadn \u0111\u1eb7t ch\u1ed7 c\u1ee7a b\u1ea1n. <em><span style=\"color: #009fe3;\"><a style=\"color: #009fe3;\" href=\"https:\/\/tiketvisa.com\/wp-content\/uploads\/2025\/09\/TiketVisa_Ticket_Template.pdf\">Xem v\u00ed d\u1ee5 PDF<\/a><\/span><\/em><\/p><p><strong>4. M\u00e3 PNR tr\u00f4ng nh\u01b0 th\u1ebf n\u00e0o?<\/strong><\/p><p>Kh\u00f4ng c\u00f3 \u0111\u1ecbnh d\u1ea1ng chung cho m\u00e3 H\u1ed3 s\u01a1 t\u00ean h\u00e0nh kh\u00e1ch (PNR), v\u00ec v\u1eady s\u1ed1 l\u01b0\u1ee3ng k\u00fd t\u1ef1 v\u00e0 th\u00f4ng tin c\u00f3 th\u1ec3 thay \u0111\u1ed5i t\u00f9y theo h\u1ec7 th\u1ed1ng. V\u00ed d\u1ee5, m\u00e3 \u0111\u1eb7t v\u00e9 m\u00e1y bay th\u01b0\u1eddng bao g\u1ed3m 6 s\u1ed1 v\u00e0 ch\u1eef c\u00e1i (<em>162J24<\/em>) ho\u1eb7c ch\u1ec9 8 ch\u1eef s\u1ed1, nh\u01b0ng \u0111\u1ecbnh d\u1ea1ng c\u00f3 th\u1ec3 thay \u0111\u1ed5i.<\/p><p><strong>5. \u0110\u1eb7t ch\u1ed7 chuy\u1ebfn bay c\u00f3 hi\u1ec7u l\u1ef1c trong bao l\u00e2u?<\/strong><\/p><p>It depends on the airline. Our flight reservations are usually valid for 48 hours after you receive the PDF reservation.<\/p><p><strong>6. B\u1ea1n c\u00f3 th\u1ec3 thay \u0111\u1ed5i th\u00f4ng tin \u0111\u1eb7t ch\u1ed7 chuy\u1ebfn bay c\u1ee7a t\u00f4i kh\u00f4ng?<\/strong><\/p><p>Kh\u00f4ng, trang web c\u1ee7a ch\u00fang t\u00f4i s\u1ebd \u0111\u1eb7t ch\u1ed7 ngay l\u1eadp t\u1ee9c. V\u00ec v\u1eady, sau khi b\u1ea1n \u0111\u1eb7t h\u00e0ng, kh\u00f4ng c\u00f3 g\u00ec c\u00f3 th\u1ec3 thay \u0111\u1ed5i. N\u1ebfu b\u1ea1n y\u00eau c\u1ea7u b\u1ea5t k\u1ef3 thay \u0111\u1ed5i n\u00e0o, b\u1ea1n s\u1ebd c\u1ea7n ph\u1ea3i \u0111\u1eb7t ch\u1ed7 m\u1edbi.<\/p><p><strong>7. T\u00f4i c\u00f3 th\u1ec3 ch\u1ecdn chuy\u1ebfn bay s\u1ebd \u0111\u1eb7t kh\u00f4ng?<\/strong><\/p><p>Kh\u00f4ng ph\u1ea3i l\u00fac n\u00e0y.<\/p><p><strong>8. T\u00f4i c\u00f3 ph\u1ea3i h\u1ee7y chuy\u1ebfn bay kh\u00f4ng?<\/strong><\/p><p>Kh\u00f4ng, \u0111\u1eb7t ch\u1ed7 s\u1ebd t\u1ef1 \u0111\u1ed9ng h\u1ee7y sau 48 gi\u1edd k\u1ec3 t\u1eeb khi b\u1ea1n nh\u1eadn \u0111\u01b0\u1ee3c v\u00e9.<\/p><p><strong>8. T\u00f4i c\u00f3 nh\u1eadn \u0111\u01b0\u1ee3c s\u1ed1 v\u00e9 \u0111i\u1ec7n t\u1eed kh\u00f4ng?<\/strong><\/p><p>Kh\u00f4ng, s\u1ed1 v\u00e9 \u0111i\u1ec7n t\u1eed kh\u00f4ng \u0111\u01b0\u1ee3c bao g\u1ed3m trong \u0111\u1eb7t ch\u1ed7. N\u1ebfu b\u1ea1n y\u00eau c\u1ea7u s\u1ed1 v\u00e9 \u0111i\u1ec7n t\u1eed, b\u1ea1n s\u1ebd ph\u1ea3i mua to\u00e0n b\u1ed9 v\u00e9.<\/p><p><strong>10. T\u00f4i c\u00f3 ph\u1ea3i tr\u1ea3 to\u00e0n b\u1ed9 gi\u00e1 v\u00e9 m\u00e1y bay kh\u00f4ng?<\/strong><\/p><p>Kh\u00f4ng, \u0111\u00e2y ch\u1ec9 l\u00e0 \u0111\u1eb7t ch\u1ed7 chuy\u1ebfn bay n\u00ean b\u1ea1n kh\u00f4ng ph\u1ea3i tr\u1ea3 to\u00e0n b\u1ed9 gi\u00e1 v\u00e9 m\u00e1y bay. B\u1ea1n ch\u1ec9 c\u1ea7n tr\u1ea3 ph\u00ed \u0111\u1eb7t ch\u1ed7 chuy\u1ebfn bay.<\/p><p><strong>11. T\u00f4i c\u00f3 th\u1ec3 s\u1eed d\u1ee5ng \u0111\u1eb7t ch\u1ed7 chuy\u1ebfn bay c\u1ee7a m\u00ecnh \u0111\u1ec3 bay kh\u00f4ng?<\/strong><\/p><p>Kh\u00f4ng, \u0111\u00e2y ch\u1ec9 l\u00e0 \u0111\u1eb7t ch\u1ed7 chuy\u1ebfn bay.<\/p><p><strong>12. T\u00f4i c\u00f3 th\u1ec3 \u0111\u1eb7t chuy\u1ebfn bay \u0111\u1ebfn b\u1ea5t k\u1ef3 \u0111i\u1ec3m \u0111\u1ebfn n\u00e0o tr\u00ean th\u1ebf gi\u1edbi th\u00f4ng qua Tiketvisa kh\u00f4ng? <br \/><\/strong><\/p><p>B\u1ea1n c\u00f3 th\u1ec3 \u0111\u1eb7t chuy\u1ebfn bay \u0111\u1ebfn c\u00e1c s\u00e2n bay qu\u1ed1c t\u1ebf l\u1edbn tr\u00ean to\u00e0n th\u1ebf gi\u1edbi. Ch\u00fang t\u00f4i t\u1eadp trung v\u00e0o vi\u1ec7c li\u1ec7t k\u00ea c\u00e1c s\u00e2n bay cung c\u1ea5p k\u1ebft n\u1ed1i to\u00e0n c\u1ea7u r\u1ed9ng r\u00e3i, cung c\u1ea5p chuy\u1ebfn bay \u0111\u1ebfn h\u1ea7u h\u1ebft c\u00e1c \u0111i\u1ec3m \u0111\u1ebfn.<\/p><p><em>Xin l\u01b0u \u00fd r\u1eb1ng do t\u00ecnh h\u00ecnh \u0111\u1ecba ch\u00ednh tr\u1ecb hi\u1ec7n t\u1ea1i, ch\u00fang t\u00f4i t\u1ea1m th\u1eddi kh\u00f4ng th\u1ec3 cung c\u1ea5p \u0111\u1eb7t chuy\u1ebfn bay \u0111\u1ebfn c\u00e1c \u0111i\u1ec3m \u0111\u1ebfn sau: <strong>unable<\/strong> to provide flight bookings to the following destinations:<\/em><\/p><ul><li><em>Moscow (Nga)<\/em><\/li><li><em>Minsk (Belarus)<\/em><\/li><li><em>Pyongyang (Tri\u1ec1u Ti\u00ean)<\/em><\/li><li><em>Havana (Cuba)<\/em><\/li><li><em>Kyiv (Ukraina)<\/em><\/li><\/ul><p><strong><br \/>13. Can I book hotels in any city in the world?<br \/><\/strong><\/p><p>Yes, you can book hotels through Tiketvisa, but we focus on <b>capital cities and other large cities<\/b>.<\/p><p><em>Xin l\u01b0u \u00fd r\u1eb1ng do t\u00ecnh h\u00ecnh \u0111\u1ecba ch\u00ednh tr\u1ecb hi\u1ec7n t\u1ea1i, ch\u00fang t\u00f4i t\u1ea1m th\u1eddi kh\u00f4ng th\u1ec3 cung c\u1ea5p \u0111\u1eb7t chuy\u1ebfn bay \u0111\u1ebfn c\u00e1c \u0111i\u1ec3m \u0111\u1ebfn sau: <strong>unable<\/strong> to provide hotel bookings for the following cities:<\/em><\/p><ul><li><em>Moscow (Nga)<\/em><\/li><li><em>Pyongyang (Tri\u1ec1u Ti\u00ean)<\/em><\/li><li><em>Kabul (Afghanistan)<\/em><\/li><li><em>Juba (South Sudan)<\/em><\/li><li><em>Havana (Cuba)<\/em><\/li><li><em>Tehran (Iran)<\/em><\/li><li><em>Asmara (Eritrea)<\/em><\/li><\/ul><p><b>14. I tried to check my PNR on the airline&#8217;s website, but it says it&#8217;s not verifiable. Is my booking confirmed?<\/b><\/p><p>Yes, your booking is confirmed. This is a normal procedure for many budget airlines (like AirAsia, Vietjet, RyanAir, Batik Air, Malindo, Lion air etc.). Their online systems often do not match reservations made through travel agencies.<\/p><p><strong><br \/>15. What can I do if i didn&#8217;t get my reservation?<\/strong><\/p><p>Ch\u1ec9 c\u1ea7n g\u1eedi email cho ch\u00fang t\u00f4i <span style=\"color: #009fe3;\"><a style=\"color: #009fe3;\" href=\"mailto:hi@tiketvisa.com\"><em>hi@tiketvisa.com<\/em><\/a><\/span> ho\u1eb7c li\u00ean h\u1ec7 v\u1edbi ch\u00fang t\u00f4i qua Instagram <span style=\"color: #009fe3;\"><a style=\"color: #009fe3;\" href=\"https:\/\/instagram.com\/tiketvisa\" target=\"_blank\" rel=\"noopener\">@tiketvisa<\/a><\/span> \u0111\u1ec3 ph\u1ea3n h\u1ed3i nhanh h\u01a1n.<\/p>\t\t\t\t\t\t\t\t<\/div>\n\t\t\t\t<\/div>\n\t\t\t\t<div class=\"elementor-element elementor-element-995f48e elementor-widget elementor-widget-heading\" data-id=\"995f48e\" data-element_type=\"widget\" data-e-type=\"widget\" data-widget_type=\"heading.default\">\n\t\t\t\t<div class=\"elementor-widget-container\">\n\t\t\t\t\t<h2 class=\"elementor-heading-title elementor-size-default\">C\u00e2u h\u1ecfi th\u01b0\u1eddng g\u1eb7p v\u1ec1 ch\u01b0\u01a1ng tr\u00ecnh li\u00ean k\u1ebft<\/h2>\t\t\t\t<\/div>\n\t\t\t\t<\/div>\n\t\t\t\t<div class=\"elementor-element elementor-element-1854067 elementor-widget elementor-widget-text-editor\" data-id=\"1854067\" data-element_type=\"widget\" data-e-type=\"widget\" data-widget_type=\"text-editor.default\">\n\t\t\t\t<div class=\"elementor-widget-container\">\n\t\t\t\t\t\t\t\t\t<p><strong>1. Ch\u01b0\u01a1ng tr\u00ecnh li\u00ean k\u1ebft Tiketvisa.com l\u00e0 g\u00ec?<\/strong><br \/>Ch\u01b0\u01a1ng tr\u00ecnh li\u00ean k\u1ebft Tiketvisa.com cho ph\u00e9p ng\u01b0\u1eddi d\u00f9ng ki\u1ebfm hoa h\u1ed3ng b\u1eb1ng c\u00e1ch qu\u1ea3ng b\u00e1 d\u1ecbch v\u1ee5 \u0111\u1eb7t v\u00e9 m\u00e1y bay v\u00e0 kh\u00e1ch s\u1ea1n c\u1ee7a TiketVisa th\u00f4ng qua c\u00e1c li\u00ean k\u1ebft li\u00ean k\u1ebft. Tham gia mi\u1ec5n ph\u00ed v\u00e0 c\u00e1c chi nh\u00e1nh ki\u1ebfm \u0111\u01b0\u1ee3c hoa h\u1ed3ng 10% cho m\u1ed7i l\u1ea7n mua h\u00e0ng th\u00f4ng qua li\u00ean k\u1ebft c\u1ee7a h\u1ecd.<\/p><p><strong>2. L\u00e0m th\u1ebf n\u00e0o \u0111\u1ec3 t\u00f4i tham gia Ch\u01b0\u01a1ng tr\u00ecnh li\u00ean k\u1ebft Tiketvisa.com?<\/strong><br \/>Ch\u1ec9 c\u1ea7n \u0111\u0103ng k\u00fd mi\u1ec5n ph\u00ed t\u1ea1i <span style=\"color: #009fe3;\"><a style=\"color: #009fe3;\" href=\"https:\/\/affiliate.tiketvisa.com\">https:\/\/affiliate.tiketvisa.com<\/a><\/span>. Sau khi \u0111\u0103ng k\u00fd, b\u1ea1n s\u1ebd nh\u1eadn \u0111\u01b0\u1ee3c hai li\u00ean k\u1ebft li\u00ean k\u1ebft\u2014m\u1ed9t cho chuy\u1ebfn bay v\u00e0 m\u1ed9t cho kh\u00e1ch s\u1ea1n.<\/p><p><strong>3. T\u00f4i c\u00f3 th\u1ec3 s\u1eed d\u1ee5ng li\u00ean k\u1ebft ti\u1ebfp th\u1ecb li\u00ean k\u1ebft c\u1ee7a m\u00ecnh nh\u01b0 th\u1ebf n\u00e0o?<\/strong><br \/>B\u1ea1n c\u00f3 th\u1ec3 chia s\u1ebb li\u00ean k\u1ebft li\u00ean k\u1ebft c\u1ee7a m\u00ecnh tr\u00ean ph\u01b0\u01a1ng ti\u1ec7n truy\u1ec1n th\u00f4ng x\u00e3 h\u1ed9i, blog, email ho\u1eb7c b\u1ea5t k\u1ef3 n\u1ec1n t\u1ea3ng n\u00e0o kh\u00e1c. Tuy nhi\u00ean, vui l\u00f2ng tr\u00e1nh c\u00e1c ho\u1ea1t \u0111\u1ed9ng spam v\u00e0 tr\u00e1nh chia s\u1ebb tr\u00ean c\u00e1c trang web kh\u00f4ng ph\u00f9 h\u1ee3p, ch\u1eb3ng h\u1ea1n nh\u01b0 c\u00e1c trang web c\u00f3 n\u1ed9i dung d\u00e0nh cho ng\u01b0\u1eddi l\u1edbn. B\u1ea5t k\u1ef3 ho\u1ea1t \u0111\u1ed9ng spam n\u00e0o b\u1ecb ph\u00e1t hi\u1ec7n \u0111\u1ec1u c\u00f3 th\u1ec3 d\u1eabn \u0111\u1ebfn vi\u1ec7c c\u1ea5m t\u00e0i kho\u1ea3n li\u00ean k\u1ebft c\u1ee7a b\u1ea1n.<\/p><p><strong>4. T\u00f4i s\u1ebd ki\u1ebfm \u0111\u01b0\u1ee3c bao nhi\u00eau hoa h\u1ed3ng?<\/strong><br \/>C\u00e1c chi nh\u00e1nh s\u1ebd ki\u1ebfm \u0111\u01b0\u1ee3c 10% hoa h\u1ed3ng cho m\u1ed7i giao d\u1ecbch mua \u0111\u01b0\u1ee3c th\u1ef1c hi\u1ec7n th\u00f4ng qua li\u00ean k\u1ebft chi nh\u00e1nh c\u1ee7a h\u1ecd.<\/p><p><strong>5. Khi n\u00e0o t\u00f4i s\u1ebd \u0111\u01b0\u1ee3c th\u00f4ng b\u00e1o v\u1ec1 thu nh\u1eadp c\u1ee7a m\u00ecnh?<\/strong><br \/>B\u1ea1n s\u1ebd nh\u1eadn \u0111\u01b0\u1ee3c th\u00f4ng b\u00e1o qua email m\u1ed7i khi ki\u1ebfm \u0111\u01b0\u1ee3c hoa h\u1ed3ng. Ngo\u00e0i ra, b\u1ea1n s\u1ebd nh\u1eadn \u0111\u01b0\u1ee3c email khi s\u1ed1 d\u01b0 hoa h\u1ed3ng c\u1ee7a b\u1ea1n \u0111\u1ea1t $50.<\/p><p><strong>6. Khi n\u00e0o v\u00e0 l\u00e0m th\u1ebf n\u00e0o t\u00f4i c\u00f3 th\u1ec3 r\u00fat ti\u1ec1n thu nh\u1eadp c\u1ee7a m\u00ecnh?<\/strong><br \/>Khi s\u1ed1 d\u01b0 c\u1ee7a b\u1ea1n \u0111\u1ea1t t\u1edbi $50 ho\u1eb7c t\u0103ng d\u1ea7n theo t\u1eebng m\u1ee9c $50, b\u1ea1n c\u00f3 th\u1ec3 y\u00eau c\u1ea7u r\u00fat ti\u1ec1n v\u1ec1 t\u00e0i kho\u1ea3n PayPal c\u1ee7a m\u00ecnh.<\/p><p><strong>7. \u0110i\u1ec1u g\u00ec x\u1ea3y ra n\u1ebfu t\u00f4i kh\u00f4ng r\u00fat ti\u1ec1n ki\u1ebfm \u0111\u01b0\u1ee3c?<\/strong><br \/>N\u1ebfu b\u1ea1n ch\u1ecdn kh\u00f4ng r\u00fat ti\u1ec1n, s\u1ed1 d\u01b0 c\u1ee7a b\u1ea1n s\u1ebd ti\u1ebfp t\u1ee5c t\u0103ng trong h\u1ec7 th\u1ed1ng cho \u0111\u1ebfn khi b\u1ea1n quy\u1ebft \u0111\u1ecbnh y\u00eau c\u1ea7u r\u00fat ti\u1ec1n.<\/p><p><strong>8. T\u00f4i c\u00f3 th\u1ec3 m\u1ea5t quy\u1ec1n truy c\u1eadp v\u00e0o ch\u01b0\u01a1ng tr\u00ecnh li\u00ean k\u1ebft kh\u00f4ng?<\/strong><br \/>C\u00f3. B\u1ea5t k\u1ef3 ho\u1ea1t \u0111\u1ed9ng spam ho\u1eb7c chia s\u1ebb li\u00ean k\u1ebft n\u00e0o tr\u00ean c\u00e1c n\u1ec1n t\u1ea3ng kh\u00f4ng ph\u00f9 h\u1ee3p \u0111\u1ec1u c\u00f3 th\u1ec3 d\u1eabn \u0111\u1ebfn vi\u1ec7c c\u1ea5m t\u00e0i kho\u1ea3n. Vui l\u00f2ng l\u00e0m theo h\u01b0\u1edbng d\u1eabn \u0111\u1ec3 duy tr\u00ec tr\u1ea1ng th\u00e1i li\u00ean k\u1ebft c\u1ee7a b\u1ea1n.<\/p><hr \/><p>N\u1ebfu b\u1ea1n c\u00f3 b\u1ea5t k\u1ef3 c\u00e2u h\u1ecfi ho\u1eb7c c\u1ea7n h\u1ed7 tr\u1ee3, vui l\u00f2ng li\u00ean h\u1ec7 v\u1edbi ch\u00fang t\u00f4i t\u1ea1i <span style=\"color: #009fe3;\"><em><a style=\"color: #009fe3;\" href=\"mailto:affiliate@tiketvisa.com\">affiliate@tiketvisa.com<\/a><\/em><\/span> ho\u1eb7c Instagram <span style=\"color: #009fe3;\"><a style=\"color: #009fe3;\" href=\"https:\/\/instagram.com\/tiketvisa\" target=\"_blank\" rel=\"noopener\">@tiketvisa<\/a><\/span> . Ch\u00fang t\u00f4i \u1edf \u0111\u00e2y \u0111\u1ec3 gi\u00fap b\u1ea1n th\u00e0nh c\u00f4ng.<\/p>\t\t\t\t\t\t\t\t<\/div>\n\t\t\t\t<\/div>\n\t\t\t\t<\/div>\n\t\t\t\t\t<\/div>\n\t\t\t\t<\/div>\n\t\t\t\t<\/div>","protected":false},"excerpt":{"rendered":"<p>Frequently Asked Questions 1. What is TiketVisa? TiketVisa provides a service which delivers flight reservations &amp; hotel bookings. All flight bookings made by a registered travel agency that come with a PNR (Passenger Name Record) Code which is verifiable on major airline\u2019s websites. 2. Why shoud I use TiketVisa? \u2013 Fast: Receive a valid flight [&hellip;]<\/p>\n","protected":false},"author":1,"featured_media":0,"parent":0,"menu_order":0,"comment_status":"closed","ping_status":"closed","template":"","meta":{"footnotes":""},"class_list":["post-238","page","type-page","status-publish","hentry"],"_links":{"self":[{"href":"https:\/\/tiketvisa.com\/vi\/wp-json\/wp\/v2\/pages\/238","targetHints":{"allow":["GET"]}}],"collection":[{"href":"https:\/\/tiketvisa.com\/vi\/wp-json\/wp\/v2\/pages"}],"about":[{"href":"https:\/\/tiketvisa.com\/vi\/wp-json\/wp\/v2\/types\/page"}],"author":[{"embeddable":true,"href":"https:\/\/tiketvisa.com\/vi\/wp-json\/wp\/v2\/users\/1"}],"replies":[{"embeddable":true,"href":"https:\/\/tiketvisa.com\/vi\/wp-json\/wp\/v2\/comments?post=238"}],"version-history":[{"count":0,"href":"https:\/\/tiketvisa.com\/vi\/wp-json\/wp\/v2\/pages\/238\/revisions"}],"wp:attachment":[{"href":"https:\/\/tiketvisa.com\/vi\/wp-json\/wp\/v2\/media?parent=238"}],"curies":[{"name":"wp","href":"https:\/\/api.w.org\/{rel}","templated":true}]}}